{"id":1007,"date":"2020-09-10T07:52:47","date_gmt":"2020-09-10T07:52:47","guid":{"rendered":"https:\/\/membrasin.be\/?page_id=1007"},"modified":"2024-04-08T10:13:25","modified_gmt":"2024-04-08T10:13:25","slug":"avec-omega-3","status":"publish","type":"page","link":"https:\/\/membrasin.be\/fr\/baie-dargousier\/avec-omega-3\/","title":{"rendered":"Baies d&rsquo;argousier avec om\u00e9ga 3, 6, 7 et 9"},"content":{"rendered":"<div class=\"wpb-content-wrapper\"><p>[vc_row css=\u00a0\u00bb.vc_custom_1599731024229{padding-bottom: 30px !important;}\u00a0\u00bb el_class=\u00a0\u00bbblog\u00a0\u00bb][vc_column][vc_custom_heading text=\u00a0\u00bbBaies d&rsquo;argousier avec om\u00e9ga 3, 6, 7 et 9&Prime; font_container=\u00a0\u00bbtag:h1|text_align:left|color:%23f4c3a2&Prime; use_theme_fonts=\u00a0\u00bbyes\u00a0\u00bb el_class=\u00a0\u00bbfont-h2&Prime;][vc_column_text]En plus des om\u00e9ga\u00a07, Membrasin\u00ae Huile de baies d\u2019argousier contient \u00e9galement des acides gras om\u00e9ga\u00a03,\u00a06 et 9. Quelle est concr\u00e8tement la diff\u00e9rence entre ces acides gras\u00a0?<\/p>\n<p>Membrasin\u00ae Huile de baies d\u2019argousier contient des acides gras insatur\u00e9s om\u00e9ga\u00a03,\u00a06,\u00a09 et om\u00e9ga\u00a07. Vous trouverez ci-dessous des explications suppl\u00e9mentaires sur les baies d\u2019argousier et les om\u00e9ga\u00a03, 6, 7 et 9 qu\u2019elles contiennent.[\/vc_column_text][\/vc_column][\/vc_row][vc_row full_width=\u00a0\u00bbstretch_row\u00a0\u00bb el_class=\u00a0\u00bbbanner_8990&Prime; css=\u00a0\u00bb.vc_custom_1598022095473{background-image: url(https:\/\/membrasin.be\/wp-content\/uploads\/2020\/08\/membrasin-duindoornbes-bij-droge-huid-quote-1.jpg?id=744) !important;}\u00a0\u00bb][vc_column][vc_row_inner][vc_column_inner width=\u00a0\u00bb1\/2&Prime;][vc_custom_heading text=\u00a0\u00bbMembrasin\u00ae Huile de baies d\u2019argousier contient des acides gras insatur\u00e9s<br \/>\nom\u00e9ga 3, 6, 9 et om\u00e9ga 7.\u00a0\u00bb font_container=\u00a0\u00bbtag:h2|text_align:left|color:%23ffffff\u00a0\u00bb use_theme_fonts=\u00a0\u00bbyes\u00a0\u00bb][\/vc_column_inner][vc_column_inner width=\u00a0\u00bb1\/2&Prime;][\/vc_column_inner][\/vc_row_inner][\/vc_column][\/vc_row][vc_row css=\u00a0\u00bb.vc_custom_1594360026607{padding-top: 50px !important;padding-bottom: 50px !important;}\u00a0\u00bb el_class=\u00a0\u00bbblog\u00a0\u00bb][vc_column][vc_row_inner][vc_column_inner el_class=\u00a0\u00bbwat-zijn-omega-padding\u00a0\u00bb][vc_custom_heading text=\u00a0\u00bbQue sont les acides gras om\u00e9ga ?\u00a0\u00bb font_container=\u00a0\u00bbtag:h2|text_align:left|color:%23458a2d\u00a0\u00bb use_theme_fonts=\u00a0\u00bbyes\u00a0\u00bb el_class=\u00a0\u00bbfont-green\u00a0\u00bb][vc_column_text el_class=\u00a0\u00bbbaies-text\u00a0\u00bb]Les acides gras om\u00e9ga sont des graisses insatur\u00e9es (essentielles). Autrement dit, ils sont indispensables \u00e0 votre organisme (et interviennent dans divers processus), qui ne peut pas les fabriquer lui-m\u00eame. Vous pouvez trouver ces acides gras dans votre alimentation.<\/p>\n<ul>\n<li>Acides gras <strong>om\u00e9ga\u00a03<\/strong>\u00a0: des acides gras polyinsatur\u00e9s que l\u2019on trouve dans les poissons gras, les noix, les graines de lin et les graines de chia.<\/li>\n<li>Acides gras <strong>om\u00e9ga\u00a06<\/strong>\u00a0: des acides gras polyinsatur\u00e9s qui se trouvent principalement dans l\u2019huile de tournesol, l\u2019huile de carthame, l\u2019huile de soja et la margarine.<\/li>\n<li>Acides gras <strong>om\u00e9ga\u00a09<\/strong>\u00a0: acides gras mono-insatur\u00e9s, principalement fabriqu\u00e9s par l\u2019organisme. Mais on en trouve aussi dans les olives, les noix et les avocats.<\/li>\n<\/ul>\n<p>[\/vc_column_text][vc_custom_heading text=\u00a0\u00bbHuile de baies d\u2019argousier et om\u00e9ga 7&Prime; font_container=\u00a0\u00bbtag:h2|text_align:left|color:%23458a2d\u00a0\u00bb use_theme_fonts=\u00a0\u00bbyes\u00a0\u00bb el_class=\u00a0\u00bbfont-green\u00a0\u00bb][vc_column_text]L\u2019om\u00e9ga\u00a07 est un acide gras v\u00e9g\u00e9tal insatur\u00e9 que l\u2019on trouve dans les noix et les baies d\u2019argousier. Cet acide gras est encore assez m\u00e9connu. La baie d\u2019argousier est l\u2019un des rares fruits qui contiennent naturellement des om\u00e9ga\u00a07.[\/vc_column_text][vc_custom_heading text=\u00a0\u00bbL\u2019huile de baies d\u2019argousier pour lutter contre la s\u00e9cheresse oculaire, cutan\u00e9e et des muqueuses\u00a0\u00bb font_container=\u00a0\u00bbtag:h2|text_align:left|color:%23458a2d\u00a0\u00bb use_theme_fonts=\u00a0\u00bbyes\u00a0\u00bb el_class=\u00a0\u00bbfont-green\u00a0\u00bb][vc_column_text]L\u2019huile de baies d\u2019argousier contribue \u00e0 lutter contre <a href=\"https:\/\/membrasin.be\/fr\/peau-seche\/\">la s\u00e9cheresse cutan\u00e9e<\/a> et <a href=\"https:\/\/membrasin.be\/fr\/muqueuses-seches\/\">des muqueuses<\/a> (caus\u00e9e, entre autres, par <a href=\"https:\/\/membrasin.be\/fr\/muqueuses-seches\/premenopause\/\">la pr\u00e9m\u00e9nopause<\/a>). Par exemple, elle est utile pour apaiser la s\u00e9cheresse oculaire, buccale et de la s\u00e9cheresse cutan\u00e9e li\u00e9e au vieillissement.[\/vc_column_text][\/vc_column_inner][\/vc_row_inner][\/vc_column][\/vc_row][vc_row full_width=\u00a0\u00bbstretch_row\u00a0\u00bb css=\u00a0\u00bb.vc_custom_1594371807266{padding-top: 50px !important;padding-bottom: 0px !important;background-color: #f8f8f8 !important;}\u00a0\u00bb][vc_column][vc_row_inner][vc_column_inner width=\u00a0\u00bb7\/12&Prime;][vc_custom_heading text=\u00a0\u00bbMembrasin vous int\u00e9resse ?\u00a0\u00bb font_container=\u00a0\u00bbtag:h2|text_align:left|color:%23458a2d\u00a0\u00bb use_theme_fonts=\u00a0\u00bbyes\u00a0\u00bb el_class=\u00a0\u00bbfont-h2&Prime;][\/vc_column_inner][vc_column_inner width=\u00a0\u00bb5\/12&Prime;][vc_btn title=\u00a0\u00bbConsultez nos produits!\u00a0\u00bb link=\u00a0\u00bburl:https%3A%2F%2Fmembrasin.be%2Ffr%2Fshop%2F|title:Shop||\u00a0\u00bb el_class=\u00a0\u00bbgreen_btn\u00a0\u00bb][\/vc_column_inner][\/vc_row_inner][\/vc_column][\/vc_row]<\/p>\n<\/div>","protected":false},"excerpt":{"rendered":"<p>[vc_row css=\u00a0\u00bb.vc_custom_1599731024229{padding-bottom: 30px !important;}\u00a0\u00bb el_class=\u00a0\u00bbblog\u00a0\u00bb][vc_column][vc_custom_heading text=\u00a0\u00bbBaies d&rsquo;argousier avec om\u00e9ga 3, 6, 7 et 9&Prime; font_container=\u00a0\u00bbtag:h1|text_align:left|color:%23f4c3a2&Prime; use_theme_fonts=\u00a0\u00bbyes\u00a0\u00bb el_class=\u00a0\u00bbfont-h2&Prime;][vc_column_text]En plus des om\u00e9ga\u00a07, Membrasin\u00ae Huile de baies d\u2019argousier contient<span class=\"excerpt-hellip\"> [\u2026]<\/span><\/p>\n","protected":false},"author":5,"featured_media":0,"parent":280,"menu_order":0,"comment_status":"closed","ping_status":"closed","template":"","meta":{"inline_featured_image":false,"footnotes":""},"class_list":["post-1007","page","type-page","status-publish","hentry"],"yoast_head":"<!-- This site is optimized with the Yoast SEO plugin v26.3 - https:\/\/yoast.com\/wordpress\/plugins\/seo\/ -->\n<title>Baies d&#039;argousier avec om\u00e9ga 3, 6, 7 et 9 - Membrasin<\/title>\n<meta name=\"description\" content=\"En plus des om\u00e9ga\u00a07, Membrasin\u00ae Huile de baies d\u2019argousier contient \u00e9galement om\u00e9ga\u00a03,\u00a06 et 9. Quelle est concr\u00e8tement la diff\u00e9rence entre ces acides gras\u00a0?\" \/>\n<meta name=\"robots\" content=\"index, follow, max-snippet:-1, max-image-preview:large, max-video-preview:-1\" \/>\n<link rel=\"canonical\" href=\"https:\/\/membrasin.be\/nl\/duindoornbes\/duindoornbes-met-omega-3\/\" \/>\n<meta property=\"og:locale\" content=\"fr_FR\" \/>\n<meta property=\"og:type\" content=\"article\" \/>\n<meta property=\"og:title\" content=\"Baies d&#039;argousier avec om\u00e9ga 3, 6, 7 et 9 - Membrasin\" \/>\n<meta property=\"og:description\" content=\"En plus des om\u00e9ga\u00a07, Membrasin\u00ae Huile de baies d\u2019argousier contient \u00e9galement om\u00e9ga\u00a03,\u00a06 et 9. Quelle est concr\u00e8tement la diff\u00e9rence entre ces acides gras\u00a0?\" \/>\n<meta property=\"og:url\" content=\"https:\/\/membrasin.be\/nl\/duindoornbes\/duindoornbes-met-omega-3\/\" \/>\n<meta property=\"og:site_name\" content=\"Membrasin\" \/>\n<meta property=\"article:publisher\" content=\"https:\/\/www.facebook.com\/MembrasinBE\" \/>\n<meta property=\"article:modified_time\" content=\"2024-04-08T10:13:25+00:00\" \/>\n<meta name=\"twitter:card\" content=\"summary_large_image\" \/>\n<meta name=\"twitter:label1\" content=\"Dur\u00e9e de lecture estim\u00e9e\" \/>\n\t<meta name=\"twitter:data1\" content=\"3 minutes\" \/>\n<script type=\"application\/ld+json\" class=\"yoast-schema-graph\">{\"@context\":\"https:\/\/schema.org\",\"@graph\":[{\"@type\":\"WebPage\",\"@id\":\"https:\/\/membrasin.be\/nl\/duindoornbes\/duindoornbes-met-omega-3\/\",\"url\":\"https:\/\/membrasin.be\/nl\/duindoornbes\/duindoornbes-met-omega-3\/\",\"name\":\"Baies d'argousier avec om\u00e9ga 3, 6, 7 et 9 - Membrasin\",\"isPartOf\":{\"@id\":\"https:\/\/membrasin.be\/nl\/#website\"},\"datePublished\":\"2020-09-10T07:52:47+00:00\",\"dateModified\":\"2024-04-08T10:13:25+00:00\",\"description\":\"En plus des om\u00e9ga\u00a07, Membrasin\u00ae Huile de baies d\u2019argousier contient \u00e9galement om\u00e9ga\u00a03,\u00a06 et 9. Quelle est concr\u00e8tement la diff\u00e9rence entre ces acides gras\u00a0?\",\"breadcrumb\":{\"@id\":\"https:\/\/membrasin.be\/nl\/duindoornbes\/duindoornbes-met-omega-3\/#breadcrumb\"},\"inLanguage\":\"fr-FR\",\"potentialAction\":[{\"@type\":\"ReadAction\",\"target\":[\"https:\/\/membrasin.be\/nl\/duindoornbes\/duindoornbes-met-omega-3\/\"]}]},{\"@type\":\"BreadcrumbList\",\"@id\":\"https:\/\/membrasin.be\/nl\/duindoornbes\/duindoornbes-met-omega-3\/#breadcrumb\",\"itemListElement\":[{\"@type\":\"ListItem\",\"position\":1,\"name\":\"Home\",\"item\":\"https:\/\/membrasin.be\/fr\/\"},{\"@type\":\"ListItem\",\"position\":2,\"name\":\"La baie d\u2019argousier\",\"item\":\"https:\/\/membrasin.be\/nl\/duindoornbes\/\"},{\"@type\":\"ListItem\",\"position\":3,\"name\":\"Baies d&#8217;argousier avec om\u00e9ga 3, 6, 7 et 9\"}]},{\"@type\":\"WebSite\",\"@id\":\"https:\/\/membrasin.be\/nl\/#website\",\"url\":\"https:\/\/membrasin.be\/nl\/\",\"name\":\"Membrasin\",\"description\":\"\",\"publisher\":{\"@id\":\"https:\/\/membrasin.be\/nl\/#organization\"},\"potentialAction\":[{\"@type\":\"SearchAction\",\"target\":{\"@type\":\"EntryPoint\",\"urlTemplate\":\"https:\/\/membrasin.be\/nl\/?s={search_term_string}\"},\"query-input\":{\"@type\":\"PropertyValueSpecification\",\"valueRequired\":true,\"valueName\":\"search_term_string\"}}],\"inLanguage\":\"fr-FR\"},{\"@type\":\"Organization\",\"@id\":\"https:\/\/membrasin.be\/nl\/#organization\",\"name\":\"Membrasin\",\"url\":\"https:\/\/membrasin.be\/nl\/\",\"logo\":{\"@type\":\"ImageObject\",\"inLanguage\":\"fr-FR\",\"@id\":\"https:\/\/membrasin.be\/nl\/#\/schema\/logo\/image\/\",\"url\":\"https:\/\/membrasin.be\/wp-content\/uploads\/2020\/09\/cropped-membrasin-logo-fr.png\",\"contentUrl\":\"https:\/\/membrasin.be\/wp-content\/uploads\/2020\/09\/cropped-membrasin-logo-fr.png\",\"width\":258,\"height\":49,\"caption\":\"Membrasin\"},\"image\":{\"@id\":\"https:\/\/membrasin.be\/nl\/#\/schema\/logo\/image\/\"},\"sameAs\":[\"https:\/\/www.facebook.com\/MembrasinBE\",\"https:\/\/www.instagram.com\/membrasinbe\"]}]}<\/script>\n<!-- \/ Yoast SEO plugin. -->","yoast_head_json":{"title":"Baies d'argousier avec om\u00e9ga 3, 6, 7 et 9 - Membrasin","description":"En plus des om\u00e9ga\u00a07, Membrasin\u00ae Huile de baies d\u2019argousier contient \u00e9galement om\u00e9ga\u00a03,\u00a06 et 9. Quelle est concr\u00e8tement la diff\u00e9rence entre ces acides gras\u00a0?","robots":{"index":"index","follow":"follow","max-snippet":"max-snippet:-1","max-image-preview":"max-image-preview:large","max-video-preview":"max-video-preview:-1"},"canonical":"https:\/\/membrasin.be\/nl\/duindoornbes\/duindoornbes-met-omega-3\/","og_locale":"fr_FR","og_type":"article","og_title":"Baies d'argousier avec om\u00e9ga 3, 6, 7 et 9 - Membrasin","og_description":"En plus des om\u00e9ga\u00a07, Membrasin\u00ae Huile de baies d\u2019argousier contient \u00e9galement om\u00e9ga\u00a03,\u00a06 et 9. Quelle est concr\u00e8tement la diff\u00e9rence entre ces acides gras\u00a0?","og_url":"https:\/\/membrasin.be\/nl\/duindoornbes\/duindoornbes-met-omega-3\/","og_site_name":"Membrasin","article_publisher":"https:\/\/www.facebook.com\/MembrasinBE","article_modified_time":"2024-04-08T10:13:25+00:00","twitter_card":"summary_large_image","twitter_misc":{"Dur\u00e9e de lecture estim\u00e9e":"3 minutes"},"schema":{"@context":"https:\/\/schema.org","@graph":[{"@type":"WebPage","@id":"https:\/\/membrasin.be\/nl\/duindoornbes\/duindoornbes-met-omega-3\/","url":"https:\/\/membrasin.be\/nl\/duindoornbes\/duindoornbes-met-omega-3\/","name":"Baies d'argousier avec om\u00e9ga 3, 6, 7 et 9 - Membrasin","isPartOf":{"@id":"https:\/\/membrasin.be\/nl\/#website"},"datePublished":"2020-09-10T07:52:47+00:00","dateModified":"2024-04-08T10:13:25+00:00","description":"En plus des om\u00e9ga\u00a07, Membrasin\u00ae Huile de baies d\u2019argousier contient \u00e9galement om\u00e9ga\u00a03,\u00a06 et 9. Quelle est concr\u00e8tement la diff\u00e9rence entre ces acides gras\u00a0?","breadcrumb":{"@id":"https:\/\/membrasin.be\/nl\/duindoornbes\/duindoornbes-met-omega-3\/#breadcrumb"},"inLanguage":"fr-FR","potentialAction":[{"@type":"ReadAction","target":["https:\/\/membrasin.be\/nl\/duindoornbes\/duindoornbes-met-omega-3\/"]}]},{"@type":"BreadcrumbList","@id":"https:\/\/membrasin.be\/nl\/duindoornbes\/duindoornbes-met-omega-3\/#breadcrumb","itemListElement":[{"@type":"ListItem","position":1,"name":"Home","item":"https:\/\/membrasin.be\/fr\/"},{"@type":"ListItem","position":2,"name":"La baie d\u2019argousier","item":"https:\/\/membrasin.be\/nl\/duindoornbes\/"},{"@type":"ListItem","position":3,"name":"Baies d&#8217;argousier avec om\u00e9ga 3, 6, 7 et 9"}]},{"@type":"WebSite","@id":"https:\/\/membrasin.be\/nl\/#website","url":"https:\/\/membrasin.be\/nl\/","name":"Membrasin","description":"","publisher":{"@id":"https:\/\/membrasin.be\/nl\/#organization"},"potentialAction":[{"@type":"SearchAction","target":{"@type":"EntryPoint","urlTemplate":"https:\/\/membrasin.be\/nl\/?s={search_term_string}"},"query-input":{"@type":"PropertyValueSpecification","valueRequired":true,"valueName":"search_term_string"}}],"inLanguage":"fr-FR"},{"@type":"Organization","@id":"https:\/\/membrasin.be\/nl\/#organization","name":"Membrasin","url":"https:\/\/membrasin.be\/nl\/","logo":{"@type":"ImageObject","inLanguage":"fr-FR","@id":"https:\/\/membrasin.be\/nl\/#\/schema\/logo\/image\/","url":"https:\/\/membrasin.be\/wp-content\/uploads\/2020\/09\/cropped-membrasin-logo-fr.png","contentUrl":"https:\/\/membrasin.be\/wp-content\/uploads\/2020\/09\/cropped-membrasin-logo-fr.png","width":258,"height":49,"caption":"Membrasin"},"image":{"@id":"https:\/\/membrasin.be\/nl\/#\/schema\/logo\/image\/"},"sameAs":["https:\/\/www.facebook.com\/MembrasinBE","https:\/\/www.instagram.com\/membrasinbe"]}]}},"_links":{"self":[{"href":"https:\/\/membrasin.be\/fr\/wp-json\/wp\/v2\/pages\/1007","targetHints":{"allow":["GET"]}}],"collection":[{"href":"https:\/\/membrasin.be\/fr\/wp-json\/wp\/v2\/pages"}],"about":[{"href":"https:\/\/membrasin.be\/fr\/wp-json\/wp\/v2\/types\/page"}],"author":[{"embeddable":true,"href":"https:\/\/membrasin.be\/fr\/wp-json\/wp\/v2\/users\/5"}],"replies":[{"embeddable":true,"href":"https:\/\/membrasin.be\/fr\/wp-json\/wp\/v2\/comments?post=1007"}],"version-history":[{"count":21,"href":"https:\/\/membrasin.be\/fr\/wp-json\/wp\/v2\/pages\/1007\/revisions"}],"predecessor-version":[{"id":4860,"href":"https:\/\/membrasin.be\/fr\/wp-json\/wp\/v2\/pages\/1007\/revisions\/4860"}],"up":[{"embeddable":true,"href":"https:\/\/membrasin.be\/fr\/wp-json\/wp\/v2\/pages\/280"}],"wp:attachment":[{"href":"https:\/\/membrasin.be\/fr\/wp-json\/wp\/v2\/media?parent=1007"}],"curies":[{"name":"wp","href":"https:\/\/api.w.org\/{rel}","templated":true}]}}