{"id":1013,"date":"2020-09-10T08:01:25","date_gmt":"2020-09-10T08:01:25","guid":{"rendered":"https:\/\/membrasin.be\/?page_id=1013"},"modified":"2024-09-30T09:33:17","modified_gmt":"2024-09-30T09:33:17","slug":"vitamine-a","status":"publish","type":"page","link":"https:\/\/membrasin.be\/fr\/baie-dargousier\/vitamine-a\/","title":{"rendered":"Vitamine A"},"content":{"rendered":"<div class=\"wpb-content-wrapper\"><p>[vc_row el_class=\u00a0\u00bbblog\u00a0\u00bb css=\u00a0\u00bb.vc_custom_1727688793925{margin-top: 50px !important;padding-bottom: 30px !important;}\u00a0\u00bb][vc_column][vc_custom_heading text=\u00a0\u00bbVitamine A\u00a0\u00bb font_container=\u00a0\u00bbtag:h1|text_align:left|color:%23f4c3a2&Prime; use_theme_fonts=\u00a0\u00bbyes\u00a0\u00bb el_class=\u00a0\u00bbfont-h2&Prime;][vc_column_text]L\u2019huile de baies d\u2019argousier contient des vitamines, dont la vitamine A. Cette vitamine est b\u00e9n\u00e9fique pour la vision et contribue \u00e0 maintenir une peau et des muqueuses saines. Mais est-elle toujours saine\u00a0?[\/vc_column_text][\/vc_column][\/vc_row][vc_row full_width=\u00a0\u00bbstretch_row\u00a0\u00bb el_class=\u00a0\u00bbbanner_8990&Prime; css=\u00a0\u00bb.vc_custom_1605208652970{background-image: url(https:\/\/membrasin.be\/wp-content\/uploads\/2020\/11\/vitamine-a-membrasin.jpg?id=1281) !important;}\u00a0\u00bb][vc_column][vc_row_inner][vc_column_inner width=\u00a0\u00bb1\/2&Prime;][\/vc_column_inner][vc_column_inner width=\u00a0\u00bb1\/2&Prime;][vc_custom_heading text=\u00a0\u00bbLa vitamine A est b\u00e9n\u00e9fique pour la vision et contribue \u00e0 maintenir une peau et des muqueuses saines.\u00a0\u00bb font_container=\u00a0\u00bbtag:h2|text_align:left|color:%23ffffff\u00a0\u00bb use_theme_fonts=\u00a0\u00bbyes\u00a0\u00bb][\/vc_column_inner][\/vc_row_inner][\/vc_column][\/vc_row][vc_row css=\u00a0\u00bb.vc_custom_1594360026607{padding-top: 50px !important;padding-bottom: 50px !important;}\u00a0\u00bb el_class=\u00a0\u00bbblog\u00a0\u00bb][vc_column][vc_row_inner][vc_column_inner][vc_custom_heading text=\u00a0\u00bbO\u00f9 trouve-t-on de la vitamine A ?\u00a0\u00bb font_container=\u00a0\u00bbtag:h2|text_align:left|color:%23458a2d\u00a0\u00bb use_theme_fonts=\u00a0\u00bbyes\u00a0\u00bb el_class=\u00a0\u00bbfont-green\u00a0\u00bb][vc_column_text]La vitamine\u00a0A est \u00e9galement appel\u00e9e <a href=\"https:\/\/www.dermalogica.be\/fr\/conseils-pour-la-peau\/post\/questce-que-leretinol\/\" target=\"_blank\" rel=\"noopener noreferrer\">r\u00e9tinol<\/a> et se trouve principalement dans les produits d\u2019origine animale tels que la viande, le lait, le fromage, le poisson et les \u0153ufs. Cette vitamine est souvent ajout\u00e9e \u00e0 la margarine, \u00e0 la halvarine et aux produits de boulangerie et de torr\u00e9faction. Le foie contient \u00e9galement cette vitamine en grande quantit\u00e9. Cette vitamine est naturellement pr\u00e9sente dans l\u2019huile de baies d\u2019argousier. Pour les v\u00e9g\u00e9tariens en particulier, c\u2019est une bonne alternative aux produits d\u2019origine animale.[\/vc_column_text][vc_custom_heading text=\u00a0\u00bbProvitamine A\u00a0\u00bb font_container=\u00a0\u00bbtag:h2|text_align:left|color:%23458a2d\u00a0\u00bb use_theme_fonts=\u00a0\u00bbyes\u00a0\u00bb el_class=\u00a0\u00bbfont-green\u00a0\u00bb][vc_column_text]Notre corps peut produire lui-m\u00eame de la vitamine A \u00e0 partir de la provitamine A. On la trouve principalement dans les fruits et l\u00e9gumes contenant du b\u00eata-carot\u00e8ne comme les carottes, les mangues, les mandarines et les oranges. La vitamine A provenant de produits d\u2019origine animale est plus facilement absorb\u00e9e par l\u2019organisme. Afin d\u2019absorber au mieux la provitamine A des l\u00e9gumes et des fruits, il est pr\u00e9f\u00e9rable de la consommer avec des mati\u00e8res grasses telles que l\u2019huile d\u2019olive, qui est une vitamine liposoluble.[\/vc_column_text][vc_custom_heading text=\u00a0\u00bbUne vitamine b\u00e9n\u00e9fique pour la peau, les yeux et les muqueuses\u00a0\u00bb font_container=\u00a0\u00bbtag:h2|text_align:left|color:%23458a2d\u00a0\u00bb use_theme_fonts=\u00a0\u00bbyes\u00a0\u00bb el_class=\u00a0\u00bbfont-green\u00a0\u00bb][vc_column_text]La vitamine contribue \u00e0 l\u2019\u00e9quilibre hydrique des yeux, ainsi qu\u2019\u00e0 une vision normale. Elle pr\u00e9serve la bonne sant\u00e9 de l\u2019\u0153il et vous assure une bonne acuit\u00e9 visuelle dans l\u2019obscurit\u00e9.<\/p>\n<p>Elle contribue \u00e9galement \u00e0 pr\u00e9server la sant\u00e9 de la <a href=\"https:\/\/membrasin.be\/fr\/peau-seche\/\">peau<\/a> et des <a href=\"https:\/\/membrasin.be\/fr\/muqueuses-seches\/\">muqueuses<\/a> et nourrit la peau de l\u2019int\u00e9rieur. Elle assure aussi le bon fonctionnement du syst\u00e8me immunitaire.[\/vc_column_text][\/vc_column_inner][\/vc_row_inner][\/vc_column][\/vc_row][vc_row full_width=\u00a0\u00bbstretch_row\u00a0\u00bb css=\u00a0\u00bb.vc_custom_1599725063988{padding-top: 50px !important;padding-bottom: 0px !important;background-color: #f8f8f8 !important;}\u00a0\u00bb][vc_column][vc_row_inner][vc_column_inner width=\u00a0\u00bb7\/12&Prime;][vc_custom_heading text=\u00a0\u00bbMembrasin vous int\u00e9resse ?\u00a0\u00bb font_container=\u00a0\u00bbtag:h2|text_align:left|color:%23458a2d\u00a0\u00bb use_theme_fonts=\u00a0\u00bbyes\u00a0\u00bb el_class=\u00a0\u00bbfont-h2&Prime;][\/vc_column_inner][vc_column_inner width=\u00a0\u00bb5\/12&Prime;][vc_btn title=\u00a0\u00bbConsultez nos produits!\u00a0\u00bb link=\u00a0\u00bburl:https%3A%2F%2Fmembrasin.be%2Ffr%2Fshop%2F|title:Shop||\u00a0\u00bb el_class=\u00a0\u00bbgreen_btn\u00a0\u00bb][\/vc_column_inner][\/vc_row_inner][\/vc_column][\/vc_row]<\/p>\n<\/div>","protected":false},"excerpt":{"rendered":"<p>[vc_row el_class=\u00a0\u00bbblog\u00a0\u00bb css=\u00a0\u00bb.vc_custom_1727688793925{margin-top: 50px !important;padding-bottom: 30px !important;}\u00a0\u00bb][vc_column][vc_custom_heading text=\u00a0\u00bbVitamine A\u00a0\u00bb font_container=\u00a0\u00bbtag:h1|text_align:left|color:%23f4c3a2&Prime; use_theme_fonts=\u00a0\u00bbyes\u00a0\u00bb el_class=\u00a0\u00bbfont-h2&Prime;][vc_column_text]L\u2019huile de baies d\u2019argousier contient des vitamines, dont la vitamine A. Cette vitamine est b\u00e9n\u00e9fique<span class=\"excerpt-hellip\"> [\u2026]<\/span><\/p>\n","protected":false},"author":5,"featured_media":0,"parent":280,"menu_order":0,"comment_status":"closed","ping_status":"closed","template":"","meta":{"inline_featured_image":false,"footnotes":""},"class_list":["post-1013","page","type-page","status-publish","hentry"],"yoast_head":"<!-- This site is optimized with the Yoast SEO plugin v26.3 - https:\/\/yoast.com\/wordpress\/plugins\/seo\/ -->\n<title>Vitamine A dans baies d\u2019argousier - Membrasin compl\u00e9ment alimentaire<\/title>\n<meta name=\"description\" content=\"L\u2019huile de baies d\u2019argousier contient vitamine A. Cette vitamine contribue \u00e0 maintenir une peau et des muqueuses saines. Mais est-elle toujours saine\u00a0?\" \/>\n<meta name=\"robots\" content=\"index, follow, max-snippet:-1, max-image-preview:large, max-video-preview:-1\" \/>\n<link rel=\"canonical\" href=\"https:\/\/membrasin.be\/fr\/baie-dargousier\/vitamine-a\/\" \/>\n<meta property=\"og:locale\" content=\"fr_FR\" \/>\n<meta property=\"og:type\" content=\"article\" \/>\n<meta property=\"og:title\" content=\"Vitamine A dans baies d\u2019argousier - Membrasin compl\u00e9ment alimentaire\" \/>\n<meta property=\"og:description\" content=\"L\u2019huile de baies d\u2019argousier contient vitamine A. Cette vitamine contribue \u00e0 maintenir une peau et des muqueuses saines. Mais est-elle toujours saine\u00a0?\" \/>\n<meta property=\"og:url\" content=\"https:\/\/membrasin.be\/fr\/baie-dargousier\/vitamine-a\/\" \/>\n<meta property=\"og:site_name\" content=\"Membrasin\" \/>\n<meta property=\"article:publisher\" content=\"https:\/\/www.facebook.com\/MembrasinBE\" \/>\n<meta property=\"article:modified_time\" content=\"2024-09-30T09:33:17+00:00\" \/>\n<meta name=\"twitter:card\" content=\"summary_large_image\" \/>\n<meta name=\"twitter:label1\" content=\"Dur\u00e9e de lecture estim\u00e9e\" \/>\n\t<meta name=\"twitter:data1\" content=\"2 minutes\" \/>\n<script type=\"application\/ld+json\" class=\"yoast-schema-graph\">{\"@context\":\"https:\/\/schema.org\",\"@graph\":[{\"@type\":\"WebPage\",\"@id\":\"https:\/\/membrasin.be\/fr\/baie-dargousier\/vitamine-a\/\",\"url\":\"https:\/\/membrasin.be\/fr\/baie-dargousier\/vitamine-a\/\",\"name\":\"Vitamine A dans baies d\u2019argousier - Membrasin compl\u00e9ment alimentaire\",\"isPartOf\":{\"@id\":\"https:\/\/membrasin.be\/nl\/#website\"},\"datePublished\":\"2020-09-10T08:01:25+00:00\",\"dateModified\":\"2024-09-30T09:33:17+00:00\",\"description\":\"L\u2019huile de baies d\u2019argousier contient vitamine A. Cette vitamine contribue \u00e0 maintenir une peau et des muqueuses saines. Mais est-elle toujours saine\u00a0?\",\"breadcrumb\":{\"@id\":\"https:\/\/membrasin.be\/fr\/baie-dargousier\/vitamine-a\/#breadcrumb\"},\"inLanguage\":\"fr-FR\",\"potentialAction\":[{\"@type\":\"ReadAction\",\"target\":[\"https:\/\/membrasin.be\/fr\/baie-dargousier\/vitamine-a\/\"]}]},{\"@type\":\"BreadcrumbList\",\"@id\":\"https:\/\/membrasin.be\/fr\/baie-dargousier\/vitamine-a\/#breadcrumb\",\"itemListElement\":[{\"@type\":\"ListItem\",\"position\":1,\"name\":\"Home\",\"item\":\"https:\/\/membrasin.be\/fr\/\"},{\"@type\":\"ListItem\",\"position\":2,\"name\":\"La baie d\u2019argousier\",\"item\":\"https:\/\/membrasin.be\/nl\/duindoornbes\/\"},{\"@type\":\"ListItem\",\"position\":3,\"name\":\"Vitamine A\"}]},{\"@type\":\"WebSite\",\"@id\":\"https:\/\/membrasin.be\/nl\/#website\",\"url\":\"https:\/\/membrasin.be\/nl\/\",\"name\":\"Membrasin\",\"description\":\"\",\"publisher\":{\"@id\":\"https:\/\/membrasin.be\/nl\/#organization\"},\"potentialAction\":[{\"@type\":\"SearchAction\",\"target\":{\"@type\":\"EntryPoint\",\"urlTemplate\":\"https:\/\/membrasin.be\/nl\/?s={search_term_string}\"},\"query-input\":{\"@type\":\"PropertyValueSpecification\",\"valueRequired\":true,\"valueName\":\"search_term_string\"}}],\"inLanguage\":\"fr-FR\"},{\"@type\":\"Organization\",\"@id\":\"https:\/\/membrasin.be\/nl\/#organization\",\"name\":\"Membrasin\",\"url\":\"https:\/\/membrasin.be\/nl\/\",\"logo\":{\"@type\":\"ImageObject\",\"inLanguage\":\"fr-FR\",\"@id\":\"https:\/\/membrasin.be\/nl\/#\/schema\/logo\/image\/\",\"url\":\"https:\/\/membrasin.be\/wp-content\/uploads\/2020\/09\/cropped-membrasin-logo-fr.png\",\"contentUrl\":\"https:\/\/membrasin.be\/wp-content\/uploads\/2020\/09\/cropped-membrasin-logo-fr.png\",\"width\":258,\"height\":49,\"caption\":\"Membrasin\"},\"image\":{\"@id\":\"https:\/\/membrasin.be\/nl\/#\/schema\/logo\/image\/\"},\"sameAs\":[\"https:\/\/www.facebook.com\/MembrasinBE\",\"https:\/\/www.instagram.com\/membrasinbe\"]}]}<\/script>\n<!-- \/ Yoast SEO plugin. -->","yoast_head_json":{"title":"Vitamine A dans baies d\u2019argousier - Membrasin compl\u00e9ment alimentaire","description":"L\u2019huile de baies d\u2019argousier contient vitamine A. Cette vitamine contribue \u00e0 maintenir une peau et des muqueuses saines. Mais est-elle toujours saine\u00a0?","robots":{"index":"index","follow":"follow","max-snippet":"max-snippet:-1","max-image-preview":"max-image-preview:large","max-video-preview":"max-video-preview:-1"},"canonical":"https:\/\/membrasin.be\/fr\/baie-dargousier\/vitamine-a\/","og_locale":"fr_FR","og_type":"article","og_title":"Vitamine A dans baies d\u2019argousier - Membrasin compl\u00e9ment alimentaire","og_description":"L\u2019huile de baies d\u2019argousier contient vitamine A. Cette vitamine contribue \u00e0 maintenir une peau et des muqueuses saines. Mais est-elle toujours saine\u00a0?","og_url":"https:\/\/membrasin.be\/fr\/baie-dargousier\/vitamine-a\/","og_site_name":"Membrasin","article_publisher":"https:\/\/www.facebook.com\/MembrasinBE","article_modified_time":"2024-09-30T09:33:17+00:00","twitter_card":"summary_large_image","twitter_misc":{"Dur\u00e9e de lecture estim\u00e9e":"2 minutes"},"schema":{"@context":"https:\/\/schema.org","@graph":[{"@type":"WebPage","@id":"https:\/\/membrasin.be\/fr\/baie-dargousier\/vitamine-a\/","url":"https:\/\/membrasin.be\/fr\/baie-dargousier\/vitamine-a\/","name":"Vitamine A dans baies d\u2019argousier - Membrasin compl\u00e9ment alimentaire","isPartOf":{"@id":"https:\/\/membrasin.be\/nl\/#website"},"datePublished":"2020-09-10T08:01:25+00:00","dateModified":"2024-09-30T09:33:17+00:00","description":"L\u2019huile de baies d\u2019argousier contient vitamine A. Cette vitamine contribue \u00e0 maintenir une peau et des muqueuses saines. Mais est-elle toujours saine\u00a0?","breadcrumb":{"@id":"https:\/\/membrasin.be\/fr\/baie-dargousier\/vitamine-a\/#breadcrumb"},"inLanguage":"fr-FR","potentialAction":[{"@type":"ReadAction","target":["https:\/\/membrasin.be\/fr\/baie-dargousier\/vitamine-a\/"]}]},{"@type":"BreadcrumbList","@id":"https:\/\/membrasin.be\/fr\/baie-dargousier\/vitamine-a\/#breadcrumb","itemListElement":[{"@type":"ListItem","position":1,"name":"Home","item":"https:\/\/membrasin.be\/fr\/"},{"@type":"ListItem","position":2,"name":"La baie d\u2019argousier","item":"https:\/\/membrasin.be\/nl\/duindoornbes\/"},{"@type":"ListItem","position":3,"name":"Vitamine A"}]},{"@type":"WebSite","@id":"https:\/\/membrasin.be\/nl\/#website","url":"https:\/\/membrasin.be\/nl\/","name":"Membrasin","description":"","publisher":{"@id":"https:\/\/membrasin.be\/nl\/#organization"},"potentialAction":[{"@type":"SearchAction","target":{"@type":"EntryPoint","urlTemplate":"https:\/\/membrasin.be\/nl\/?s={search_term_string}"},"query-input":{"@type":"PropertyValueSpecification","valueRequired":true,"valueName":"search_term_string"}}],"inLanguage":"fr-FR"},{"@type":"Organization","@id":"https:\/\/membrasin.be\/nl\/#organization","name":"Membrasin","url":"https:\/\/membrasin.be\/nl\/","logo":{"@type":"ImageObject","inLanguage":"fr-FR","@id":"https:\/\/membrasin.be\/nl\/#\/schema\/logo\/image\/","url":"https:\/\/membrasin.be\/wp-content\/uploads\/2020\/09\/cropped-membrasin-logo-fr.png","contentUrl":"https:\/\/membrasin.be\/wp-content\/uploads\/2020\/09\/cropped-membrasin-logo-fr.png","width":258,"height":49,"caption":"Membrasin"},"image":{"@id":"https:\/\/membrasin.be\/nl\/#\/schema\/logo\/image\/"},"sameAs":["https:\/\/www.facebook.com\/MembrasinBE","https:\/\/www.instagram.com\/membrasinbe"]}]}},"_links":{"self":[{"href":"https:\/\/membrasin.be\/fr\/wp-json\/wp\/v2\/pages\/1013","targetHints":{"allow":["GET"]}}],"collection":[{"href":"https:\/\/membrasin.be\/fr\/wp-json\/wp\/v2\/pages"}],"about":[{"href":"https:\/\/membrasin.be\/fr\/wp-json\/wp\/v2\/types\/page"}],"author":[{"embeddable":true,"href":"https:\/\/membrasin.be\/fr\/wp-json\/wp\/v2\/users\/5"}],"replies":[{"embeddable":true,"href":"https:\/\/membrasin.be\/fr\/wp-json\/wp\/v2\/comments?post=1013"}],"version-history":[{"count":24,"href":"https:\/\/membrasin.be\/fr\/wp-json\/wp\/v2\/pages\/1013\/revisions"}],"predecessor-version":[{"id":5508,"href":"https:\/\/membrasin.be\/fr\/wp-json\/wp\/v2\/pages\/1013\/revisions\/5508"}],"up":[{"embeddable":true,"href":"https:\/\/membrasin.be\/fr\/wp-json\/wp\/v2\/pages\/280"}],"wp:attachment":[{"href":"https:\/\/membrasin.be\/fr\/wp-json\/wp\/v2\/media?parent=1013"}],"curies":[{"name":"wp","href":"https:\/\/api.w.org\/{rel}","templated":true}]}}