{"id":1023,"date":"2020-09-10T08:09:57","date_gmt":"2020-09-10T08:09:57","guid":{"rendered":"https:\/\/membrasin.be\/?page_id=1023"},"modified":"2024-09-30T09:33:29","modified_gmt":"2024-09-30T09:33:29","slug":"saviez-vous","status":"publish","type":"page","link":"https:\/\/membrasin.be\/fr\/baie-dargousier\/saviez-vous\/","title":{"rendered":"La baie d&rsquo;argousier : le saviez-vous ?"},"content":{"rendered":"<div class=\"wpb-content-wrapper\"><p>[vc_row el_class=\u00a0\u00bbblog\u00a0\u00bb css=\u00a0\u00bb.vc_custom_1727688804733{margin-top: 50px !important;}\u00a0\u00bb][vc_column][vc_custom_heading text=\u00a0\u00bbLa baie d&rsquo;argousier: le saviez-vous ?\u00a0\u00bb font_container=\u00a0\u00bbtag:h1|text_align:left|color:%23f4c3a2&Prime; use_theme_fonts=\u00a0\u00bbyes\u00a0\u00bb el_class=\u00a0\u00bbfont-h2&Prime;][vc_column_text]En d\u00e9pit du go\u00fbt aigre de ses baies et de ses branches piquantes, la baie d\u2019argousier (Hippophae rhamnoides) est une baie tr\u00e8s particuli\u00e8re et puissante.\u00a0La <a href=\"https:\/\/membrasin.be\/fr\/baie-dargousier\/\">baie d&rsquo;argousier<\/a>: le saviez-vous ?[\/vc_column_text][\/vc_column][\/vc_row][vc_row full_width=\u00a0\u00bbstretch_row\u00a0\u00bb el_class=\u00a0\u00bbbanner_8990&Prime; css=\u00a0\u00bb.vc_custom_1605207029194{background-image: url(https:\/\/membrasin.be\/wp-content\/uploads\/2020\/08\/membrasin-duindoornbesjam-quote.jpg?id=752) !important;}\u00a0\u00bb][vc_column][vc_row_inner][vc_column_inner width=\u00a0\u00bb1\/2&Prime;][\/vc_column_inner][vc_column_inner width=\u00a0\u00bb1\/2&Prime;][vc_custom_heading text=\u00a0\u00bbEn d\u00e9pit du go\u00fbt aigre de ses baies et de ses branches piquantes, la baie d\u2019argousier est une baie tr\u00e8s particuli\u00e8re et puissante.\u00a0\u00bb font_container=\u00a0\u00bbtag:h2|text_align:left|color:%23ffffff\u00a0\u00bb use_theme_fonts=\u00a0\u00bbyes\u00a0\u00bb][\/vc_column_inner][\/vc_row_inner][\/vc_column][\/vc_row][vc_row css=\u00a0\u00bb.vc_custom_1599562312665{padding-top: 50px !important;padding-bottom: 50px !important;}\u00a0\u00bb el_class=\u00a0\u00bbblog droge-huidtips\u00a0\u00bb][vc_column el_class=\u00a0\u00bbpt-mobile-0&Prime;][vc_row_inner][vc_column_inner][vc_custom_heading text=\u00a0\u00bbL\u2019argousier pousse en Belgique\u00a0\u00bb font_container=\u00a0\u00bbtag:h2|text_align:left|color:%23458a2d\u00a0\u00bb use_theme_fonts=\u00a0\u00bbyes\u00a0\u00bb el_class=\u00a0\u00bbfont-green\u00a0\u00bb][vc_column_text]L\u2019argousier est assez rare en Belgique, mais la baie d\u2019argousier est pr\u00e9sente dans la nature \u00e0 la c\u00f4te. Il se caract\u00e9rise par la pr\u00e9sence de nodosit\u00e9s fixatrices d\u2019azote sur ses racines. Cet azote fait office d\u2019engrais et l\u2019argousier en utilise une partie. Cependant, il en reste suffisamment pour permettre la croissance d\u2019autres plantes. Pr\u00e8s des argousiers, on voit souvent des sureaux, des orties et des m\u00fbriers. L\u2019argousier constitue donc un maillon important de l\u2019\u00e9cosyst\u00e8me des dunes. Les baies et les feuilles servent \u00e9galement de source de nourriture pour toutes sortes de plantes et d\u2019animaux.<\/p>\n<p>Il n\u2019est pas ais\u00e9 de cueillir une baie d\u2019argousier, car elle pousse sur des branches \u00e9pineuses. Un bon conseil consiste \u00e0 couper quelques branches de l\u2019arbuste et \u00e0 les congeler ensuite rapidement. Une fois que les branches sont compl\u00e8tement gel\u00e9es, vous pouvez facilement en extraire les baies d\u2019argousier. Un avantage suppl\u00e9mentaire\u00a0: toutes les propri\u00e9t\u00e9s b\u00e9n\u00e9fiques sont alors pr\u00e9serv\u00e9es.<\/p>\n<p>Membrasin\u00ae contient de l\u2019extrait d\u2019huile de baies d\u2019argousier SBA24\u00ae unique, pur et standardis\u00e9, exclusivement fabriqu\u00e9 \u00e0 partir des baies d\u2019argousier de la plus haute qualit\u00e9. Ces baies d\u2019argousier utilis\u00e9es dans les compl\u00e9ments alimentaires de Membrasin proviennent de Finlande.[\/vc_column_text][vc_custom_heading text=\u00a0\u00bbVous souhaitez tirer parti des baies d\u2019argousier ?\u00a0\u00bb font_container=\u00a0\u00bbtag:h2|text_align:left|color:%23458a2d\u00a0\u00bb use_theme_fonts=\u00a0\u00bbyes\u00a0\u00bb el_class=\u00a0\u00bbfont-green\u00a0\u00bb][vc_column_text]Les baies d\u2019argousier contiennent pas moins de sept fois plus de vitamine C que les oranges et les citrons. D\u2019ailleurs, leur go\u00fbt est au moins aussi aigre que celui du citron. Vous pouvez n\u00e9anmoins les utiliser pour faire de la confiture, du sirop et d\u2019autres plats sains.<\/p>\n<p>En raison de son go\u00fbt aigre, cette baie est une bonne alternative aux agrumes ou au vinaigre, elle est donc parfaite pour \u00eatre utilis\u00e9e dans une vinaigrette ou un assaisonnement (en pressant la chair du fruit). Si vous trouvez le jus de la baie d\u2019argousier trop acide, vous pouvez \u00e9galement en faire de l\u2019huile. L\u2019huile de la baie d\u2019argousier est obtenue en \u00e9crasant les graines (dans une passoire). Ce proc\u00e9d\u00e9 lib\u00e8re l\u2019huile, qui peut alors \u00eatre recueillie. L\u2019huile est plus douce que le jus.[\/vc_column_text][\/vc_column_inner][\/vc_row_inner][\/vc_column][\/vc_row][vc_row full_width=\u00a0\u00bbstretch_row\u00a0\u00bb css=\u00a0\u00bb.vc_custom_1594371807266{padding-top: 50px !important;padding-bottom: 0px !important;background-color: #f8f8f8 !important;}\u00a0\u00bb][vc_column][vc_row_inner][vc_column_inner width=\u00a0\u00bb7\/12&Prime;][vc_custom_heading text=\u00a0\u00bbMembrasin vous int\u00e9resse ?\u00a0\u00bb font_container=\u00a0\u00bbtag:h2|text_align:left|color:%23458a2d\u00a0\u00bb use_theme_fonts=\u00a0\u00bbyes\u00a0\u00bb el_class=\u00a0\u00bbfont-h2&Prime;][\/vc_column_inner][vc_column_inner width=\u00a0\u00bb5\/12&Prime;][vc_btn title=\u00a0\u00bbConsultez nos produits!\u00a0\u00bb link=\u00a0\u00bburl:https%3A%2F%2Fmembrasin.be%2Ffr%2Fshop%2F|title:Shop||\u00a0\u00bb el_class=\u00a0\u00bbgreen_btn\u00a0\u00bb][\/vc_column_inner][\/vc_row_inner][\/vc_column][\/vc_row]<\/p>\n<\/div>","protected":false},"excerpt":{"rendered":"<p>[vc_row el_class=\u00a0\u00bbblog\u00a0\u00bb css=\u00a0\u00bb.vc_custom_1727688804733{margin-top: 50px !important;}\u00a0\u00bb][vc_column][vc_custom_heading text=\u00a0\u00bbLa baie d&rsquo;argousier: le saviez-vous ?\u00a0\u00bb font_container=\u00a0\u00bbtag:h1|text_align:left|color:%23f4c3a2&Prime; use_theme_fonts=\u00a0\u00bbyes\u00a0\u00bb el_class=\u00a0\u00bbfont-h2&Prime;][vc_column_text]En d\u00e9pit du go\u00fbt aigre de ses baies et de ses branches piquantes,<span class=\"excerpt-hellip\"> [\u2026]<\/span><\/p>\n","protected":false},"author":5,"featured_media":0,"parent":280,"menu_order":0,"comment_status":"closed","ping_status":"closed","template":"","meta":{"inline_featured_image":false,"footnotes":""},"class_list":["post-1023","page","type-page","status-publish","hentry"],"yoast_head":"<!-- This site is optimized with the Yoast SEO plugin v26.3 - https:\/\/yoast.com\/wordpress\/plugins\/seo\/ -->\n<title>Baie d&#039;argousier : le saviez-vous ? Membrasin compl\u00e9ment alimentaire<\/title>\n<meta name=\"description\" content=\"En d\u00e9pit du go\u00fbt aigre de ses baies et de ses branches piquantes, la baie d\u2019argousier est une baie tr\u00e8s puissante. La baie d&#039;argousier: le saviez-vous ?\" \/>\n<meta name=\"robots\" content=\"index, follow, max-snippet:-1, max-image-preview:large, max-video-preview:-1\" \/>\n<link rel=\"canonical\" href=\"https:\/\/membrasin.be\/fr\/baie-dargousier\/saviez-vous\/\" \/>\n<meta property=\"og:locale\" content=\"fr_FR\" \/>\n<meta property=\"og:type\" content=\"article\" \/>\n<meta property=\"og:title\" content=\"Baie d&#039;argousier : le saviez-vous ? Membrasin compl\u00e9ment alimentaire\" \/>\n<meta property=\"og:description\" content=\"En d\u00e9pit du go\u00fbt aigre de ses baies et de ses branches piquantes, la baie d\u2019argousier est une baie tr\u00e8s puissante. La baie d&#039;argousier: le saviez-vous ?\" \/>\n<meta property=\"og:url\" content=\"https:\/\/membrasin.be\/fr\/baie-dargousier\/saviez-vous\/\" \/>\n<meta property=\"og:site_name\" content=\"Membrasin\" \/>\n<meta property=\"article:publisher\" content=\"https:\/\/www.facebook.com\/MembrasinBE\" \/>\n<meta property=\"article:modified_time\" content=\"2024-09-30T09:33:29+00:00\" \/>\n<meta name=\"twitter:card\" content=\"summary_large_image\" \/>\n<meta name=\"twitter:label1\" content=\"Dur\u00e9e de lecture estim\u00e9e\" \/>\n\t<meta name=\"twitter:data1\" content=\"3 minutes\" \/>\n<script type=\"application\/ld+json\" class=\"yoast-schema-graph\">{\"@context\":\"https:\/\/schema.org\",\"@graph\":[{\"@type\":\"WebPage\",\"@id\":\"https:\/\/membrasin.be\/fr\/baie-dargousier\/saviez-vous\/\",\"url\":\"https:\/\/membrasin.be\/fr\/baie-dargousier\/saviez-vous\/\",\"name\":\"Baie d'argousier : le saviez-vous ? Membrasin compl\u00e9ment alimentaire\",\"isPartOf\":{\"@id\":\"https:\/\/membrasin.be\/nl\/#website\"},\"datePublished\":\"2020-09-10T08:09:57+00:00\",\"dateModified\":\"2024-09-30T09:33:29+00:00\",\"description\":\"En d\u00e9pit du go\u00fbt aigre de ses baies et de ses branches piquantes, la baie d\u2019argousier est une baie tr\u00e8s puissante. La baie d'argousier: le saviez-vous ?\",\"breadcrumb\":{\"@id\":\"https:\/\/membrasin.be\/fr\/baie-dargousier\/saviez-vous\/#breadcrumb\"},\"inLanguage\":\"fr-FR\",\"potentialAction\":[{\"@type\":\"ReadAction\",\"target\":[\"https:\/\/membrasin.be\/fr\/baie-dargousier\/saviez-vous\/\"]}]},{\"@type\":\"BreadcrumbList\",\"@id\":\"https:\/\/membrasin.be\/fr\/baie-dargousier\/saviez-vous\/#breadcrumb\",\"itemListElement\":[{\"@type\":\"ListItem\",\"position\":1,\"name\":\"Home\",\"item\":\"https:\/\/membrasin.be\/fr\/\"},{\"@type\":\"ListItem\",\"position\":2,\"name\":\"La baie d\u2019argousier\",\"item\":\"https:\/\/membrasin.be\/nl\/duindoornbes\/\"},{\"@type\":\"ListItem\",\"position\":3,\"name\":\"La baie d&#8217;argousier : le saviez-vous ?\"}]},{\"@type\":\"WebSite\",\"@id\":\"https:\/\/membrasin.be\/nl\/#website\",\"url\":\"https:\/\/membrasin.be\/nl\/\",\"name\":\"Membrasin\",\"description\":\"\",\"publisher\":{\"@id\":\"https:\/\/membrasin.be\/nl\/#organization\"},\"potentialAction\":[{\"@type\":\"SearchAction\",\"target\":{\"@type\":\"EntryPoint\",\"urlTemplate\":\"https:\/\/membrasin.be\/nl\/?s={search_term_string}\"},\"query-input\":{\"@type\":\"PropertyValueSpecification\",\"valueRequired\":true,\"valueName\":\"search_term_string\"}}],\"inLanguage\":\"fr-FR\"},{\"@type\":\"Organization\",\"@id\":\"https:\/\/membrasin.be\/nl\/#organization\",\"name\":\"Membrasin\",\"url\":\"https:\/\/membrasin.be\/nl\/\",\"logo\":{\"@type\":\"ImageObject\",\"inLanguage\":\"fr-FR\",\"@id\":\"https:\/\/membrasin.be\/nl\/#\/schema\/logo\/image\/\",\"url\":\"https:\/\/membrasin.be\/wp-content\/uploads\/2020\/09\/cropped-membrasin-logo-fr.png\",\"contentUrl\":\"https:\/\/membrasin.be\/wp-content\/uploads\/2020\/09\/cropped-membrasin-logo-fr.png\",\"width\":258,\"height\":49,\"caption\":\"Membrasin\"},\"image\":{\"@id\":\"https:\/\/membrasin.be\/nl\/#\/schema\/logo\/image\/\"},\"sameAs\":[\"https:\/\/www.facebook.com\/MembrasinBE\",\"https:\/\/www.instagram.com\/membrasinbe\"]}]}<\/script>\n<!-- \/ Yoast SEO plugin. -->","yoast_head_json":{"title":"Baie d'argousier : le saviez-vous ? Membrasin compl\u00e9ment alimentaire","description":"En d\u00e9pit du go\u00fbt aigre de ses baies et de ses branches piquantes, la baie d\u2019argousier est une baie tr\u00e8s puissante. La baie d'argousier: le saviez-vous ?","robots":{"index":"index","follow":"follow","max-snippet":"max-snippet:-1","max-image-preview":"max-image-preview:large","max-video-preview":"max-video-preview:-1"},"canonical":"https:\/\/membrasin.be\/fr\/baie-dargousier\/saviez-vous\/","og_locale":"fr_FR","og_type":"article","og_title":"Baie d'argousier : le saviez-vous ? Membrasin compl\u00e9ment alimentaire","og_description":"En d\u00e9pit du go\u00fbt aigre de ses baies et de ses branches piquantes, la baie d\u2019argousier est une baie tr\u00e8s puissante. La baie d'argousier: le saviez-vous ?","og_url":"https:\/\/membrasin.be\/fr\/baie-dargousier\/saviez-vous\/","og_site_name":"Membrasin","article_publisher":"https:\/\/www.facebook.com\/MembrasinBE","article_modified_time":"2024-09-30T09:33:29+00:00","twitter_card":"summary_large_image","twitter_misc":{"Dur\u00e9e de lecture estim\u00e9e":"3 minutes"},"schema":{"@context":"https:\/\/schema.org","@graph":[{"@type":"WebPage","@id":"https:\/\/membrasin.be\/fr\/baie-dargousier\/saviez-vous\/","url":"https:\/\/membrasin.be\/fr\/baie-dargousier\/saviez-vous\/","name":"Baie d'argousier : le saviez-vous ? Membrasin compl\u00e9ment alimentaire","isPartOf":{"@id":"https:\/\/membrasin.be\/nl\/#website"},"datePublished":"2020-09-10T08:09:57+00:00","dateModified":"2024-09-30T09:33:29+00:00","description":"En d\u00e9pit du go\u00fbt aigre de ses baies et de ses branches piquantes, la baie d\u2019argousier est une baie tr\u00e8s puissante. La baie d'argousier: le saviez-vous ?","breadcrumb":{"@id":"https:\/\/membrasin.be\/fr\/baie-dargousier\/saviez-vous\/#breadcrumb"},"inLanguage":"fr-FR","potentialAction":[{"@type":"ReadAction","target":["https:\/\/membrasin.be\/fr\/baie-dargousier\/saviez-vous\/"]}]},{"@type":"BreadcrumbList","@id":"https:\/\/membrasin.be\/fr\/baie-dargousier\/saviez-vous\/#breadcrumb","itemListElement":[{"@type":"ListItem","position":1,"name":"Home","item":"https:\/\/membrasin.be\/fr\/"},{"@type":"ListItem","position":2,"name":"La baie d\u2019argousier","item":"https:\/\/membrasin.be\/nl\/duindoornbes\/"},{"@type":"ListItem","position":3,"name":"La baie d&#8217;argousier : le saviez-vous ?"}]},{"@type":"WebSite","@id":"https:\/\/membrasin.be\/nl\/#website","url":"https:\/\/membrasin.be\/nl\/","name":"Membrasin","description":"","publisher":{"@id":"https:\/\/membrasin.be\/nl\/#organization"},"potentialAction":[{"@type":"SearchAction","target":{"@type":"EntryPoint","urlTemplate":"https:\/\/membrasin.be\/nl\/?s={search_term_string}"},"query-input":{"@type":"PropertyValueSpecification","valueRequired":true,"valueName":"search_term_string"}}],"inLanguage":"fr-FR"},{"@type":"Organization","@id":"https:\/\/membrasin.be\/nl\/#organization","name":"Membrasin","url":"https:\/\/membrasin.be\/nl\/","logo":{"@type":"ImageObject","inLanguage":"fr-FR","@id":"https:\/\/membrasin.be\/nl\/#\/schema\/logo\/image\/","url":"https:\/\/membrasin.be\/wp-content\/uploads\/2020\/09\/cropped-membrasin-logo-fr.png","contentUrl":"https:\/\/membrasin.be\/wp-content\/uploads\/2020\/09\/cropped-membrasin-logo-fr.png","width":258,"height":49,"caption":"Membrasin"},"image":{"@id":"https:\/\/membrasin.be\/nl\/#\/schema\/logo\/image\/"},"sameAs":["https:\/\/www.facebook.com\/MembrasinBE","https:\/\/www.instagram.com\/membrasinbe"]}]}},"_links":{"self":[{"href":"https:\/\/membrasin.be\/fr\/wp-json\/wp\/v2\/pages\/1023","targetHints":{"allow":["GET"]}}],"collection":[{"href":"https:\/\/membrasin.be\/fr\/wp-json\/wp\/v2\/pages"}],"about":[{"href":"https:\/\/membrasin.be\/fr\/wp-json\/wp\/v2\/types\/page"}],"author":[{"embeddable":true,"href":"https:\/\/membrasin.be\/fr\/wp-json\/wp\/v2\/users\/5"}],"replies":[{"embeddable":true,"href":"https:\/\/membrasin.be\/fr\/wp-json\/wp\/v2\/comments?post=1023"}],"version-history":[{"count":25,"href":"https:\/\/membrasin.be\/fr\/wp-json\/wp\/v2\/pages\/1023\/revisions"}],"predecessor-version":[{"id":5509,"href":"https:\/\/membrasin.be\/fr\/wp-json\/wp\/v2\/pages\/1023\/revisions\/5509"}],"up":[{"embeddable":true,"href":"https:\/\/membrasin.be\/fr\/wp-json\/wp\/v2\/pages\/280"}],"wp:attachment":[{"href":"https:\/\/membrasin.be\/fr\/wp-json\/wp\/v2\/media?parent=1023"}],"curies":[{"name":"wp","href":"https:\/\/api.w.org\/{rel}","templated":true}]}}