{"id":1349,"date":"2021-01-12T16:46:12","date_gmt":"2021-01-12T16:46:12","guid":{"rendered":"https:\/\/membrasin.be\/?page_id=1349"},"modified":"2022-01-13T08:05:55","modified_gmt":"2022-01-13T08:05:55","slug":"privacy-cookies-policy","status":"publish","type":"page","link":"https:\/\/membrasin.be\/fr\/privacy-cookies-policy\/","title":{"rendered":"Privacy &#038; cookies policy"},"content":{"rendered":"<div class=\"wpb-content-wrapper\"><p>[vc_row css=\u00a0\u00bb.vc_custom_1598944581754{padding-top: 4em !important;padding-bottom: 2em !important;}\u00a0\u00bb el_class=\u00a0\u00bbprivacytext\u00a0\u00bb][vc_column][vc_custom_heading text=\u00a0\u00bbPrivacy &amp; cookies policy\u00a0\u00bb font_container=\u00a0\u00bbtag:h1|text_align:left|color:%23f4c3a2&Prime; use_theme_fonts=\u00a0\u00bbyes\u00a0\u00bb el_class=\u00a0\u00bbfont-h2&Prime;][vc_column_text]<strong>Politique en mati\u00e8re de vie priv\u00e9e et de cookies et clause de non-responsabilit\u00e9<\/strong>[\/vc_column_text][vc_custom_heading text=\u00a0\u00bbPolitique en mati\u00e8re de vie priv\u00e9e &#8211; Utilisation des donn\u00e9es\u00a0\u00bb font_container=\u00a0\u00bbtag:h4|text_align:left|color:%23000000&Prime; use_theme_fonts=\u00a0\u00bbyes\u00a0\u00bb][vc_column_text]Ces informations ne seront pas fournies \u00e0 des tiers sans votre autorisation explicite pr\u00e9alable, sauf si TS Health Products y est oblig\u00e9e par la loi ou par une d\u00e9cision de justice. Pour les concours ou panels de testeurs de Membrasin, le partage de vos donn\u00e9es signifie que vous acceptez \u00e9galement de recevoir d\u2019autres informations sur la transition.[\/vc_column_text][vc_custom_heading text=\u00a0\u00bbPolitique en mati\u00e8re de cookies\u00a0\u00bb font_container=\u00a0\u00bbtag:h4|text_align:left|color:%23000000&Prime; use_theme_fonts=\u00a0\u00bbyes\u00a0\u00bb][vc_column_text]Ce site web utilise des cookies et des scripts de Google et de Facebook pour analyser votre utilisation de nos sites web de mani\u00e8re anonyme. Un cookie est un petit fichier texte qui est enregistr\u00e9 sur votre PC. Ce fichier conserve une trace des pages que vous avez visit\u00e9es et contient un certain nombre de donn\u00e9es \u00e0 propos de votre visite.\u00a0 Les cookies sont stock\u00e9s localement sur votre PC et ne contiennent que des informations anonymes. Les cookies utilis\u00e9s sont\u00a0:<\/p>\n<ul>\n<li>Cookies fonctionnels\u00a0: Pour assurer le bon fonctionnement de nos sites web.<\/li>\n<li>Les cookies analytiques\u00a0: Pour la collecte et l\u2019analyse de statistiques afin d\u2019am\u00e9liorer l\u2019exp\u00e9rience sur nos sites web et l\u2019efficacit\u00e9 des publicit\u00e9s.<\/li>\n<li>Les cookies de suivi\u00a0: Pour \u00e9tablir des profils personnels qui nous permettront de vous montrer des contenus et des publicit\u00e9s cibl\u00e9s qui correspondent \u00e0 vos int\u00e9r\u00eats.<\/li>\n<li>Les cookies des r\u00e9seaux sociaux\u00a0: Pour vous permettre de partager votre r\u00e9action par le biais de \u00ab\u00a0likes\u00a0\u00bb ou de commentaires.<\/li>\n<\/ul>\n<p>[\/vc_column_text][vc_custom_heading text=\u00a0\u00bbPlus d\u2019informations sur les cookies\u00a0\u00bb font_container=\u00a0\u00bbtag:h4|text_align:left|color:%23000000&Prime; use_theme_fonts=\u00a0\u00bbyes\u00a0\u00bb][vc_column_text]<a href=\"https:\/\/www.cecbelgique.be\/cookie\" target=\"_blank\" rel=\"noopener noreferrer\">https:\/\/www.cecbelgique.be\/cookie<\/a>[\/vc_column_text][vc_custom_heading text=\u00a0\u00bbInscription \u00e0 la newsletter\u00a0\u00bb font_container=\u00a0\u00bbtag:h4|text_align:left|color:%23000000&Prime; use_theme_fonts=\u00a0\u00bbyes\u00a0\u00bb][vc_column_text]En vous inscrivant \u00e0 la newsletter de ce site, vous recevrez jusqu\u2019\u00e0 3\u00a0fois par mois maximum des informations sur les produits, les offres et les conseils li\u00e9s \u00e0 la marque Membrasin. Vos donn\u00e9es ne seront pas transmises \u00e0 des tiers.[\/vc_column_text][vc_custom_heading text=\u00a0\u00bbDur\u00e9e de conservation des donn\u00e9es \u00e0 caract\u00e8re personnel\u00a0\u00bb font_container=\u00a0\u00bbtag:h4|text_align:left|color:%23000000&Prime; use_theme_fonts=\u00a0\u00bbyes\u00a0\u00bb][vc_column_text]Les donn\u00e9es personnelles ne peuvent \u00eatre conserv\u00e9es plus longtemps que n\u00e9cessaire. La dur\u00e9e de conservation d\u00e9pend de la finalit\u00e9 pour laquelle nous avons re\u00e7u ou collect\u00e9 les donn\u00e9es et de toute obligation l\u00e9gale de conserver les donn\u00e9es. Les formulaires de contact qui nous parviennent sont conserv\u00e9s pendant une p\u00e9riode d\u00e9termin\u00e9e afin de fournir un service \u00e0 la client\u00e8le, les informations soumises ne seront pas utilis\u00e9es \u00e0 des fins de marketing. Pour l\u2019inscription \u00e0 la newsletter, vos donn\u00e9es seront conserv\u00e9es jusqu\u2019\u00e0 votre d\u00e9sinscription. Si vous avez des questions \u00e0 ce sujet, veuillez contacter info@tshealthproducts.nl.[\/vc_column_text][vc_custom_heading text=\u00a0\u00bbDroit d\u2019acc\u00e8s et de rectification ou de suppression de vos donn\u00e9es\u00a0\u00bb font_container=\u00a0\u00bbtag:h4|text_align:left|color:%23000000&Prime; use_theme_fonts=\u00a0\u00bbyes\u00a0\u00bb][vc_column_text]Vous avez le droit de demander l\u2019acc\u00e8s, la rectification ou la suppression de vos donn\u00e9es. Voir notre page de contact. Afin de pr\u00e9venir les abus, nous pouvons vous demander de vous identifier de mani\u00e8re ad\u00e9quate \u00e0 cet effet. Lorsqu\u2019il s\u2019agit de l\u2019acc\u00e8s \u00e0 des donn\u00e9es personnelles li\u00e9es \u00e0 un cookie, vous devez envoyer une copie du cookie en question. Vous pouvez les trouver dans les param\u00e8tres de votre navigateur. En g\u00e9n\u00e9ral, vous pouvez supprimer les cookies dans les param\u00e8tres de votre navigateur. Vous trouverez de plus amples informations sur l\u2019activation, la d\u00e9sactivation et la suppression des cookies dans les instructions et\/ou en utilisant la fonction d\u2019aide de votre navigateur.[\/vc_column_text][vc_custom_heading text=\u00a0\u00bbImages libres de droits\u00a0\u00bb font_container=\u00a0\u00bbtag:h4|text_align:left|color:%23000000&Prime; use_theme_fonts=\u00a0\u00bbyes\u00a0\u00bb][vc_column_text]Sur ce site web et sur les r\u00e9seaux sociaux, nous utilisons des photos de consommateurs r\u00e9els (images originales de l\u2019entreprise) et, pour des raisons de confidentialit\u00e9, nous travaillons \u00e9galement avec des images achet\u00e9es \u00e0 des banques d\u2019images libres de droits (comme Schutterstock, Adobe et PixaBay).[\/vc_column_text][vc_custom_heading text=\u00a0\u00bbCopyright\u00a0\u00bb font_container=\u00a0\u00bbtag:h4|text_align:left|color:%23000000&Prime; use_theme_fonts=\u00a0\u00bbyes\u00a0\u00bb][vc_column_text]Le site web et toutes ses parties, \u00e0 l\u2019exception de certains (hyper-)liens, sont la propri\u00e9t\u00e9 de TS Health Products. Il est interdit de copier, de divulguer ou d\u2019enregistrer le site ou une partie de celui-ci sans l\u2019autorisation \u00e9crite expresse de TS Health Products. Cette autorisation est n\u00e9cessaire pour toute utilisation personnelle \u00e0 des fins non commerciales.[\/vc_column_text][vc_custom_heading text=\u00a0\u00bbDisclaimer\u00a0\u00bb font_container=\u00a0\u00bbtag:h4|text_align:left|color:%23000000&Prime; use_theme_fonts=\u00a0\u00bbyes\u00a0\u00bb][vc_column_text]Les informations affich\u00e9es sur ce site web ont \u00e9t\u00e9 compil\u00e9es avec soin par TS Health Products, cependant, il pourrait y avoir certaines inexactitudes et incompl\u00e9tudes. TS Health Products d\u00e9cline toute responsabilit\u00e9 en cas d\u2019inexactitude et d\u2019incompl\u00e9tude des informations figurant sur le site web, de dysfonctionnement du site web, d\u2019\u00e9ventuels virus et du contenu ou de l\u2019utilisation des sites web li\u00e9s \u00e0 ce site.<\/p>\n<p>TS Health Products est enregistr\u00e9 aupr\u00e8s de la Chambre de commerce de La Haye sous le num\u00e9ro\u00a0080.21.207.[\/vc_column_text][\/vc_column][\/vc_row][vc_row][vc_column][\/vc_column][\/vc_row]<\/p>\n<\/div>","protected":false},"excerpt":{"rendered":"<p>[vc_row css=\u00a0\u00bb.vc_custom_1598944581754{padding-top: 4em !important;padding-bottom: 2em !important;}\u00a0\u00bb el_class=\u00a0\u00bbprivacytext\u00a0\u00bb][vc_column][vc_custom_heading text=\u00a0\u00bbPrivacy &amp; cookies policy\u00a0\u00bb font_container=\u00a0\u00bbtag:h1|text_align:left|color:%23f4c3a2&Prime; use_theme_fonts=\u00a0\u00bbyes\u00a0\u00bb el_class=\u00a0\u00bbfont-h2&Prime;][vc_column_text]Politique en mati\u00e8re de vie priv\u00e9e et de cookies et clause de non-responsabilit\u00e9[\/vc_column_text][vc_custom_heading<span class=\"excerpt-hellip\"> [\u2026]<\/span><\/p>\n","protected":false},"author":5,"featured_media":0,"parent":0,"menu_order":0,"comment_status":"closed","ping_status":"closed","template":"","meta":{"inline_featured_image":false,"footnotes":""},"class_list":["post-1349","page","type-page","status-publish","hentry"],"yoast_head":"<!-- This site is optimized with the Yoast SEO plugin v26.3 - https:\/\/yoast.com\/wordpress\/plugins\/seo\/ -->\n<title>Privacy &amp; cookies policy - Membrasin avec de l&#039;huile de baies d\u2019argousier<\/title>\n<meta name=\"description\" content=\"Politique en mati\u00e8re de vie priv\u00e9e et de cookies et clause de non-responsabilit\u00e9: tout ce que vous devez savoir, vous le trouverez sur cette page\" \/>\n<meta name=\"robots\" content=\"index, follow, max-snippet:-1, max-image-preview:large, max-video-preview:-1\" \/>\n<link rel=\"canonical\" href=\"https:\/\/membrasin.be\/nl\/privacy-cookiebeleid-en-disclaimer\/\" \/>\n<meta property=\"og:locale\" content=\"fr_FR\" \/>\n<meta property=\"og:type\" content=\"article\" \/>\n<meta property=\"og:title\" content=\"Privacy &amp; cookies policy - Membrasin avec de l&#039;huile de baies d\u2019argousier\" \/>\n<meta property=\"og:description\" content=\"Politique en mati\u00e8re de vie priv\u00e9e et de cookies et clause de non-responsabilit\u00e9: tout ce que vous devez savoir, vous le trouverez sur cette page\" \/>\n<meta property=\"og:url\" content=\"https:\/\/membrasin.be\/nl\/privacy-cookiebeleid-en-disclaimer\/\" \/>\n<meta property=\"og:site_name\" content=\"Membrasin\" \/>\n<meta property=\"article:publisher\" content=\"https:\/\/www.facebook.com\/MembrasinBE\" \/>\n<meta property=\"article:modified_time\" content=\"2022-01-13T08:05:55+00:00\" \/>\n<meta name=\"twitter:card\" content=\"summary_large_image\" \/>\n<meta name=\"twitter:label1\" content=\"Dur\u00e9e de lecture estim\u00e9e\" \/>\n\t<meta name=\"twitter:data1\" content=\"5 minutes\" \/>\n<script type=\"application\/ld+json\" class=\"yoast-schema-graph\">{\"@context\":\"https:\/\/schema.org\",\"@graph\":[{\"@type\":\"WebPage\",\"@id\":\"https:\/\/membrasin.be\/nl\/privacy-cookiebeleid-en-disclaimer\/\",\"url\":\"https:\/\/membrasin.be\/nl\/privacy-cookiebeleid-en-disclaimer\/\",\"name\":\"Privacy & cookies policy - Membrasin avec de l'huile de baies d\u2019argousier\",\"isPartOf\":{\"@id\":\"https:\/\/membrasin.be\/nl\/#website\"},\"datePublished\":\"2021-01-12T16:46:12+00:00\",\"dateModified\":\"2022-01-13T08:05:55+00:00\",\"description\":\"Politique en mati\u00e8re de vie priv\u00e9e et de cookies et clause de non-responsabilit\u00e9: tout ce que vous devez savoir, vous le trouverez sur cette page\",\"breadcrumb\":{\"@id\":\"https:\/\/membrasin.be\/nl\/privacy-cookiebeleid-en-disclaimer\/#breadcrumb\"},\"inLanguage\":\"fr-FR\",\"potentialAction\":[{\"@type\":\"ReadAction\",\"target\":[\"https:\/\/membrasin.be\/nl\/privacy-cookiebeleid-en-disclaimer\/\"]}]},{\"@type\":\"BreadcrumbList\",\"@id\":\"https:\/\/membrasin.be\/nl\/privacy-cookiebeleid-en-disclaimer\/#breadcrumb\",\"itemListElement\":[{\"@type\":\"ListItem\",\"position\":1,\"name\":\"Home\",\"item\":\"https:\/\/membrasin.be\/fr\/\"},{\"@type\":\"ListItem\",\"position\":2,\"name\":\"Privacy &#038; cookies policy\"}]},{\"@type\":\"WebSite\",\"@id\":\"https:\/\/membrasin.be\/nl\/#website\",\"url\":\"https:\/\/membrasin.be\/nl\/\",\"name\":\"Membrasin\",\"description\":\"\",\"publisher\":{\"@id\":\"https:\/\/membrasin.be\/nl\/#organization\"},\"potentialAction\":[{\"@type\":\"SearchAction\",\"target\":{\"@type\":\"EntryPoint\",\"urlTemplate\":\"https:\/\/membrasin.be\/nl\/?s={search_term_string}\"},\"query-input\":{\"@type\":\"PropertyValueSpecification\",\"valueRequired\":true,\"valueName\":\"search_term_string\"}}],\"inLanguage\":\"fr-FR\"},{\"@type\":\"Organization\",\"@id\":\"https:\/\/membrasin.be\/nl\/#organization\",\"name\":\"Membrasin\",\"url\":\"https:\/\/membrasin.be\/nl\/\",\"logo\":{\"@type\":\"ImageObject\",\"inLanguage\":\"fr-FR\",\"@id\":\"https:\/\/membrasin.be\/nl\/#\/schema\/logo\/image\/\",\"url\":\"https:\/\/membrasin.be\/wp-content\/uploads\/2020\/09\/cropped-membrasin-logo-fr.png\",\"contentUrl\":\"https:\/\/membrasin.be\/wp-content\/uploads\/2020\/09\/cropped-membrasin-logo-fr.png\",\"width\":258,\"height\":49,\"caption\":\"Membrasin\"},\"image\":{\"@id\":\"https:\/\/membrasin.be\/nl\/#\/schema\/logo\/image\/\"},\"sameAs\":[\"https:\/\/www.facebook.com\/MembrasinBE\",\"https:\/\/www.instagram.com\/membrasinbe\"]}]}<\/script>\n<!-- \/ Yoast SEO plugin. -->","yoast_head_json":{"title":"Privacy & cookies policy - Membrasin avec de l'huile de baies d\u2019argousier","description":"Politique en mati\u00e8re de vie priv\u00e9e et de cookies et clause de non-responsabilit\u00e9: tout ce que vous devez savoir, vous le trouverez sur cette page","robots":{"index":"index","follow":"follow","max-snippet":"max-snippet:-1","max-image-preview":"max-image-preview:large","max-video-preview":"max-video-preview:-1"},"canonical":"https:\/\/membrasin.be\/nl\/privacy-cookiebeleid-en-disclaimer\/","og_locale":"fr_FR","og_type":"article","og_title":"Privacy & cookies policy - Membrasin avec de l'huile de baies d\u2019argousier","og_description":"Politique en mati\u00e8re de vie priv\u00e9e et de cookies et clause de non-responsabilit\u00e9: tout ce que vous devez savoir, vous le trouverez sur cette page","og_url":"https:\/\/membrasin.be\/nl\/privacy-cookiebeleid-en-disclaimer\/","og_site_name":"Membrasin","article_publisher":"https:\/\/www.facebook.com\/MembrasinBE","article_modified_time":"2022-01-13T08:05:55+00:00","twitter_card":"summary_large_image","twitter_misc":{"Dur\u00e9e de lecture estim\u00e9e":"5 minutes"},"schema":{"@context":"https:\/\/schema.org","@graph":[{"@type":"WebPage","@id":"https:\/\/membrasin.be\/nl\/privacy-cookiebeleid-en-disclaimer\/","url":"https:\/\/membrasin.be\/nl\/privacy-cookiebeleid-en-disclaimer\/","name":"Privacy & cookies policy - Membrasin avec de l'huile de baies d\u2019argousier","isPartOf":{"@id":"https:\/\/membrasin.be\/nl\/#website"},"datePublished":"2021-01-12T16:46:12+00:00","dateModified":"2022-01-13T08:05:55+00:00","description":"Politique en mati\u00e8re de vie priv\u00e9e et de cookies et clause de non-responsabilit\u00e9: tout ce que vous devez savoir, vous le trouverez sur cette page","breadcrumb":{"@id":"https:\/\/membrasin.be\/nl\/privacy-cookiebeleid-en-disclaimer\/#breadcrumb"},"inLanguage":"fr-FR","potentialAction":[{"@type":"ReadAction","target":["https:\/\/membrasin.be\/nl\/privacy-cookiebeleid-en-disclaimer\/"]}]},{"@type":"BreadcrumbList","@id":"https:\/\/membrasin.be\/nl\/privacy-cookiebeleid-en-disclaimer\/#breadcrumb","itemListElement":[{"@type":"ListItem","position":1,"name":"Home","item":"https:\/\/membrasin.be\/fr\/"},{"@type":"ListItem","position":2,"name":"Privacy &#038; cookies policy"}]},{"@type":"WebSite","@id":"https:\/\/membrasin.be\/nl\/#website","url":"https:\/\/membrasin.be\/nl\/","name":"Membrasin","description":"","publisher":{"@id":"https:\/\/membrasin.be\/nl\/#organization"},"potentialAction":[{"@type":"SearchAction","target":{"@type":"EntryPoint","urlTemplate":"https:\/\/membrasin.be\/nl\/?s={search_term_string}"},"query-input":{"@type":"PropertyValueSpecification","valueRequired":true,"valueName":"search_term_string"}}],"inLanguage":"fr-FR"},{"@type":"Organization","@id":"https:\/\/membrasin.be\/nl\/#organization","name":"Membrasin","url":"https:\/\/membrasin.be\/nl\/","logo":{"@type":"ImageObject","inLanguage":"fr-FR","@id":"https:\/\/membrasin.be\/nl\/#\/schema\/logo\/image\/","url":"https:\/\/membrasin.be\/wp-content\/uploads\/2020\/09\/cropped-membrasin-logo-fr.png","contentUrl":"https:\/\/membrasin.be\/wp-content\/uploads\/2020\/09\/cropped-membrasin-logo-fr.png","width":258,"height":49,"caption":"Membrasin"},"image":{"@id":"https:\/\/membrasin.be\/nl\/#\/schema\/logo\/image\/"},"sameAs":["https:\/\/www.facebook.com\/MembrasinBE","https:\/\/www.instagram.com\/membrasinbe"]}]}},"_links":{"self":[{"href":"https:\/\/membrasin.be\/fr\/wp-json\/wp\/v2\/pages\/1349","targetHints":{"allow":["GET"]}}],"collection":[{"href":"https:\/\/membrasin.be\/fr\/wp-json\/wp\/v2\/pages"}],"about":[{"href":"https:\/\/membrasin.be\/fr\/wp-json\/wp\/v2\/types\/page"}],"author":[{"embeddable":true,"href":"https:\/\/membrasin.be\/fr\/wp-json\/wp\/v2\/users\/5"}],"replies":[{"embeddable":true,"href":"https:\/\/membrasin.be\/fr\/wp-json\/wp\/v2\/comments?post=1349"}],"version-history":[{"count":6,"href":"https:\/\/membrasin.be\/fr\/wp-json\/wp\/v2\/pages\/1349\/revisions"}],"predecessor-version":[{"id":1872,"href":"https:\/\/membrasin.be\/fr\/wp-json\/wp\/v2\/pages\/1349\/revisions\/1872"}],"wp:attachment":[{"href":"https:\/\/membrasin.be\/fr\/wp-json\/wp\/v2\/media?parent=1349"}],"curies":[{"name":"wp","href":"https:\/\/api.w.org\/{rel}","templated":true}]}}