{"id":1415,"date":"2021-02-17T11:10:10","date_gmt":"2021-02-17T11:10:10","guid":{"rendered":"https:\/\/membrasin.be\/?page_id=1415"},"modified":"2021-10-28T09:02:45","modified_gmt":"2021-10-28T09:02:45","slug":"inscrire-introduction-nouveau-produit-membrasin","status":"publish","type":"page","link":"https:\/\/membrasin.be\/fr\/inscrire-introduction-nouveau-produit-membrasin\/","title":{"rendered":"Introduction nouveau produit Membrasin"},"content":{"rendered":"<div class=\"wpb-content-wrapper\"><p>[vc_row][vc_column][vc_empty_space][vc_custom_heading text=\u00a0\u00bbIntroduction aux nouveaux produits Membrasin\u00a0\u00bb font_container=\u00a0\u00bbtag:h1|text_align:left|color:%23e78800&Prime; use_theme_fonts=\u00a0\u00bbyes\u00a0\u00bb el_class=\u00a0\u00bbfont-h2&Prime;][vc_column_text css=\u00a0\u00bb.vc_custom_1617177608141{padding-top: 20px !important;}\u00a0\u00bb]Les yeux secs, la peau s\u00e8che et les muqueuses s\u00e8ches peuvent \u00eatre dus \u00e0 la m\u00e9nopause. Mais saviez-vous que la s\u00e9cheresse peut avoir d\u2019autres causes ? Rien n\u2019est aussi ennuyeux que des <a href=\"https:\/\/membrasin.be\/secheresse-oculaire\/?lang=fr\" target=\"_blank\" rel=\"noopener noreferrer\">yeux secs<\/a>, une <a href=\"https:\/\/membrasin.be\/peau-seche\/?lang=fr\" target=\"_blank\" rel=\"noopener noreferrer\">peau s\u00e8che<\/a> ou des <a href=\"https:\/\/membrasin.be\/muqueuses-seches\/?lang=fr\" target=\"_blank\" rel=\"noopener noreferrer\">muqueuses s\u00e8ches<\/a>. Fort heureusement, il existe une solution naturelle qui nourrit la peau et les muqueuses de l\u2019int\u00e9rieur.\u200b<\/p>\n<p>Membrasin\u00ae contient de l\u2019extrait d\u2019huile de baies d\u2019argousier SBA24\u00ae unique, pure et standardis\u00e9e. Depuis plus de 20 ans, Membrasin vient en aide aux femmes qui ont les yeux secs, les muqueuses s\u00e8ches ou la peau s\u00e8che. La gamme Membrasin s\u2019est r\u00e9cemment enrichie des dispositifs m\u00e9dicaux Vision Vitality Spray et Vaginal Vitality Cream.<\/p>\n<p>D\u00e9couvrez les nouveaux produits Membrasin ci-dessous\u00a0![\/vc_column_text][\/vc_column][\/vc_row][vc_row full_width=\u00a0\u00bbstretch_row\u00a0\u00bb css=\u00a0\u00bb.vc_custom_1616671024056{background-color: #ffe2c4 !important;}\u00a0\u00bb][vc_column][vc_row_inner][vc_column_inner width=\u00a0\u00bb1\/4&Prime;][vc_single_image image=\u00a0\u00bb1564&Prime; img_size=\u00a0\u00bbmedium\u00a0\u00bb][\/vc_column_inner][vc_column_inner width=\u00a0\u00bb1\/4&Prime;][vc_custom_heading text=\u00a0\u00bb<b>Nouveau : Membrasin Vision Vitality Spray<\/b>\u00a0\u00bb font_container=\u00a0\u00bbtag:h2|font_size:25px|text_align:left|color:%23e78800&Prime; use_theme_fonts=\u00a0\u00bbyes\u00a0\u00bb][vc_column_text]Un spray dont il a \u00e9t\u00e9 cliniquement prouv\u00e9 qu\u2019il r\u00e9duit la s\u00e9cheresse oculaire. Il soulage les sympt\u00f4mes<br \/>\nde la s\u00e9cheresse oculaire et<br \/>\nhydrate et apaise la peau<br \/>\ndu contour des yeux.<br \/>\nFacile \u00e0 utiliser.[\/vc_column_text][vc_btn title=\u00a0\u00bbPlus d\u2019infos sur le spray\u00a0\u00bb color=\u00a0\u00bbsandy-brown\u00a0\u00bb link=\u00a0\u00bburl:https%3A%2F%2Fmembrasin.be%2Fproduct%2Fmembrasin-vision-vitality-spray%2F%3Flang%3Dfr|title:Membrasin%20Vision%20Vitality%20Spray||\u00a0\u00bb][\/vc_column_inner][vc_column_inner width=\u00a0\u00bb1\/4&Prime;][vc_single_image image=\u00a0\u00bb1566&Prime; img_size=\u00a0\u00bbmedium\u00a0\u00bb][\/vc_column_inner][vc_column_inner width=\u00a0\u00bb1\/4&Prime; css=\u00a0\u00bb.vc_custom_1616670845658{padding-left: -20px !important;}\u00a0\u00bb][vc_custom_heading text=\u00a0\u00bb<b>Nouveau : Membrasin Vaginal Vitality Cream<\/b>\u00a0\u00bb font_container=\u00a0\u00bbtag:h2|font_size:25px|text_align:left|color:%23e78800&Prime; use_theme_fonts=\u00a0\u00bbyes\u00a0\u00bb][vc_column_text]Une cr\u00e8me sans hormones qui soulage les sympt\u00f4mes dus \u00e0 la s\u00e9cheresse intime. Elle contient de l\u2019huile de baies d\u2019argousier et de l\u2019hyaluronate pour l\u2019hydratation ainsi que de l\u2019acide lactique pour maintenir un pH normal.[\/vc_column_text][vc_btn title=\u00a0\u00bbPlus d\u2019infos sur la cr\u00e8me\u00a0\u00bb color=\u00a0\u00bbsandy-brown\u00a0\u00bb link=\u00a0\u00bburl:https%3A%2F%2Fmembrasin.be%2Fproduct%2Fmembrasin-vaginal-vitality-cream%2F%3Flang%3Dfr|title:Membrasin%20Vaginal%20Vitality%20Cream||\u00a0\u00bb][\/vc_column_inner][\/vc_row_inner][\/vc_column][\/vc_row]<\/p>\n<\/div>","protected":false},"excerpt":{"rendered":"<p>[vc_row][vc_column][vc_empty_space][vc_custom_heading text=\u00a0\u00bbIntroduction aux nouveaux produits Membrasin\u00a0\u00bb font_container=\u00a0\u00bbtag:h1|text_align:left|color:%23e78800&Prime; use_theme_fonts=\u00a0\u00bbyes\u00a0\u00bb el_class=\u00a0\u00bbfont-h2&Prime;][vc_column_text css=\u00a0\u00bb.vc_custom_1617177608141{padding-top: 20px !important;}\u00a0\u00bb]Les yeux secs, la peau s\u00e8che et les muqueuses s\u00e8ches peuvent \u00eatre dus \u00e0 la<span class=\"excerpt-hellip\"> [\u2026]<\/span><\/p>\n","protected":false},"author":5,"featured_media":0,"parent":0,"menu_order":0,"comment_status":"closed","ping_status":"closed","template":"","meta":{"inline_featured_image":false,"footnotes":""},"class_list":["post-1415","page","type-page","status-publish","hentry"],"yoast_head":"<!-- This site is optimized with the Yoast SEO plugin v26.3 - https:\/\/yoast.com\/wordpress\/plugins\/seo\/ -->\n<title>Nouveaux produits Membrasin - Membrasin Spray &amp; Cr\u00e8me<\/title>\n<meta name=\"description\" content=\"Nouveaux produits Membrasin : des dispositifs m\u00e9dicaux Vision Vitality Spray &amp; Vaginal Vitality Cream. D\u00e9couvrez les ici !\" \/>\n<meta name=\"robots\" content=\"index, follow, max-snippet:-1, max-image-preview:large, max-video-preview:-1\" \/>\n<link rel=\"canonical\" href=\"https:\/\/membrasin.be\/nl\/inschrijven-introductie-nieuw-membrasin-product\/\" \/>\n<meta property=\"og:locale\" content=\"fr_FR\" \/>\n<meta property=\"og:type\" content=\"article\" \/>\n<meta property=\"og:title\" content=\"Nouveaux produits Membrasin - Membrasin Spray &amp; Cr\u00e8me\" \/>\n<meta property=\"og:description\" content=\"Nouveaux produits Membrasin : des dispositifs m\u00e9dicaux Vision Vitality Spray &amp; Vaginal Vitality Cream. D\u00e9couvrez les ici !\" \/>\n<meta property=\"og:url\" content=\"https:\/\/membrasin.be\/nl\/inschrijven-introductie-nieuw-membrasin-product\/\" \/>\n<meta property=\"og:site_name\" content=\"Membrasin\" \/>\n<meta property=\"article:publisher\" content=\"https:\/\/www.facebook.com\/MembrasinBE\" \/>\n<meta property=\"article:modified_time\" content=\"2021-10-28T09:02:45+00:00\" \/>\n<meta name=\"twitter:card\" content=\"summary_large_image\" \/>\n<meta name=\"twitter:label1\" content=\"Dur\u00e9e de lecture estim\u00e9e\" \/>\n\t<meta name=\"twitter:data1\" content=\"2 minutes\" \/>\n<script type=\"application\/ld+json\" class=\"yoast-schema-graph\">{\"@context\":\"https:\/\/schema.org\",\"@graph\":[{\"@type\":\"WebPage\",\"@id\":\"https:\/\/membrasin.be\/nl\/inschrijven-introductie-nieuw-membrasin-product\/\",\"url\":\"https:\/\/membrasin.be\/nl\/inschrijven-introductie-nieuw-membrasin-product\/\",\"name\":\"Nouveaux produits Membrasin - Membrasin Spray & Cr\u00e8me\",\"isPartOf\":{\"@id\":\"https:\/\/membrasin.be\/nl\/#website\"},\"datePublished\":\"2021-02-17T11:10:10+00:00\",\"dateModified\":\"2021-10-28T09:02:45+00:00\",\"description\":\"Nouveaux produits Membrasin : des dispositifs m\u00e9dicaux Vision Vitality Spray & Vaginal Vitality Cream. D\u00e9couvrez les ici !\",\"breadcrumb\":{\"@id\":\"https:\/\/membrasin.be\/nl\/inschrijven-introductie-nieuw-membrasin-product\/#breadcrumb\"},\"inLanguage\":\"fr-FR\",\"potentialAction\":[{\"@type\":\"ReadAction\",\"target\":[\"https:\/\/membrasin.be\/nl\/inschrijven-introductie-nieuw-membrasin-product\/\"]}]},{\"@type\":\"BreadcrumbList\",\"@id\":\"https:\/\/membrasin.be\/nl\/inschrijven-introductie-nieuw-membrasin-product\/#breadcrumb\",\"itemListElement\":[{\"@type\":\"ListItem\",\"position\":1,\"name\":\"Home\",\"item\":\"https:\/\/membrasin.be\/fr\/\"},{\"@type\":\"ListItem\",\"position\":2,\"name\":\"Introduction nouveau produit Membrasin\"}]},{\"@type\":\"WebSite\",\"@id\":\"https:\/\/membrasin.be\/nl\/#website\",\"url\":\"https:\/\/membrasin.be\/nl\/\",\"name\":\"Membrasin\",\"description\":\"\",\"publisher\":{\"@id\":\"https:\/\/membrasin.be\/nl\/#organization\"},\"potentialAction\":[{\"@type\":\"SearchAction\",\"target\":{\"@type\":\"EntryPoint\",\"urlTemplate\":\"https:\/\/membrasin.be\/nl\/?s={search_term_string}\"},\"query-input\":{\"@type\":\"PropertyValueSpecification\",\"valueRequired\":true,\"valueName\":\"search_term_string\"}}],\"inLanguage\":\"fr-FR\"},{\"@type\":\"Organization\",\"@id\":\"https:\/\/membrasin.be\/nl\/#organization\",\"name\":\"Membrasin\",\"url\":\"https:\/\/membrasin.be\/nl\/\",\"logo\":{\"@type\":\"ImageObject\",\"inLanguage\":\"fr-FR\",\"@id\":\"https:\/\/membrasin.be\/nl\/#\/schema\/logo\/image\/\",\"url\":\"https:\/\/membrasin.be\/wp-content\/uploads\/2020\/09\/cropped-membrasin-logo-fr.png\",\"contentUrl\":\"https:\/\/membrasin.be\/wp-content\/uploads\/2020\/09\/cropped-membrasin-logo-fr.png\",\"width\":258,\"height\":49,\"caption\":\"Membrasin\"},\"image\":{\"@id\":\"https:\/\/membrasin.be\/nl\/#\/schema\/logo\/image\/\"},\"sameAs\":[\"https:\/\/www.facebook.com\/MembrasinBE\",\"https:\/\/www.instagram.com\/membrasinbe\"]}]}<\/script>\n<!-- \/ Yoast SEO plugin. -->","yoast_head_json":{"title":"Nouveaux produits Membrasin - Membrasin Spray & Cr\u00e8me","description":"Nouveaux produits Membrasin : des dispositifs m\u00e9dicaux Vision Vitality Spray & Vaginal Vitality Cream. D\u00e9couvrez les ici !","robots":{"index":"index","follow":"follow","max-snippet":"max-snippet:-1","max-image-preview":"max-image-preview:large","max-video-preview":"max-video-preview:-1"},"canonical":"https:\/\/membrasin.be\/nl\/inschrijven-introductie-nieuw-membrasin-product\/","og_locale":"fr_FR","og_type":"article","og_title":"Nouveaux produits Membrasin - Membrasin Spray & Cr\u00e8me","og_description":"Nouveaux produits Membrasin : des dispositifs m\u00e9dicaux Vision Vitality Spray & Vaginal Vitality Cream. D\u00e9couvrez les ici !","og_url":"https:\/\/membrasin.be\/nl\/inschrijven-introductie-nieuw-membrasin-product\/","og_site_name":"Membrasin","article_publisher":"https:\/\/www.facebook.com\/MembrasinBE","article_modified_time":"2021-10-28T09:02:45+00:00","twitter_card":"summary_large_image","twitter_misc":{"Dur\u00e9e de lecture estim\u00e9e":"2 minutes"},"schema":{"@context":"https:\/\/schema.org","@graph":[{"@type":"WebPage","@id":"https:\/\/membrasin.be\/nl\/inschrijven-introductie-nieuw-membrasin-product\/","url":"https:\/\/membrasin.be\/nl\/inschrijven-introductie-nieuw-membrasin-product\/","name":"Nouveaux produits Membrasin - Membrasin Spray & Cr\u00e8me","isPartOf":{"@id":"https:\/\/membrasin.be\/nl\/#website"},"datePublished":"2021-02-17T11:10:10+00:00","dateModified":"2021-10-28T09:02:45+00:00","description":"Nouveaux produits Membrasin : des dispositifs m\u00e9dicaux Vision Vitality Spray & Vaginal Vitality Cream. D\u00e9couvrez les ici !","breadcrumb":{"@id":"https:\/\/membrasin.be\/nl\/inschrijven-introductie-nieuw-membrasin-product\/#breadcrumb"},"inLanguage":"fr-FR","potentialAction":[{"@type":"ReadAction","target":["https:\/\/membrasin.be\/nl\/inschrijven-introductie-nieuw-membrasin-product\/"]}]},{"@type":"BreadcrumbList","@id":"https:\/\/membrasin.be\/nl\/inschrijven-introductie-nieuw-membrasin-product\/#breadcrumb","itemListElement":[{"@type":"ListItem","position":1,"name":"Home","item":"https:\/\/membrasin.be\/fr\/"},{"@type":"ListItem","position":2,"name":"Introduction nouveau produit Membrasin"}]},{"@type":"WebSite","@id":"https:\/\/membrasin.be\/nl\/#website","url":"https:\/\/membrasin.be\/nl\/","name":"Membrasin","description":"","publisher":{"@id":"https:\/\/membrasin.be\/nl\/#organization"},"potentialAction":[{"@type":"SearchAction","target":{"@type":"EntryPoint","urlTemplate":"https:\/\/membrasin.be\/nl\/?s={search_term_string}"},"query-input":{"@type":"PropertyValueSpecification","valueRequired":true,"valueName":"search_term_string"}}],"inLanguage":"fr-FR"},{"@type":"Organization","@id":"https:\/\/membrasin.be\/nl\/#organization","name":"Membrasin","url":"https:\/\/membrasin.be\/nl\/","logo":{"@type":"ImageObject","inLanguage":"fr-FR","@id":"https:\/\/membrasin.be\/nl\/#\/schema\/logo\/image\/","url":"https:\/\/membrasin.be\/wp-content\/uploads\/2020\/09\/cropped-membrasin-logo-fr.png","contentUrl":"https:\/\/membrasin.be\/wp-content\/uploads\/2020\/09\/cropped-membrasin-logo-fr.png","width":258,"height":49,"caption":"Membrasin"},"image":{"@id":"https:\/\/membrasin.be\/nl\/#\/schema\/logo\/image\/"},"sameAs":["https:\/\/www.facebook.com\/MembrasinBE","https:\/\/www.instagram.com\/membrasinbe"]}]}},"_links":{"self":[{"href":"https:\/\/membrasin.be\/fr\/wp-json\/wp\/v2\/pages\/1415","targetHints":{"allow":["GET"]}}],"collection":[{"href":"https:\/\/membrasin.be\/fr\/wp-json\/wp\/v2\/pages"}],"about":[{"href":"https:\/\/membrasin.be\/fr\/wp-json\/wp\/v2\/types\/page"}],"author":[{"embeddable":true,"href":"https:\/\/membrasin.be\/fr\/wp-json\/wp\/v2\/users\/5"}],"replies":[{"embeddable":true,"href":"https:\/\/membrasin.be\/fr\/wp-json\/wp\/v2\/comments?post=1415"}],"version-history":[{"count":12,"href":"https:\/\/membrasin.be\/fr\/wp-json\/wp\/v2\/pages\/1415\/revisions"}],"predecessor-version":[{"id":1751,"href":"https:\/\/membrasin.be\/fr\/wp-json\/wp\/v2\/pages\/1415\/revisions\/1751"}],"wp:attachment":[{"href":"https:\/\/membrasin.be\/fr\/wp-json\/wp\/v2\/media?parent=1415"}],"curies":[{"name":"wp","href":"https:\/\/api.w.org\/{rel}","templated":true}]}}