{"id":1640,"date":"2021-06-03T18:05:33","date_gmt":"2021-06-03T18:05:33","guid":{"rendered":"https:\/\/membrasin.be\/?page_id=1640"},"modified":"2022-01-19T08:52:30","modified_gmt":"2022-01-19T08:52:30","slug":"inscrire-newsletter","status":"publish","type":"page","link":"https:\/\/membrasin.be\/fr\/inscrire-newsletter\/","title":{"rendered":"S&rsquo;inscrire \u00e0 la newsletter"},"content":{"rendered":"<div class=\"wpb-content-wrapper\"><p>[vc_row][vc_column][vc_empty_space][vc_custom_heading text=\u00a0\u00bbS&rsquo;inscrire \u00e0 la newsletter\u00a0\u00bb font_container=\u00a0\u00bbtag:h1|text_align:left|color:%23f4c3a2&Prime; use_theme_fonts=\u00a0\u00bbyes\u00a0\u00bb el_class=\u00a0\u00bbfont-h2&Prime;][vc_column_text css=\u00a0\u00bb.vc_custom_1622743487829{padding-top: 20px !important;}\u00a0\u00bb]Recevez-vous d\u00e9j\u00e0 notre bulletin d\u2019information ? Tous les deux mois, nous vous envoyons les derni\u00e8res actus sur la pr\u00e9m\u00e9nopause, des articles inspirants, des actions sympathiques r\u00e9serv\u00e9es \u00e0 nos lecteurs et lectrices, ainsi que des t\u00e9moignages et des r\u00e9cits personnels en lien avec nos produits ! Inscrivez-vous ici ![\/vc_column_text][vc_row_inner][vc_column_inner][vc_column_text]\n\t<section id=\"yikes-mailchimp-container-2\" class=\"yikes-mailchimp-container yikes-mailchimp-container-2 \">\n\t\t\t\t<form id=\"bulletin-dinformation-membrasin-2\" class=\"yikes-easy-mc-form yikes-easy-mc-form-2  \" method=\"POST\" data-attr-form-id=\"2\">\n\n\t\t\t\t\t\t\t\t\t\t\t\t\t<label for=\"yikes-easy-mc-form-2-FNAME\"  class=\"FNAME-label yikes-mailchimp-field-required \">\n\n\t\t\t\t\t\t\t\t\t\t<!-- dictate label visibility -->\n\t\t\t\t\t\t\t\t\t\t\t\t\t\t\t\t\t\t\t\t\t<span class=\"FNAME-label\">\n\t\t\t\t\t\t\t\t\t\t\t\tPr\u00e9nom\t\t\t\t\t\t\t\t\t\t\t<\/span>\n\t\t\t\t\t\t\t\t\t\t\n\t\t\t\t\t\t\t\t\t\t<!-- Description Above -->\n\t\t\t\t\t\t\t\t\t\t\n\t\t\t\t\t\t\t\t\t\t<input id=\"yikes-easy-mc-form-2-FNAME\"  name=\"FNAME\"  placeholder=\"Pr\u00e9nom\"  class=\"yikes-easy-mc-text \"  required=\"required\" type=\"text\"  value=\"\">\n\n\t\t\t\t\t\t\t\t\t\t<!-- Description Below -->\n\t\t\t\t\t\t\t\t\t\t\n\t\t\t\t\t\t\t\t\t<\/label>\n\t\t\t\t\t\t\t\t\t\t\t\t\t\t\t\t\t\t<label for=\"yikes-easy-mc-form-2-LNAME\"  class=\"LNAME-label yikes-mailchimp-field-required \">\n\n\t\t\t\t\t\t\t\t\t\t<!-- dictate label visibility -->\n\t\t\t\t\t\t\t\t\t\t\t\t\t\t\t\t\t\t\t\t\t<span class=\"LNAME-label\">\n\t\t\t\t\t\t\t\t\t\t\t\tNom\t\t\t\t\t\t\t\t\t\t\t<\/span>\n\t\t\t\t\t\t\t\t\t\t\n\t\t\t\t\t\t\t\t\t\t<!-- Description Above -->\n\t\t\t\t\t\t\t\t\t\t\n\t\t\t\t\t\t\t\t\t\t<input id=\"yikes-easy-mc-form-2-LNAME\"  name=\"LNAME\"  placeholder=\"Nom\"  class=\"yikes-easy-mc-text \"  required=\"required\" type=\"text\"  value=\"\">\n\n\t\t\t\t\t\t\t\t\t\t<!-- Description Below -->\n\t\t\t\t\t\t\t\t\t\t\n\t\t\t\t\t\t\t\t\t<\/label>\n\t\t\t\t\t\t\t\t\t\t\t\t\t\t\t\t\t\t<label for=\"yikes-easy-mc-form-2-EMAIL\"  class=\"EMAIL-label yikes-mailchimp-field-required \">\n\n\t\t\t\t\t\t\t\t\t\t<!-- dictate label visibility -->\n\t\t\t\t\t\t\t\t\t\t\t\t\t\t\t\t\t\t\t\t\t<span class=\"EMAIL-label\">\n\t\t\t\t\t\t\t\t\t\t\t\tEmail\t\t\t\t\t\t\t\t\t\t\t<\/span>\n\t\t\t\t\t\t\t\t\t\t\n\t\t\t\t\t\t\t\t\t\t<!-- Description Above -->\n\t\t\t\t\t\t\t\t\t\t\n\t\t\t\t\t\t\t\t\t\t<input id=\"yikes-easy-mc-form-2-EMAIL\"  name=\"EMAIL\"  placeholder=\"Email\"  class=\"yikes-easy-mc-email \"  required=\"required\" type=\"email\"  value=\"\">\n\n\t\t\t\t\t\t\t\t\t\t<!-- Description Below -->\n\t\t\t\t\t\t\t\t\t\t\n\t\t\t\t\t\t\t\t\t<\/label>\n\t\t\t\t\t\t\t\t\t\n\t\t\t\t<!-- Honeypot Trap -->\n\t\t\t\t<input type=\"hidden\" name=\"yikes-mailchimp-honeypot\" id=\"yikes-mailchimp-honeypot-2\" value=\"\">\n\n\t\t\t\t<!-- List ID -->\n\t\t\t\t<input type=\"hidden\" name=\"yikes-mailchimp-associated-list-id\" id=\"yikes-mailchimp-associated-list-id-2\" value=\"2091107ced\">\n\n\t\t\t\t<!-- The form that is being submitted! Used to display error\/success messages above the correct form -->\n\t\t\t\t<input type=\"hidden\" name=\"yikes-mailchimp-submitted-form\" id=\"yikes-mailchimp-submitted-form-2\" value=\"2\">\n\n\t\t\t\t<!-- Submit Button -->\n\t\t\t\t<button type=\"submit\" class=\"yikes-easy-mc-submit-button yikes-easy-mc-submit-button-2 btn btn-primary \"> <span class=\"yikes-mailchimp-submit-button-span-text\">S&#039;abonner<\/span><\/button>\t\t\t\t<!-- Nonce Security Check -->\n\t\t\t\t<input type=\"hidden\" id=\"yikes_easy_mc_new_subscriber_2\" name=\"yikes_easy_mc_new_subscriber\" value=\"ccc3549276\">\n\t\t\t\t<input type=\"hidden\" name=\"_wp_http_referer\" value=\"\/fr\/wp-json\/wp\/v2\/pages\/1640\" \/>\n\t\t\t<\/form>\n\t\t\t<!-- Mailchimp Form generated by Easy Forms for Mailchimp v6.8.10 (https:\/\/wordpress.org\/plugins\/yikes-inc-easy-mailchimp-extender\/) -->\n\n\t\t\t<\/section>\n\t[\/vc_column_text][vc_column_text]<em>*En vous abonnant au bulletin d\u2019information de ce site, vous recevrez des informations sur les produits, des offres et des conseils li\u00e9s \u00e0 la marque Membrasin une fois par mois tout au plus. Vos donn\u00e9es ne seront pas transmises \u00e0 des tiers.<\/em>[\/vc_column_text][vc_column_text]<strong>Suivez-nous \u00e9galement sur <a href=\"https:\/\/www.facebook.com\/MembrasinBE\" target=\"_blank\" rel=\"noopener noreferrer\">Facebook<\/a>\u00a0et\u00a0<a href=\"https:\/\/www.instagram.com\/membrasinbe\/\" target=\"_blank\" rel=\"noopener noreferrer\">Instagram<\/a> pour rester inform\u00e9(e) des actualit\u00e9s de Membrasin !<\/strong>[\/vc_column_text][\/vc_column_inner][\/vc_row_inner][\/vc_column][\/vc_row]<\/p>\n<\/div>","protected":false},"excerpt":{"rendered":"<p>[vc_row][vc_column][vc_empty_space][vc_custom_heading text=\u00a0\u00bbS&rsquo;inscrire \u00e0 la newsletter\u00a0\u00bb font_container=\u00a0\u00bbtag:h1|text_align:left|color:%23f4c3a2&Prime; use_theme_fonts=\u00a0\u00bbyes\u00a0\u00bb el_class=\u00a0\u00bbfont-h2&Prime;][vc_column_text css=\u00a0\u00bb.vc_custom_1622743487829{padding-top: 20px !important;}\u00a0\u00bb]Recevez-vous d\u00e9j\u00e0 notre bulletin d\u2019information ? Tous les deux mois, nous vous envoyons les derni\u00e8res actus<span class=\"excerpt-hellip\"> [\u2026]<\/span><\/p>\n","protected":false},"author":5,"featured_media":0,"parent":0,"menu_order":0,"comment_status":"closed","ping_status":"closed","template":"","meta":{"inline_featured_image":false,"footnotes":""},"class_list":["post-1640","page","type-page","status-publish","hentry"],"yoast_head":"<!-- This site is optimized with the Yoast SEO plugin v26.3 - https:\/\/yoast.com\/wordpress\/plugins\/seo\/ -->\n<title>S&#039;inscrire \u00e0 la newsletter - Membrasin avec baies d&#039;argousier<\/title>\n<meta name=\"description\" content=\"Recevez-vous d\u00e9j\u00e0 notre bulletin d\u2019information ? Tous les deux mois, nous vous envoyons les derni\u00e8res actus. Inscrivez-vous ici !\" \/>\n<meta name=\"robots\" content=\"index, follow, max-snippet:-1, max-image-preview:large, max-video-preview:-1\" \/>\n<link rel=\"canonical\" href=\"https:\/\/membrasin.be\/nl\/aanmelden-nieuwsbrief\/\" \/>\n<meta property=\"og:locale\" content=\"fr_FR\" \/>\n<meta property=\"og:type\" content=\"article\" \/>\n<meta property=\"og:title\" content=\"S&#039;inscrire \u00e0 la newsletter - Membrasin avec baies d&#039;argousier\" \/>\n<meta property=\"og:description\" content=\"Recevez-vous d\u00e9j\u00e0 notre bulletin d\u2019information ? Tous les deux mois, nous vous envoyons les derni\u00e8res actus. Inscrivez-vous ici !\" \/>\n<meta property=\"og:url\" content=\"https:\/\/membrasin.be\/nl\/aanmelden-nieuwsbrief\/\" \/>\n<meta property=\"og:site_name\" content=\"Membrasin\" \/>\n<meta property=\"article:publisher\" content=\"https:\/\/www.facebook.com\/MembrasinBE\" \/>\n<meta property=\"article:modified_time\" content=\"2022-01-19T08:52:30+00:00\" \/>\n<meta name=\"twitter:card\" content=\"summary_large_image\" \/>\n<meta name=\"twitter:label1\" content=\"Dur\u00e9e de lecture estim\u00e9e\" \/>\n\t<meta name=\"twitter:data1\" content=\"1 minute\" \/>\n<script type=\"application\/ld+json\" class=\"yoast-schema-graph\">{\"@context\":\"https:\/\/schema.org\",\"@graph\":[{\"@type\":\"WebPage\",\"@id\":\"https:\/\/membrasin.be\/nl\/aanmelden-nieuwsbrief\/\",\"url\":\"https:\/\/membrasin.be\/nl\/aanmelden-nieuwsbrief\/\",\"name\":\"S'inscrire \u00e0 la newsletter - Membrasin avec baies d'argousier\",\"isPartOf\":{\"@id\":\"https:\/\/membrasin.be\/nl\/#website\"},\"datePublished\":\"2021-06-03T18:05:33+00:00\",\"dateModified\":\"2022-01-19T08:52:30+00:00\",\"description\":\"Recevez-vous d\u00e9j\u00e0 notre bulletin d\u2019information ? Tous les deux mois, nous vous envoyons les derni\u00e8res actus. Inscrivez-vous ici !\",\"breadcrumb\":{\"@id\":\"https:\/\/membrasin.be\/nl\/aanmelden-nieuwsbrief\/#breadcrumb\"},\"inLanguage\":\"fr-FR\",\"potentialAction\":[{\"@type\":\"ReadAction\",\"target\":[\"https:\/\/membrasin.be\/nl\/aanmelden-nieuwsbrief\/\"]}]},{\"@type\":\"BreadcrumbList\",\"@id\":\"https:\/\/membrasin.be\/nl\/aanmelden-nieuwsbrief\/#breadcrumb\",\"itemListElement\":[{\"@type\":\"ListItem\",\"position\":1,\"name\":\"Home\",\"item\":\"https:\/\/membrasin.be\/fr\/\"},{\"@type\":\"ListItem\",\"position\":2,\"name\":\"S&#8217;inscrire \u00e0 la newsletter\"}]},{\"@type\":\"WebSite\",\"@id\":\"https:\/\/membrasin.be\/nl\/#website\",\"url\":\"https:\/\/membrasin.be\/nl\/\",\"name\":\"Membrasin\",\"description\":\"\",\"publisher\":{\"@id\":\"https:\/\/membrasin.be\/nl\/#organization\"},\"potentialAction\":[{\"@type\":\"SearchAction\",\"target\":{\"@type\":\"EntryPoint\",\"urlTemplate\":\"https:\/\/membrasin.be\/nl\/?s={search_term_string}\"},\"query-input\":{\"@type\":\"PropertyValueSpecification\",\"valueRequired\":true,\"valueName\":\"search_term_string\"}}],\"inLanguage\":\"fr-FR\"},{\"@type\":\"Organization\",\"@id\":\"https:\/\/membrasin.be\/nl\/#organization\",\"name\":\"Membrasin\",\"url\":\"https:\/\/membrasin.be\/nl\/\",\"logo\":{\"@type\":\"ImageObject\",\"inLanguage\":\"fr-FR\",\"@id\":\"https:\/\/membrasin.be\/nl\/#\/schema\/logo\/image\/\",\"url\":\"https:\/\/membrasin.be\/wp-content\/uploads\/2020\/09\/cropped-membrasin-logo-fr.png\",\"contentUrl\":\"https:\/\/membrasin.be\/wp-content\/uploads\/2020\/09\/cropped-membrasin-logo-fr.png\",\"width\":258,\"height\":49,\"caption\":\"Membrasin\"},\"image\":{\"@id\":\"https:\/\/membrasin.be\/nl\/#\/schema\/logo\/image\/\"},\"sameAs\":[\"https:\/\/www.facebook.com\/MembrasinBE\",\"https:\/\/www.instagram.com\/membrasinbe\"]}]}<\/script>\n<!-- \/ Yoast SEO plugin. -->","yoast_head_json":{"title":"S'inscrire \u00e0 la newsletter - Membrasin avec baies d'argousier","description":"Recevez-vous d\u00e9j\u00e0 notre bulletin d\u2019information ? Tous les deux mois, nous vous envoyons les derni\u00e8res actus. Inscrivez-vous ici !","robots":{"index":"index","follow":"follow","max-snippet":"max-snippet:-1","max-image-preview":"max-image-preview:large","max-video-preview":"max-video-preview:-1"},"canonical":"https:\/\/membrasin.be\/nl\/aanmelden-nieuwsbrief\/","og_locale":"fr_FR","og_type":"article","og_title":"S'inscrire \u00e0 la newsletter - Membrasin avec baies d'argousier","og_description":"Recevez-vous d\u00e9j\u00e0 notre bulletin d\u2019information ? Tous les deux mois, nous vous envoyons les derni\u00e8res actus. Inscrivez-vous ici !","og_url":"https:\/\/membrasin.be\/nl\/aanmelden-nieuwsbrief\/","og_site_name":"Membrasin","article_publisher":"https:\/\/www.facebook.com\/MembrasinBE","article_modified_time":"2022-01-19T08:52:30+00:00","twitter_card":"summary_large_image","twitter_misc":{"Dur\u00e9e de lecture estim\u00e9e":"1 minute"},"schema":{"@context":"https:\/\/schema.org","@graph":[{"@type":"WebPage","@id":"https:\/\/membrasin.be\/nl\/aanmelden-nieuwsbrief\/","url":"https:\/\/membrasin.be\/nl\/aanmelden-nieuwsbrief\/","name":"S'inscrire \u00e0 la newsletter - Membrasin avec baies d'argousier","isPartOf":{"@id":"https:\/\/membrasin.be\/nl\/#website"},"datePublished":"2021-06-03T18:05:33+00:00","dateModified":"2022-01-19T08:52:30+00:00","description":"Recevez-vous d\u00e9j\u00e0 notre bulletin d\u2019information ? Tous les deux mois, nous vous envoyons les derni\u00e8res actus. Inscrivez-vous ici !","breadcrumb":{"@id":"https:\/\/membrasin.be\/nl\/aanmelden-nieuwsbrief\/#breadcrumb"},"inLanguage":"fr-FR","potentialAction":[{"@type":"ReadAction","target":["https:\/\/membrasin.be\/nl\/aanmelden-nieuwsbrief\/"]}]},{"@type":"BreadcrumbList","@id":"https:\/\/membrasin.be\/nl\/aanmelden-nieuwsbrief\/#breadcrumb","itemListElement":[{"@type":"ListItem","position":1,"name":"Home","item":"https:\/\/membrasin.be\/fr\/"},{"@type":"ListItem","position":2,"name":"S&#8217;inscrire \u00e0 la newsletter"}]},{"@type":"WebSite","@id":"https:\/\/membrasin.be\/nl\/#website","url":"https:\/\/membrasin.be\/nl\/","name":"Membrasin","description":"","publisher":{"@id":"https:\/\/membrasin.be\/nl\/#organization"},"potentialAction":[{"@type":"SearchAction","target":{"@type":"EntryPoint","urlTemplate":"https:\/\/membrasin.be\/nl\/?s={search_term_string}"},"query-input":{"@type":"PropertyValueSpecification","valueRequired":true,"valueName":"search_term_string"}}],"inLanguage":"fr-FR"},{"@type":"Organization","@id":"https:\/\/membrasin.be\/nl\/#organization","name":"Membrasin","url":"https:\/\/membrasin.be\/nl\/","logo":{"@type":"ImageObject","inLanguage":"fr-FR","@id":"https:\/\/membrasin.be\/nl\/#\/schema\/logo\/image\/","url":"https:\/\/membrasin.be\/wp-content\/uploads\/2020\/09\/cropped-membrasin-logo-fr.png","contentUrl":"https:\/\/membrasin.be\/wp-content\/uploads\/2020\/09\/cropped-membrasin-logo-fr.png","width":258,"height":49,"caption":"Membrasin"},"image":{"@id":"https:\/\/membrasin.be\/nl\/#\/schema\/logo\/image\/"},"sameAs":["https:\/\/www.facebook.com\/MembrasinBE","https:\/\/www.instagram.com\/membrasinbe"]}]}},"_links":{"self":[{"href":"https:\/\/membrasin.be\/fr\/wp-json\/wp\/v2\/pages\/1640","targetHints":{"allow":["GET"]}}],"collection":[{"href":"https:\/\/membrasin.be\/fr\/wp-json\/wp\/v2\/pages"}],"about":[{"href":"https:\/\/membrasin.be\/fr\/wp-json\/wp\/v2\/types\/page"}],"author":[{"embeddable":true,"href":"https:\/\/membrasin.be\/fr\/wp-json\/wp\/v2\/users\/5"}],"replies":[{"embeddable":true,"href":"https:\/\/membrasin.be\/fr\/wp-json\/wp\/v2\/comments?post=1640"}],"version-history":[{"count":3,"href":"https:\/\/membrasin.be\/fr\/wp-json\/wp\/v2\/pages\/1640\/revisions"}],"predecessor-version":[{"id":1878,"href":"https:\/\/membrasin.be\/fr\/wp-json\/wp\/v2\/pages\/1640\/revisions\/1878"}],"wp:attachment":[{"href":"https:\/\/membrasin.be\/fr\/wp-json\/wp\/v2\/media?parent=1640"}],"curies":[{"name":"wp","href":"https:\/\/api.w.org\/{rel}","templated":true}]}}