{"id":268,"date":"2020-07-09T06:04:49","date_gmt":"2020-07-09T06:04:49","guid":{"rendered":"https:\/\/membrasin.be\/contact\/"},"modified":"2022-01-13T08:01:31","modified_gmt":"2022-01-13T08:01:31","slug":"contact","status":"publish","type":"page","link":"https:\/\/membrasin.be\/fr\/contact\/","title":{"rendered":"Contactez-nous"},"content":{"rendered":"<div class=\"wpb-content-wrapper\"><p>[vc_row css=\u00a0\u00bb.vc_custom_1594360026607{padding-top: 50px !important;padding-bottom: 50px !important;}\u00a0\u00bb el_class=\u00a0\u00bbblog\u00a0\u00bb][vc_column][vc_custom_heading text=\u00a0\u00bbContactez-nous\u00a0\u00bb font_container=\u00a0\u00bbtag:h1|text_align:left|color:%23f4c3a2&Prime; use_theme_fonts=\u00a0\u00bbyes\u00a0\u00bb el_class=\u00a0\u00bbfont-h2&Prime;][vc_column_text]Il est fort possible que vous ayez encore des questions sur l\u2019un de nos produits Membrasin\u00ae ou sur la baie d\u2019argousier. N\u2019h\u00e9sitez pas \u00e0 en faire part \u00e0 l\u2019un de nos experts. Ils vous contacteront d\u00e8s que possible par t\u00e9l\u00e9phone ou par e-mail\u00a0! N\u2019oubliez pas de nous suivre sur <a href=\"https:\/\/www.facebook.com\/MembrasinBE\">Facebook<\/a> et <a href=\"https:\/\/www.instagram.com\/membrasinbe\/\" target=\"_blank\" rel=\"noopener noreferrer\">Instagram<\/a> pour vous tenir inform\u00e9s des derni\u00e8res actualit\u00e9s.[\/vc_column_text]\n<div class=\"wpcf7 no-js\" id=\"wpcf7-f1107-o1\" lang=\"nl-NL\" dir=\"ltr\" data-wpcf7-id=\"1107\">\n<div class=\"screen-reader-response\"><p role=\"status\" aria-live=\"polite\" aria-atomic=\"true\"><\/p> <ul><\/ul><\/div>\n<form action=\"\/fr\/wp-json\/wp\/v2\/pages\/268#wpcf7-f1107-o1\" method=\"post\" class=\"wpcf7-form init\" aria-label=\"Contactformulier\" novalidate=\"novalidate\" data-status=\"init\">\n<fieldset class=\"hidden-fields-container\"><input type=\"hidden\" name=\"_wpcf7\" value=\"1107\" \/><input type=\"hidden\" name=\"_wpcf7_version\" value=\"6.1.3\" \/><input type=\"hidden\" name=\"_wpcf7_locale\" value=\"nl_NL\" \/><input type=\"hidden\" name=\"_wpcf7_unit_tag\" value=\"wpcf7-f1107-o1\" \/><input type=\"hidden\" name=\"_wpcf7_container_post\" value=\"0\" \/><input type=\"hidden\" name=\"_wpcf7_posted_data_hash\" value=\"\" \/>\n<\/fieldset>\n<div class=\"contact_form_cus\">\n\t<div class=\"vc_col-md-6\">\n\t\t<p><span class=\"wpcf7-form-control-wrap\" data-name=\"Voornaam\"><input size=\"40\" maxlength=\"400\" class=\"wpcf7-form-control wpcf7-text wpcf7-validates-as-required\" aria-required=\"true\" aria-invalid=\"false\" placeholder=\"Pr\u00e9nom*\" value=\"\" type=\"text\" name=\"Voornaam\" \/><\/span>\n\t\t<\/p>\n\t<\/div>\n\t<div class=\"vc_col-md-6\">\n\t\t<p><span class=\"wpcf7-form-control-wrap\" data-name=\"Naam\"><input size=\"40\" maxlength=\"400\" class=\"wpcf7-form-control wpcf7-text wpcf7-validates-as-required\" aria-required=\"true\" aria-invalid=\"false\" placeholder=\"Nom*\" value=\"\" type=\"text\" name=\"Naam\" \/><\/span>\n\t\t<\/p>\n\t<\/div>\n\t<div class=\"vc_col-md-6\">\n\t\t<p><span class=\"wpcf7-form-control-wrap\" data-name=\"email-993\"><input size=\"40\" maxlength=\"400\" class=\"wpcf7-form-control wpcf7-email wpcf7-text wpcf7-validates-as-email\" aria-invalid=\"false\" placeholder=\"E-mail*\" value=\"\" type=\"email\" name=\"email-993\" \/><\/span>\n\t\t<\/p>\n\t<\/div>\n\t<div class=\"vc_col-md-6\">\n\t\t<p><span class=\"wpcf7-form-control-wrap\" data-name=\"Telefoon\"><input size=\"40\" maxlength=\"400\" class=\"wpcf7-form-control wpcf7-text wpcf7-validates-as-required\" aria-required=\"true\" aria-invalid=\"false\" placeholder=\"T\u00e9l\u00e9phone*\" value=\"\" type=\"text\" name=\"Telefoon\" \/><\/span>\n\t\t<\/p>\n\t<\/div>\n\t<div class=\"vc_col-md-12\">\n\t\t<p><label>Message*<\/label><span class=\"wpcf7-form-control-wrap\" data-name=\"textarea-231\"><textarea cols=\"40\" rows=\"10\" maxlength=\"2000\" class=\"wpcf7-form-control wpcf7-textarea wpcf7-validates-as-required\" aria-required=\"true\" aria-invalid=\"false\" name=\"textarea-231\"><\/textarea><\/span>\n\t\t<\/p>\n\t<\/div>\n\t<div class=\"vc_col-md-12\">\n\t\t<div class=\"cussubmit\">\n\t\t\t<p><i class=\"fa fa-angle-right cus_right_icon\" aria-hidden=\"true\"><\/i><input class=\"wpcf7-form-control wpcf7-submit has-spinner\" type=\"submit\" value=\"Envoyer\" \/>\n\t\t\t<\/p>\n\t\t<\/div>\n\t<\/div>\n<\/div><input type='hidden' class='wpcf7-pum' value='{\"closepopup\":false,\"closedelay\":0,\"openpopup\":false,\"openpopup_id\":0}' \/><div class=\"wpcf7-response-output\" aria-hidden=\"true\"><\/div>\n<\/form>\n<\/div>\n[\/vc_column][\/vc_row]<\/p>\n<\/div>","protected":false},"excerpt":{"rendered":"<p>[vc_row css=\u00a0\u00bb.vc_custom_1594360026607{padding-top: 50px !important;padding-bottom: 50px !important;}\u00a0\u00bb el_class=\u00a0\u00bbblog\u00a0\u00bb][vc_column][vc_custom_heading text=\u00a0\u00bbContactez-nous\u00a0\u00bb font_container=\u00a0\u00bbtag:h1|text_align:left|color:%23f4c3a2&Prime; use_theme_fonts=\u00a0\u00bbyes\u00a0\u00bb el_class=\u00a0\u00bbfont-h2&Prime;][vc_column_text]Il est fort possible que vous ayez encore des questions sur l\u2019un de nos produits Membrasin\u00ae<span class=\"excerpt-hellip\"> [\u2026]<\/span><\/p>\n","protected":false},"author":4,"featured_media":0,"parent":0,"menu_order":0,"comment_status":"closed","ping_status":"closed","template":"","meta":{"inline_featured_image":false,"footnotes":""},"class_list":["post-268","page","type-page","status-publish","hentry"],"yoast_head":"<!-- This site is optimized with the Yoast SEO plugin v26.3 - https:\/\/yoast.com\/wordpress\/plugins\/seo\/ -->\n<title>Contactez-nous - Demande d&#039;avis d&#039;un expert - Membrasin<\/title>\n<meta name=\"description\" content=\"Il est possible que vous ayez encore des questions sur l\u2019un de nos produits Membrasin\u00ae ou sur la baie d\u2019argousier. Contactez-nous !\" \/>\n<meta name=\"robots\" content=\"index, follow, max-snippet:-1, max-image-preview:large, max-video-preview:-1\" \/>\n<link rel=\"canonical\" href=\"https:\/\/membrasin.be\/nl\/contact\/\" \/>\n<meta property=\"og:locale\" content=\"fr_FR\" \/>\n<meta property=\"og:type\" content=\"article\" \/>\n<meta property=\"og:title\" content=\"Contactez-nous - Demande d&#039;avis d&#039;un expert - Membrasin\" \/>\n<meta property=\"og:description\" content=\"Il est possible que vous ayez encore des questions sur l\u2019un de nos produits Membrasin\u00ae ou sur la baie d\u2019argousier. Contactez-nous !\" \/>\n<meta property=\"og:url\" content=\"https:\/\/membrasin.be\/nl\/contact\/\" \/>\n<meta property=\"og:site_name\" content=\"Membrasin\" \/>\n<meta property=\"article:publisher\" content=\"https:\/\/www.facebook.com\/MembrasinBE\" \/>\n<meta property=\"article:modified_time\" content=\"2022-01-13T08:01:31+00:00\" \/>\n<meta name=\"twitter:card\" content=\"summary_large_image\" \/>\n<meta name=\"twitter:label1\" content=\"Dur\u00e9e de lecture estim\u00e9e\" \/>\n\t<meta name=\"twitter:data1\" content=\"1 minute\" \/>\n<script type=\"application\/ld+json\" class=\"yoast-schema-graph\">{\"@context\":\"https:\/\/schema.org\",\"@graph\":[{\"@type\":\"WebPage\",\"@id\":\"https:\/\/membrasin.be\/nl\/contact\/\",\"url\":\"https:\/\/membrasin.be\/nl\/contact\/\",\"name\":\"Contactez-nous - Demande d'avis d'un expert - Membrasin\",\"isPartOf\":{\"@id\":\"https:\/\/membrasin.be\/nl\/#website\"},\"datePublished\":\"2020-07-09T06:04:49+00:00\",\"dateModified\":\"2022-01-13T08:01:31+00:00\",\"description\":\"Il est possible que vous ayez encore des questions sur l\u2019un de nos produits Membrasin\u00ae ou sur la baie d\u2019argousier. Contactez-nous !\",\"breadcrumb\":{\"@id\":\"https:\/\/membrasin.be\/nl\/contact\/#breadcrumb\"},\"inLanguage\":\"fr-FR\",\"potentialAction\":[{\"@type\":\"ReadAction\",\"target\":[\"https:\/\/membrasin.be\/nl\/contact\/\"]}]},{\"@type\":\"BreadcrumbList\",\"@id\":\"https:\/\/membrasin.be\/nl\/contact\/#breadcrumb\",\"itemListElement\":[{\"@type\":\"ListItem\",\"position\":1,\"name\":\"Home\",\"item\":\"https:\/\/membrasin.be\/fr\/\"},{\"@type\":\"ListItem\",\"position\":2,\"name\":\"Contactez-nous\"}]},{\"@type\":\"WebSite\",\"@id\":\"https:\/\/membrasin.be\/nl\/#website\",\"url\":\"https:\/\/membrasin.be\/nl\/\",\"name\":\"Membrasin\",\"description\":\"\",\"publisher\":{\"@id\":\"https:\/\/membrasin.be\/nl\/#organization\"},\"potentialAction\":[{\"@type\":\"SearchAction\",\"target\":{\"@type\":\"EntryPoint\",\"urlTemplate\":\"https:\/\/membrasin.be\/nl\/?s={search_term_string}\"},\"query-input\":{\"@type\":\"PropertyValueSpecification\",\"valueRequired\":true,\"valueName\":\"search_term_string\"}}],\"inLanguage\":\"fr-FR\"},{\"@type\":\"Organization\",\"@id\":\"https:\/\/membrasin.be\/nl\/#organization\",\"name\":\"Membrasin\",\"url\":\"https:\/\/membrasin.be\/nl\/\",\"logo\":{\"@type\":\"ImageObject\",\"inLanguage\":\"fr-FR\",\"@id\":\"https:\/\/membrasin.be\/nl\/#\/schema\/logo\/image\/\",\"url\":\"https:\/\/membrasin.be\/wp-content\/uploads\/2020\/09\/cropped-membrasin-logo-fr.png\",\"contentUrl\":\"https:\/\/membrasin.be\/wp-content\/uploads\/2020\/09\/cropped-membrasin-logo-fr.png\",\"width\":258,\"height\":49,\"caption\":\"Membrasin\"},\"image\":{\"@id\":\"https:\/\/membrasin.be\/nl\/#\/schema\/logo\/image\/\"},\"sameAs\":[\"https:\/\/www.facebook.com\/MembrasinBE\",\"https:\/\/www.instagram.com\/membrasinbe\"]}]}<\/script>\n<!-- \/ Yoast SEO plugin. -->","yoast_head_json":{"title":"Contactez-nous - Demande d'avis d'un expert - Membrasin","description":"Il est possible que vous ayez encore des questions sur l\u2019un de nos produits Membrasin\u00ae ou sur la baie d\u2019argousier. Contactez-nous !","robots":{"index":"index","follow":"follow","max-snippet":"max-snippet:-1","max-image-preview":"max-image-preview:large","max-video-preview":"max-video-preview:-1"},"canonical":"https:\/\/membrasin.be\/nl\/contact\/","og_locale":"fr_FR","og_type":"article","og_title":"Contactez-nous - Demande d'avis d'un expert - Membrasin","og_description":"Il est possible que vous ayez encore des questions sur l\u2019un de nos produits Membrasin\u00ae ou sur la baie d\u2019argousier. Contactez-nous !","og_url":"https:\/\/membrasin.be\/nl\/contact\/","og_site_name":"Membrasin","article_publisher":"https:\/\/www.facebook.com\/MembrasinBE","article_modified_time":"2022-01-13T08:01:31+00:00","twitter_card":"summary_large_image","twitter_misc":{"Dur\u00e9e de lecture estim\u00e9e":"1 minute"},"schema":{"@context":"https:\/\/schema.org","@graph":[{"@type":"WebPage","@id":"https:\/\/membrasin.be\/nl\/contact\/","url":"https:\/\/membrasin.be\/nl\/contact\/","name":"Contactez-nous - Demande d'avis d'un expert - Membrasin","isPartOf":{"@id":"https:\/\/membrasin.be\/nl\/#website"},"datePublished":"2020-07-09T06:04:49+00:00","dateModified":"2022-01-13T08:01:31+00:00","description":"Il est possible que vous ayez encore des questions sur l\u2019un de nos produits Membrasin\u00ae ou sur la baie d\u2019argousier. Contactez-nous !","breadcrumb":{"@id":"https:\/\/membrasin.be\/nl\/contact\/#breadcrumb"},"inLanguage":"fr-FR","potentialAction":[{"@type":"ReadAction","target":["https:\/\/membrasin.be\/nl\/contact\/"]}]},{"@type":"BreadcrumbList","@id":"https:\/\/membrasin.be\/nl\/contact\/#breadcrumb","itemListElement":[{"@type":"ListItem","position":1,"name":"Home","item":"https:\/\/membrasin.be\/fr\/"},{"@type":"ListItem","position":2,"name":"Contactez-nous"}]},{"@type":"WebSite","@id":"https:\/\/membrasin.be\/nl\/#website","url":"https:\/\/membrasin.be\/nl\/","name":"Membrasin","description":"","publisher":{"@id":"https:\/\/membrasin.be\/nl\/#organization"},"potentialAction":[{"@type":"SearchAction","target":{"@type":"EntryPoint","urlTemplate":"https:\/\/membrasin.be\/nl\/?s={search_term_string}"},"query-input":{"@type":"PropertyValueSpecification","valueRequired":true,"valueName":"search_term_string"}}],"inLanguage":"fr-FR"},{"@type":"Organization","@id":"https:\/\/membrasin.be\/nl\/#organization","name":"Membrasin","url":"https:\/\/membrasin.be\/nl\/","logo":{"@type":"ImageObject","inLanguage":"fr-FR","@id":"https:\/\/membrasin.be\/nl\/#\/schema\/logo\/image\/","url":"https:\/\/membrasin.be\/wp-content\/uploads\/2020\/09\/cropped-membrasin-logo-fr.png","contentUrl":"https:\/\/membrasin.be\/wp-content\/uploads\/2020\/09\/cropped-membrasin-logo-fr.png","width":258,"height":49,"caption":"Membrasin"},"image":{"@id":"https:\/\/membrasin.be\/nl\/#\/schema\/logo\/image\/"},"sameAs":["https:\/\/www.facebook.com\/MembrasinBE","https:\/\/www.instagram.com\/membrasinbe"]}]}},"_links":{"self":[{"href":"https:\/\/membrasin.be\/fr\/wp-json\/wp\/v2\/pages\/268","targetHints":{"allow":["GET"]}}],"collection":[{"href":"https:\/\/membrasin.be\/fr\/wp-json\/wp\/v2\/pages"}],"about":[{"href":"https:\/\/membrasin.be\/fr\/wp-json\/wp\/v2\/types\/page"}],"author":[{"embeddable":true,"href":"https:\/\/membrasin.be\/fr\/wp-json\/wp\/v2\/users\/4"}],"replies":[{"embeddable":true,"href":"https:\/\/membrasin.be\/fr\/wp-json\/wp\/v2\/comments?post=268"}],"version-history":[{"count":9,"href":"https:\/\/membrasin.be\/fr\/wp-json\/wp\/v2\/pages\/268\/revisions"}],"predecessor-version":[{"id":1870,"href":"https:\/\/membrasin.be\/fr\/wp-json\/wp\/v2\/pages\/268\/revisions\/1870"}],"wp:attachment":[{"href":"https:\/\/membrasin.be\/fr\/wp-json\/wp\/v2\/media?parent=268"}],"curies":[{"name":"wp","href":"https:\/\/api.w.org\/{rel}","templated":true}]}}