{"id":269,"date":"2020-07-09T06:04:40","date_gmt":"2020-07-09T06:04:40","guid":{"rendered":"https:\/\/membrasin.be\/faq\/"},"modified":"2023-12-19T14:19:33","modified_gmt":"2023-12-19T14:19:33","slug":"faq","status":"publish","type":"page","link":"https:\/\/membrasin.be\/fr\/faq\/","title":{"rendered":"FAQ"},"content":{"rendered":"<div class=\"wpb-content-wrapper\"><p>[vc_row full_width=\u00a0\u00bbstretch_row\u00a0\u00bb css=\u00a0\u00bb.vc_custom_1594370392687{padding-top: 50px !important;padding-bottom: 50px !important;background-color: #f8f8f8 !important;}\u00a0\u00bb el_class=\u00a0\u00bbblog\u00a0\u00bb][vc_column][vc_custom_heading text=\u00a0\u00bbFoire aux questions\u00a0\u00bb font_container=\u00a0\u00bbtag:h1|text_align:left|color:%23f4c3a2&Prime; use_theme_fonts=\u00a0\u00bbyes\u00a0\u00bb el_class=\u00a0\u00bbfont-h2&Prime;][vc_column_text]Lisez les r\u00e9ponses aux questions sur Membrasin ci-dessous. Avez-vous d&rsquo;autres questions sur Membrasin ? Alors n&rsquo;h\u00e9sitez pas \u00e0 nous <a href=\"https:\/\/membrasin.be\/fr\/contact\/\">contacter <\/a>! Vous pouvez \u00e9galement envoyer un message via notre page <a href=\"https:\/\/www.facebook.com\/MembrasinBE\">Facebook<\/a>.[\/vc_column_text][\/vc_column][\/vc_row][vc_row el_class=\u00a0\u00bbfont-green1&Prime;][vc_column][vc_row_inner el_class=\u00a0\u00bbfaq_bdr\u00a0\u00bb][vc_column_inner el_class=\u00a0\u00bbfaq_border\u00a0\u00bb][vc_custom_heading text=\u00a0\u00bbQuel est le meilleur moment pour utiliser Membrasin\u00ae ?\u00a0\u00bb font_container=\u00a0\u00bbtag:h2|text_align:left|color:%23458a2d\u00a0\u00bb use_theme_fonts=\u00a0\u00bbyes\u00a0\u00bb css=\u00a0\u00bb.vc_custom_1599737409110{margin-top: 0px !important;margin-bottom: 0px !important;padding-top: 0px !important;padding-bottom: 0px !important;}\u00a0\u00bb][vc_column_text el_class=\u00a0\u00bbcus_green_bdr\u00a0\u00bb]Le produit est absorb\u00e9 de fa\u00e7on optimale pendant les repas. Prenez par exemple Membrasin\u00ae au petit-d\u00e9jeuner et au d\u00eener.[\/vc_column_text][\/vc_column_inner][\/vc_row_inner][vc_row_inner el_class=\u00a0\u00bbfaq_bdr\u00a0\u00bb][vc_column_inner el_class=\u00a0\u00bbfaq_border\u00a0\u00bb][vc_custom_heading text=\u00a0\u00bbPuis-je combiner Membrasin\u00ae avec d\u2019autres produits ?\u00a0\u00bb font_container=\u00a0\u00bbtag:h2|text_align:left|color:%23458a2d\u00a0\u00bb use_theme_fonts=\u00a0\u00bbyes\u00a0\u00bb css=\u00a0\u00bb.vc_custom_1599737428253{margin-top: 0px !important;margin-bottom: 0px !important;padding-top: 0px !important;padding-bottom: 0px !important;}\u00a0\u00bb][vc_column_text el_class=\u00a0\u00bbcus_green_bdr\u00a0\u00bb]Oui, c\u2019est possible\u00a0! Nous recommandons toutefois un minimum de dix minutes entre les ingestions afin d\u2019\u00e9viter que les produits ne se m\u00e9langent.[\/vc_column_text][\/vc_column_inner][\/vc_row_inner][vc_row_inner el_class=\u00a0\u00bbfaq_bdr\u00a0\u00bb][vc_column_inner el_class=\u00a0\u00bbfaq_border\u00a0\u00bb][vc_custom_heading text=\u00a0\u00bbJ\u2019utilise d\u00e9j\u00e0 de l\u2019huile de poisson, ainsi que Membrasin\u00ae. Puis-je continuer ou l\u2019association de ces deux produits est-elle excessive ?\u00a0\u00bb font_container=\u00a0\u00bbtag:h2|text_align:left|color:%23458a2d\u00a0\u00bb use_theme_fonts=\u00a0\u00bbyes\u00a0\u00bb css=\u00a0\u00bb.vc_custom_1599737452862{margin-top: 0px !important;margin-bottom: 0px !important;padding-top: 0px !important;padding-bottom: 0px !important;}\u00a0\u00bb][vc_column_text el_class=\u00a0\u00bbcus_green_bdr\u00a0\u00bb]Membrasin\u00ae contient notamment des acides gras<a href=\"https:\/\/membrasin.be\/fr\/baie-dargousier\/avec-omega-3\/\"> om\u00e9ga\u00a03, 6, 7 et 9<\/a>. Vous pouvez bien entendu continuer \u00e0 utiliser de l\u2019huile de poisson en association avec Membrasin\u00ae.[\/vc_column_text][\/vc_column_inner][\/vc_row_inner][vc_row_inner el_class=\u00a0\u00bbfaq_bdr\u00a0\u00bb][vc_column_inner el_class=\u00a0\u00bbfaq_border\u00a0\u00bb][vc_custom_heading text=\u00a0\u00bbMembrasin\u00ae convient-il \u00e0 un usage externe ?\u00a0\u00bb font_container=\u00a0\u00bbtag:h2|text_align:left|color:%23458a2d\u00a0\u00bb use_theme_fonts=\u00a0\u00bbyes\u00a0\u00bb css=\u00a0\u00bb.vc_custom_1599737486455{margin-top: 0px !important;margin-bottom: 0px !important;padding-top: 0px !important;padding-bottom: 0px !important;}\u00a0\u00bb][vc_column_text el_class=\u00a0\u00bbcus_green_bdr\u00a0\u00bb]Vous pouvez percer la g\u00e9lule et utiliser le contenu de mani\u00e8re externe sur la peau. Bien s\u00fbr, vous pouvez aussi utiliser Membrasin Liquide. Membrasin peut causer des taches (d\u2019huile) sur les v\u00eatements. La couleur de l\u2019huile peut provoquer une l\u00e9g\u00e8re d\u00e9coloration de la peau.[\/vc_column_text][\/vc_column_inner][\/vc_row_inner][vc_row_inner el_class=\u00a0\u00bbfaq_bdr\u00a0\u00bb][vc_column_inner el_class=\u00a0\u00bbfaq_border\u00a0\u00bb][vc_custom_heading text=\u00a0\u00bbMembrasin\u00ae convient-il aux v\u00e9g\u00e9tariens et aux v\u00e9g\u00e9taliens ?\u00a0\u00bb font_container=\u00a0\u00bbtag:h2|text_align:left|color:%23458a2d\u00a0\u00bb use_theme_fonts=\u00a0\u00bbyes\u00a0\u00bb css=\u00a0\u00bb.vc_custom_1599737506464{margin-top: 0px !important;margin-bottom: 0px !important;padding-top: 0px !important;padding-bottom: 0px !important;}\u00a0\u00bb][vc_column_text el_class=\u00a0\u00bbcus_green_bdr\u00a0\u00bb]Les v\u00e9g\u00e9tariens et les v\u00e9g\u00e9taliens peuvent utiliser Membrasin et Membrasin Eye Care en toute s\u00e9curit\u00e9. Membrasin utilise des g\u00e9lules v\u00e9g\u00e9tales (Vegicaps) qui sont 100\u00a0% v\u00e9g\u00e9tales et ne contiennent donc aucun ingr\u00e9dient d\u2019origine animale.[\/vc_column_text][\/vc_column_inner][\/vc_row_inner][vc_row_inner el_class=\u00a0\u00bbfaq_bdr\u00a0\u00bb][vc_column_inner el_class=\u00a0\u00bbfaq_border\u00a0\u00bb][vc_custom_heading text=\u00a0\u00bbJe suis enceinte, puis-je utiliser Membrasin\u00ae ?\u00a0\u00bb font_container=\u00a0\u00bbtag:h2|text_align:left|color:%23458a2d\u00a0\u00bb use_theme_fonts=\u00a0\u00bbyes\u00a0\u00bb css=\u00a0\u00bb.vc_custom_1599737525488{margin-top: 0px !important;margin-bottom: 0px !important;padding-top: 0px !important;padding-bottom: 0px !important;}\u00a0\u00bb][vc_column_text el_class=\u00a0\u00bbcus_green_bdr\u00a0\u00bb]Oui, vous pouvez utiliser Membrasin en toute qui\u00e9tude pendant la grossesse. Il en va de m\u00eame pour la p\u00e9riode d\u2019allaitement.[\/vc_column_text][\/vc_column_inner][\/vc_row_inner][vc_row_inner el_class=\u00a0\u00bbfaq_bdr\u00a0\u00bb][vc_column_inner el_class=\u00a0\u00bbfaq_border\u00a0\u00bb][vc_custom_heading text=\u00a0\u00bbO\u00f9 peut-on se procurer Membrasin\u00ae ?\u00a0\u00bb font_container=\u00a0\u00bbtag:h2|text_align:left|color:%23458a2d\u00a0\u00bb use_theme_fonts=\u00a0\u00bbyes\u00a0\u00bb css=\u00a0\u00bb.vc_custom_1599737542740{margin-top: 0px !important;margin-bottom: 0px !important;padding-top: 0px !important;padding-bottom: 0px !important;}\u00a0\u00bb][vc_column_text el_class=\u00a0\u00bbcus_green_bdr\u00a0\u00bb]Les <a href=\"https:\/\/membrasin.be\/fr\/product\/gelules-de-membrasin\/\">g\u00e9lules de Membrasin<\/a> et <a href=\"https:\/\/membrasin.be\/fr\/product\/membrasin-liquide\/\">Membrasin Liquide<\/a> sont disponibles dans les magasins d\u2019alimentation naturelle et les pharmacies. S\u2019ils n\u2019en ont pas en stock, ils peuvent commander Membrasin aupr\u00e8s de leur grossiste ou directement aupr\u00e8s de TS Health Products. Vous pouvez \u00e9galement vous renseigner aupr\u00e8s des points de vente de votre r\u00e9gion.[\/vc_column_text][\/vc_column_inner][\/vc_row_inner][vc_row_inner el_class=\u00a0\u00bbfaq_bdr\u00a0\u00bb][vc_column_inner el_class=\u00a0\u00bbfaq_border\u00a0\u00bb][vc_custom_heading text=\u00a0\u00bbQuelle est la diff\u00e9rence entre Membrasin\u00ae et Membrasin\u00ae Eye Care ?\u00a0\u00bb font_container=\u00a0\u00bbtag:h2|text_align:left|color:%23458a2d\u00a0\u00bb use_theme_fonts=\u00a0\u00bbyes\u00a0\u00bb css=\u00a0\u00bb.vc_custom_1599737582983{margin-top: 0px !important;margin-bottom: 0px !important;padding-top: 0px !important;padding-bottom: 0px !important;}\u00a0\u00bb][vc_column_text el_class=\u00a0\u00bbcus_green_bdr\u00a0\u00bb]<a href=\"https:\/\/membrasin.be\/fr\/product\/membrasin-eye-care\/\">Membrasin Eye Care<\/a> est une nouvelle version modifi\u00e9e du Membrasin\u00ae original. Membrasin Eye Care contient deux substances suppl\u00e9mentaires, la lut\u00e9ine et la z\u00e9axanthine. Ces deux substances ont un effet suppl\u00e9mentaire sur la s\u00e9cheresse oculaire.<\/p>\n<p>Vous pouvez donc prendre Membrasin Eye Care au lieu de Membrasin si vous ne souffrez que de s\u00e9cheresse oculaire. Si vous souffrez \u00e9galement de peau s\u00e8che et\/ou de muqueuses s\u00e8ches, nous vous conseillons de continuer \u00e0 utiliser Membrasin original.[\/vc_column_text][\/vc_column_inner][\/vc_row_inner][vc_row_inner el_class=\u00a0\u00bbfaq_bdr\u00a0\u00bb][vc_column_inner el_class=\u00a0\u00bbfaq_border\u00a0\u00bb][vc_custom_heading text=\u00a0\u00bbPuis-je utiliser Membrasin pendant longtemps ?\u00a0\u00bb font_container=\u00a0\u00bbtag:h2|text_align:left|color:%23458a2d\u00a0\u00bb use_theme_fonts=\u00a0\u00bbyes\u00a0\u00bb css=\u00a0\u00bb.vc_custom_1599737623400{margin-top: 0px !important;margin-bottom: 0px !important;padding-top: 0px !important;padding-bottom: 0px !important;}\u00a0\u00bb][vc_column_text el_class=\u00a0\u00bbcus_green_bdr\u00a0\u00bb]Il n\u2019induit aucune accoutumance et peut \u00eatre utilis\u00e9 pendant une longue p\u00e9riode.[\/vc_column_text][\/vc_column_inner][\/vc_row_inner][vc_row_inner el_class=\u00a0\u00bbfaq_bdr\u00a0\u00bb][vc_column_inner el_class=\u00a0\u00bbfaq_border\u00a0\u00bb][vc_custom_heading text=\u00a0\u00bbUne consommation \u00e9lev\u00e9e d\u2019om\u00e9ga 7 est-elle mauvaise pour ma sant\u00e9 ?\u00a0\u00bb font_container=\u00a0\u00bbtag:h2|text_align:left|color:%23458a2d\u00a0\u00bb use_theme_fonts=\u00a0\u00bbyes\u00a0\u00bb css=\u00a0\u00bb.vc_custom_1599737642573{margin-top: 0px !important;margin-bottom: 0px !important;padding-top: 0px !important;padding-bottom: 0px !important;}\u00a0\u00bb][vc_column_text el_class=\u00a0\u00bbcus_green_bdr\u00a0\u00bb]Il n\u2019existe aucun cas connu de ce genre.[\/vc_column_text][\/vc_column_inner][\/vc_row_inner][vc_row_inner el_class=\u00a0\u00bbfaq_bdr\u00a0\u00bb][vc_column_inner el_class=\u00a0\u00bbfaq_border\u00a0\u00bb][vc_custom_heading text=\u00a0\u00bbMembrasin se pr\u00e9sente-t-il sous forme liquide ou en g\u00e9lules ?\u00a0\u00bb font_container=\u00a0\u00bbtag:h2|text_align:left|color:%23458a2d\u00a0\u00bb use_theme_fonts=\u00a0\u00bbyes\u00a0\u00bb css=\u00a0\u00bb.vc_custom_1599737660057{margin-top: 0px !important;margin-bottom: 0px !important;padding-top: 0px !important;padding-bottom: 0px !important;}\u00a0\u00bb][vc_column_text el_class=\u00a0\u00bbcus_green_bdr\u00a0\u00bb]Membrasin existe aussi bien sous forme liquide que sous forme de g\u00e9lules.[\/vc_column_text][\/vc_column_inner][\/vc_row_inner][vc_row_inner el_class=\u00a0\u00bbfaq_bdr\u00a0\u00bb][vc_column_inner el_class=\u00a0\u00bbfaq_border\u00a0\u00bb][vc_custom_heading text=\u00a0\u00bbLa prise de m\u00e9dicaments peut-elle \u00eatre \u00e0 l\u2019origine de la s\u00e9cheresse des muqueuses ?\u00a0\u00bb font_container=\u00a0\u00bbtag:h2|text_align:left|color:%23458a2d\u00a0\u00bb use_theme_fonts=\u00a0\u00bbyes\u00a0\u00bb css=\u00a0\u00bb.vc_custom_1599737678815{margin-top: 0px !important;margin-bottom: 0px !important;padding-top: 0px !important;padding-bottom: 0px !important;}\u00a0\u00bb][vc_column_text el_class=\u00a0\u00bbcus_green_bdr\u00a0\u00bb]Les causes de la <a href=\"https:\/\/membrasin.be\/fr\/muqueuses-seches\/\">s\u00e9cheresse des muqueuses<\/a> sont diverses. Nous vous conseillons de vous renseigner aupr\u00e8s d\u2019un sp\u00e9cialiste concernant votre situation sp\u00e9cifique.[\/vc_column_text][\/vc_column_inner][\/vc_row_inner][vc_row_inner el_class=\u00a0\u00bbfaq_bdr\u00a0\u00bb][vc_column_inner el_class=\u00a0\u00bbfaq_border\u00a0\u00bb][vc_custom_heading text=\u00a0\u00bbPourriez-vous nous en dire plus sur le processus de la m\u00e9nopause ?\u00a0\u00bb font_container=\u00a0\u00bbtag:h2|text_align:left|color:%23458a2d\u00a0\u00bb use_theme_fonts=\u00a0\u00bbyes\u00a0\u00bb css=\u00a0\u00bb.vc_custom_1599737727621{margin-top: 0px !important;margin-bottom: 0px !important;padding-top: 0px !important;padding-bottom: 0px !important;}\u00a0\u00bb][vc_column_text el_class=\u00a0\u00bbcus_green_bdr\u00a0\u00bb]Chez la femme, les ovaires produisent des hormones, notamment des \u0153strog\u00e8nes, pendant la p\u00e9riode de f\u00e9condit\u00e9. Lorsqu\u2019une femme entre dans la m\u00e9nopause, le cycle d\u2019ovulation prend fin et la production d\u2019\u0153strog\u00e8nes diminue. Ce processus entra\u00eene des fluctuations hormonales. Les menstruations deviennent d\u2019abord moins r\u00e9guli\u00e8res et finissent par s\u2019arr\u00eater compl\u00e8tement. Pendant la m\u00e9nopause, vous pouvez ressentir des sympt\u00f4mes physiques et mentaux. La s\u00e9cheresse des muqueuses est un ph\u00e9nom\u00e8ne fr\u00e9quent li\u00e9 \u00e0 la m\u00e9nopause. Membrasin Huile de baies d\u2019argousier agit sur la s\u00e9cheresse cutan\u00e9e, oculaire et des muqueuses.[\/vc_column_text][\/vc_column_inner][\/vc_row_inner][vc_row_inner el_class=\u00a0\u00bbfaq_bdr\u00a0\u00bb][vc_column_inner el_class=\u00a0\u00bbfaq_border\u00a0\u00bb][vc_custom_heading text=\u00a0\u00bbQuand ne dois-je pas utiliser Membrasin ?\u00a0\u00bb font_container=\u00a0\u00bbtag:h2|text_align:left|color:%23458a2d\u00a0\u00bb use_theme_fonts=\u00a0\u00bbyes\u00a0\u00bb css=\u00a0\u00bb.vc_custom_1599737755685{margin-top: 0px !important;margin-bottom: 0px !important;padding-top: 0px !important;padding-bottom: 0px !important;}\u00a0\u00bb][vc_column_text el_class=\u00a0\u00bbcus_green_bdr\u00a0\u00bb]Les personnes atteintes d\u2019h\u00e9mophilie ou qui prennent de la warfarine sont invit\u00e9es \u00e0 faire preuve de prudence et \u00e0 commencer par une faible dose. Aucun autre cas particulier n\u2019a \u00e9t\u00e9 rapport\u00e9. N\u00e9anmoins, en cas de doute, n\u2019h\u00e9sitez pas \u00e0 contacter un sp\u00e9cialiste.[\/vc_column_text][\/vc_column_inner][\/vc_row_inner][vc_row_inner el_class=\u00a0\u00bbfaq_bdr\u00a0\u00bb][vc_column_inner el_class=\u00a0\u00bbfaq_border\u00a0\u00bb][vc_custom_heading text=\u00a0\u00bbMembrasin a-t-il des effets secondaires ?\u00a0\u00bb font_container=\u00a0\u00bbtag:h2|text_align:left|color:%23458a2d\u00a0\u00bb use_theme_fonts=\u00a0\u00bbyes\u00a0\u00bb css=\u00a0\u00bb.vc_custom_1599737772854{margin-top: 0px !important;margin-bottom: 0px !important;padding-top: 0px !important;padding-bottom: 0px !important;}\u00a0\u00bb][vc_column_text]Actuellement, le produit est vendu dans 20\u00a0pays sans effets secondaires manifestes, \u00e0 notre connaissance et lorsqu\u2019il est utilis\u00e9 conform\u00e9ment au mode d\u2019emploi.<\/p>\n<p><em>1\u00a0all\u00e9gation de sant\u00e9 en attente d\u2019approbation par la Commission europ\u00e9enne<\/em><\/p>\n<p><em>n\u00b0KAG 161-0719-2584 (Conseil d\u2019inspection pour la recommandation des produits de sant\u00e9 [Keuringsraad Aanprijzing Gezondheidsproducten, KAG], Pays-Bas)<\/em>[\/vc_column_text][\/vc_column_inner][\/vc_row_inner][\/vc_column][\/vc_row][vc_row full_width=\u00a0\u00bbstretch_row\u00a0\u00bb css=\u00a0\u00bb.vc_custom_1594371807266{padding-top: 50px !important;padding-bottom: 0px !important;background-color: #f8f8f8 !important;}\u00a0\u00bb][vc_column][vc_row_inner][vc_column_inner width=\u00a0\u00bb7\/12&Prime;][vc_custom_heading text=\u00a0\u00bbMembrasin vous int\u00e9resse\u00a0\u00bb font_container=\u00a0\u00bbtag:h2|text_align:left|color:%23458a2d\u00a0\u00bb use_theme_fonts=\u00a0\u00bbyes\u00a0\u00bb el_class=\u00a0\u00bbfont-h2&Prime;][\/vc_column_inner][vc_column_inner width=\u00a0\u00bb5\/12&Prime;][vc_btn title=\u00a0\u00bbConsultez nos produits !\u00a0\u00bb link=\u00a0\u00bburl:https%3A%2F%2Fmembrasin.be%2Ffr%2Fshop%2F|title:Shop||\u00a0\u00bb el_class=\u00a0\u00bbgreen_btn\u00a0\u00bb][\/vc_column_inner][\/vc_row_inner][\/vc_column][\/vc_row]<\/p>\n<\/div>","protected":false},"excerpt":{"rendered":"<p>[vc_row full_width=\u00a0\u00bbstretch_row\u00a0\u00bb css=\u00a0\u00bb.vc_custom_1594370392687{padding-top: 50px !important;padding-bottom: 50px !important;background-color: #f8f8f8 !important;}\u00a0\u00bb el_class=\u00a0\u00bbblog\u00a0\u00bb][vc_column][vc_custom_heading text=\u00a0\u00bbFoire aux questions\u00a0\u00bb font_container=\u00a0\u00bbtag:h1|text_align:left|color:%23f4c3a2&Prime; use_theme_fonts=\u00a0\u00bbyes\u00a0\u00bb el_class=\u00a0\u00bbfont-h2&Prime;][vc_column_text]Lisez les r\u00e9ponses aux questions sur Membrasin ci-dessous. Avez-vous d&rsquo;autres questions<span class=\"excerpt-hellip\"> [\u2026]<\/span><\/p>\n","protected":false},"author":4,"featured_media":0,"parent":0,"menu_order":0,"comment_status":"closed","ping_status":"closed","template":"","meta":{"inline_featured_image":false,"footnotes":""},"class_list":["post-269","page","type-page","status-publish","hentry"],"yoast_head":"<!-- This site is optimized with the Yoast SEO plugin v26.3 - https:\/\/yoast.com\/wordpress\/plugins\/seo\/ -->\n<title>FAQ - Questions sur Membrasin - Membrasin compl\u00e9ment alimentaire<\/title>\n<meta name=\"description\" content=\"Lisez les r\u00e9ponses aux questions sur Membrasin ci-dessous. Avez-vous d&#039;autres questions sur Membrasin ? Alors n&#039;h\u00e9sitez pas \u00e0 nous contacter !\" \/>\n<meta name=\"robots\" content=\"index, follow, max-snippet:-1, max-image-preview:large, max-video-preview:-1\" \/>\n<link rel=\"canonical\" href=\"https:\/\/membrasin.be\/nl\/faq\/\" \/>\n<meta property=\"og:locale\" content=\"fr_FR\" \/>\n<meta property=\"og:type\" content=\"article\" \/>\n<meta property=\"og:title\" content=\"FAQ - Questions sur Membrasin - Membrasin compl\u00e9ment alimentaire\" \/>\n<meta property=\"og:description\" content=\"Lisez les r\u00e9ponses aux questions sur Membrasin ci-dessous. Avez-vous d&#039;autres questions sur Membrasin ? Alors n&#039;h\u00e9sitez pas \u00e0 nous contacter !\" \/>\n<meta property=\"og:url\" content=\"https:\/\/membrasin.be\/nl\/faq\/\" \/>\n<meta property=\"og:site_name\" content=\"Membrasin\" \/>\n<meta property=\"article:publisher\" content=\"https:\/\/www.facebook.com\/MembrasinBE\" \/>\n<meta property=\"article:modified_time\" content=\"2023-12-19T14:19:33+00:00\" \/>\n<meta name=\"twitter:card\" content=\"summary_large_image\" \/>\n<meta name=\"twitter:label1\" content=\"Dur\u00e9e de lecture estim\u00e9e\" \/>\n\t<meta name=\"twitter:data1\" content=\"10 minutes\" \/>\n<script type=\"application\/ld+json\" class=\"yoast-schema-graph\">{\"@context\":\"https:\/\/schema.org\",\"@graph\":[{\"@type\":\"WebPage\",\"@id\":\"https:\/\/membrasin.be\/nl\/faq\/\",\"url\":\"https:\/\/membrasin.be\/nl\/faq\/\",\"name\":\"FAQ - Questions sur Membrasin - Membrasin compl\u00e9ment alimentaire\",\"isPartOf\":{\"@id\":\"https:\/\/membrasin.be\/nl\/#website\"},\"datePublished\":\"2020-07-09T06:04:40+00:00\",\"dateModified\":\"2023-12-19T14:19:33+00:00\",\"description\":\"Lisez les r\u00e9ponses aux questions sur Membrasin ci-dessous. Avez-vous d'autres questions sur Membrasin ? Alors n'h\u00e9sitez pas \u00e0 nous contacter !\",\"breadcrumb\":{\"@id\":\"https:\/\/membrasin.be\/nl\/faq\/#breadcrumb\"},\"inLanguage\":\"fr-FR\",\"potentialAction\":[{\"@type\":\"ReadAction\",\"target\":[\"https:\/\/membrasin.be\/nl\/faq\/\"]}]},{\"@type\":\"BreadcrumbList\",\"@id\":\"https:\/\/membrasin.be\/nl\/faq\/#breadcrumb\",\"itemListElement\":[{\"@type\":\"ListItem\",\"position\":1,\"name\":\"Home\",\"item\":\"https:\/\/membrasin.be\/fr\/\"},{\"@type\":\"ListItem\",\"position\":2,\"name\":\"FAQ\"}]},{\"@type\":\"WebSite\",\"@id\":\"https:\/\/membrasin.be\/nl\/#website\",\"url\":\"https:\/\/membrasin.be\/nl\/\",\"name\":\"Membrasin\",\"description\":\"\",\"publisher\":{\"@id\":\"https:\/\/membrasin.be\/nl\/#organization\"},\"potentialAction\":[{\"@type\":\"SearchAction\",\"target\":{\"@type\":\"EntryPoint\",\"urlTemplate\":\"https:\/\/membrasin.be\/nl\/?s={search_term_string}\"},\"query-input\":{\"@type\":\"PropertyValueSpecification\",\"valueRequired\":true,\"valueName\":\"search_term_string\"}}],\"inLanguage\":\"fr-FR\"},{\"@type\":\"Organization\",\"@id\":\"https:\/\/membrasin.be\/nl\/#organization\",\"name\":\"Membrasin\",\"url\":\"https:\/\/membrasin.be\/nl\/\",\"logo\":{\"@type\":\"ImageObject\",\"inLanguage\":\"fr-FR\",\"@id\":\"https:\/\/membrasin.be\/nl\/#\/schema\/logo\/image\/\",\"url\":\"https:\/\/membrasin.be\/wp-content\/uploads\/2020\/09\/cropped-membrasin-logo-fr.png\",\"contentUrl\":\"https:\/\/membrasin.be\/wp-content\/uploads\/2020\/09\/cropped-membrasin-logo-fr.png\",\"width\":258,\"height\":49,\"caption\":\"Membrasin\"},\"image\":{\"@id\":\"https:\/\/membrasin.be\/nl\/#\/schema\/logo\/image\/\"},\"sameAs\":[\"https:\/\/www.facebook.com\/MembrasinBE\",\"https:\/\/www.instagram.com\/membrasinbe\"]}]}<\/script>\n<!-- \/ Yoast SEO plugin. -->","yoast_head_json":{"title":"FAQ - Questions sur Membrasin - Membrasin compl\u00e9ment alimentaire","description":"Lisez les r\u00e9ponses aux questions sur Membrasin ci-dessous. Avez-vous d'autres questions sur Membrasin ? Alors n'h\u00e9sitez pas \u00e0 nous contacter !","robots":{"index":"index","follow":"follow","max-snippet":"max-snippet:-1","max-image-preview":"max-image-preview:large","max-video-preview":"max-video-preview:-1"},"canonical":"https:\/\/membrasin.be\/nl\/faq\/","og_locale":"fr_FR","og_type":"article","og_title":"FAQ - Questions sur Membrasin - Membrasin compl\u00e9ment alimentaire","og_description":"Lisez les r\u00e9ponses aux questions sur Membrasin ci-dessous. Avez-vous d'autres questions sur Membrasin ? Alors n'h\u00e9sitez pas \u00e0 nous contacter !","og_url":"https:\/\/membrasin.be\/nl\/faq\/","og_site_name":"Membrasin","article_publisher":"https:\/\/www.facebook.com\/MembrasinBE","article_modified_time":"2023-12-19T14:19:33+00:00","twitter_card":"summary_large_image","twitter_misc":{"Dur\u00e9e de lecture estim\u00e9e":"10 minutes"},"schema":{"@context":"https:\/\/schema.org","@graph":[{"@type":"WebPage","@id":"https:\/\/membrasin.be\/nl\/faq\/","url":"https:\/\/membrasin.be\/nl\/faq\/","name":"FAQ - Questions sur Membrasin - Membrasin compl\u00e9ment alimentaire","isPartOf":{"@id":"https:\/\/membrasin.be\/nl\/#website"},"datePublished":"2020-07-09T06:04:40+00:00","dateModified":"2023-12-19T14:19:33+00:00","description":"Lisez les r\u00e9ponses aux questions sur Membrasin ci-dessous. Avez-vous d'autres questions sur Membrasin ? Alors n'h\u00e9sitez pas \u00e0 nous contacter !","breadcrumb":{"@id":"https:\/\/membrasin.be\/nl\/faq\/#breadcrumb"},"inLanguage":"fr-FR","potentialAction":[{"@type":"ReadAction","target":["https:\/\/membrasin.be\/nl\/faq\/"]}]},{"@type":"BreadcrumbList","@id":"https:\/\/membrasin.be\/nl\/faq\/#breadcrumb","itemListElement":[{"@type":"ListItem","position":1,"name":"Home","item":"https:\/\/membrasin.be\/fr\/"},{"@type":"ListItem","position":2,"name":"FAQ"}]},{"@type":"WebSite","@id":"https:\/\/membrasin.be\/nl\/#website","url":"https:\/\/membrasin.be\/nl\/","name":"Membrasin","description":"","publisher":{"@id":"https:\/\/membrasin.be\/nl\/#organization"},"potentialAction":[{"@type":"SearchAction","target":{"@type":"EntryPoint","urlTemplate":"https:\/\/membrasin.be\/nl\/?s={search_term_string}"},"query-input":{"@type":"PropertyValueSpecification","valueRequired":true,"valueName":"search_term_string"}}],"inLanguage":"fr-FR"},{"@type":"Organization","@id":"https:\/\/membrasin.be\/nl\/#organization","name":"Membrasin","url":"https:\/\/membrasin.be\/nl\/","logo":{"@type":"ImageObject","inLanguage":"fr-FR","@id":"https:\/\/membrasin.be\/nl\/#\/schema\/logo\/image\/","url":"https:\/\/membrasin.be\/wp-content\/uploads\/2020\/09\/cropped-membrasin-logo-fr.png","contentUrl":"https:\/\/membrasin.be\/wp-content\/uploads\/2020\/09\/cropped-membrasin-logo-fr.png","width":258,"height":49,"caption":"Membrasin"},"image":{"@id":"https:\/\/membrasin.be\/nl\/#\/schema\/logo\/image\/"},"sameAs":["https:\/\/www.facebook.com\/MembrasinBE","https:\/\/www.instagram.com\/membrasinbe"]}]}},"_links":{"self":[{"href":"https:\/\/membrasin.be\/fr\/wp-json\/wp\/v2\/pages\/269","targetHints":{"allow":["GET"]}}],"collection":[{"href":"https:\/\/membrasin.be\/fr\/wp-json\/wp\/v2\/pages"}],"about":[{"href":"https:\/\/membrasin.be\/fr\/wp-json\/wp\/v2\/types\/page"}],"author":[{"embeddable":true,"href":"https:\/\/membrasin.be\/fr\/wp-json\/wp\/v2\/users\/4"}],"replies":[{"embeddable":true,"href":"https:\/\/membrasin.be\/fr\/wp-json\/wp\/v2\/comments?post=269"}],"version-history":[{"count":15,"href":"https:\/\/membrasin.be\/fr\/wp-json\/wp\/v2\/pages\/269\/revisions"}],"predecessor-version":[{"id":2608,"href":"https:\/\/membrasin.be\/fr\/wp-json\/wp\/v2\/pages\/269\/revisions\/2608"}],"wp:attachment":[{"href":"https:\/\/membrasin.be\/fr\/wp-json\/wp\/v2\/media?parent=269"}],"curies":[{"name":"wp","href":"https:\/\/api.w.org\/{rel}","templated":true}]}}