{"id":271,"date":"2020-07-09T06:04:08","date_gmt":"2020-07-09T06:04:08","guid":{"rendered":"https:\/\/membrasin.be\/ervaringen\/"},"modified":"2024-04-08T10:19:18","modified_gmt":"2024-04-08T10:19:18","slug":"experiences-membrasin","status":"publish","type":"page","link":"https:\/\/membrasin.be\/fr\/experiences-membrasin\/","title":{"rendered":"Exp\u00e9riences"},"content":{"rendered":"<div class=\"wpb-content-wrapper\"><p>[vc_row css=\u00a0\u00bb.vc_custom_1594360026607{padding-top: 50px !important;padding-bottom: 50px !important;}\u00a0\u00bb el_class=\u00a0\u00bbblog\u00a0\u00bb][vc_column][vc_custom_heading text=\u00a0\u00bbT\u00e9moignages avec Membrasin\u00a0\u00bb font_container=\u00a0\u00bbtag:h1|text_align:left|color:%23f4c3a2&Prime; use_theme_fonts=\u00a0\u00bbyes\u00a0\u00bb el_class=\u00a0\u00bbfont-h2&Prime;][vc_column_text]Vous avez d\u00e9j\u00e0 lu les informations n\u00e9cessaires sur notre <a href=\"https:\/\/membrasin.be\/fr\/shop\/\">compl\u00e9ment alimentaire sp\u00e9cial Membrasin<\/a> (\u00e0 base d\u2019huile de baies d\u2019argousier) pour les<a href=\"https:\/\/membrasin.be\/fr\/muqueuses-seches\/\"> muqueuses s\u00e8ches<\/a>, mais vous h\u00e9sitez encore \u00e0 acheter l\u2019un de ces produits ? Alors, lisez ci-dessous les exp\u00e9riences avec Membrasin de nos fid\u00e8les utilisatrices et qui sait, vous serez peut-\u00eatre aussi convaincu(e) qu\u2019elles !<\/p>\n<p>Souhaitez-vous partager vos exp\u00e9riences avec Membrasin? N&rsquo;h\u00e9sitez pas de nous <a href=\"https:\/\/membrasin.be\/fr\/contact\/\">contactez<\/a>! Ou laissez une recommandation sur notre page <a href=\"https:\/\/www.facebook.com\/MembrasinBE\">Facebook<\/a>.[\/vc_column_text][\/vc_column][\/vc_row][vc_row full_width=\u00a0\u00bbstretch_row\u00a0\u00bb el_class=\u00a0\u00bbErvaringen\u00a0\u00bb css=\u00a0\u00bb.vc_custom_1594369552541{padding-top: 40px !important;padding-bottom: 40px !important;background-color: #f7f7f7 !important;}\u00a0\u00bb][vc_column][vc_row_inner][vc_column_inner width=\u00a0\u00bb1\/12&Prime;][\/vc_column_inner][vc_column_inner width=\u00a0\u00bb5\/6&Prime;][vc_single_image image=\u00a0\u00bb272&Prime; img_size=\u00a0\u00bbfull\u00a0\u00bb alignment=\u00a0\u00bbcenter\u00a0\u00bb css=\u00a0\u00bb.vc_custom_1594369820174{margin: 0px !important;padding: 0px !important;border: 0px initial !important;}\u00a0\u00bb][vc_column_text css=\u00a0\u00bb.vc_custom_1712571439883{margin-bottom: 0px !important;border-bottom-width: 0px !important;padding-bottom: 0px !important;}\u00a0\u00bb]<\/p>\n<p style=\"text-align: center;\">Les 6\u00a0premi\u00e8res semaines, j\u2019ai pris 4\u00a0g\u00e9lules par jour, ma peau est devenue beaucoup moins s\u00e8che. Je ne prends d\u00e9sormais que deux g\u00e9lules par jour. Auparavant, je devais aussi utiliser des gouttes pour les yeux, mais je n\u2019en ai plus besoin. Moins de gouttes \u00e0 prendre, moins de produit \u00e0 \u00e9taler\u00a0!<\/p>\n<p>[\/vc_column_text][vc_custom_heading text=\u00a0\u00bbMarja\u00a0\u00bb font_container=\u00a0\u00bbtag:h4|text_align:center|color:%23f4c3a2&Prime; use_theme_fonts=\u00a0\u00bbyes\u00a0\u00bb][\/vc_column_inner][vc_column_inner width=\u00a0\u00bb1\/12&Prime;][\/vc_column_inner][\/vc_row_inner][\/vc_column][\/vc_row][vc_row full_width=\u00a0\u00bbstretch_row\u00a0\u00bb el_class=\u00a0\u00bbErvaringen\u00a0\u00bb css=\u00a0\u00bb.vc_custom_1594369941471{padding-top: 40px !important;padding-bottom: 40px !important;}\u00a0\u00bb][vc_column][vc_row_inner][vc_column_inner width=\u00a0\u00bb1\/12&Prime;][\/vc_column_inner][vc_column_inner width=\u00a0\u00bb5\/6&Prime;][vc_single_image image=\u00a0\u00bb272&Prime; img_size=\u00a0\u00bbfull\u00a0\u00bb alignment=\u00a0\u00bbcenter\u00a0\u00bb css=\u00a0\u00bb.vc_custom_1594369820174{margin: 0px !important;padding: 0px !important;border: 0px initial !important;}\u00a0\u00bb][vc_column_text css=\u00a0\u00bb.vc_custom_1712571451913{margin-bottom: 0px !important;border-bottom-width: 0px !important;padding-bottom: 0px !important;}\u00a0\u00bb]<\/p>\n<p style=\"text-align: center;\">J\u2019ai commenc\u00e9 en prenant 2 x 2\u00a0g\u00e9lules de <a href=\"https:\/\/membrasin.be\/fr\/product\/membrasin-eye-care\/?lang=fr\">Membrasin Eye Care<\/a>. Apr\u00e8s deux mois, je suis pass\u00e9e \u00e0 deux g\u00e9lules par jour. Je ne souffre plus de <a href=\"https:\/\/membrasin.be\/secheresse-oculaire\/?lang=fr\">s\u00e9cheresse oculaire<\/a>. Au lieu de me mettre des gouttes dans les yeux plusieurs fois par jour, je ne dois plus le faire qu\u2019une ou deux fois par mois. Le traitement est donc facile \u00e0 mettre en pratique\u00a0!<\/p>\n<p>[\/vc_column_text][vc_custom_heading text=\u00a0\u00bbLaure\u00a0\u00bb font_container=\u00a0\u00bbtag:h4|text_align:center|color:%23f4c3a2&Prime; use_theme_fonts=\u00a0\u00bbyes\u00a0\u00bb][\/vc_column_inner][vc_column_inner width=\u00a0\u00bb1\/12&Prime;][\/vc_column_inner][\/vc_row_inner][\/vc_column][\/vc_row][vc_row full_width=\u00a0\u00bbstretch_row\u00a0\u00bb el_class=\u00a0\u00bbErvaringen\u00a0\u00bb css=\u00a0\u00bb.vc_custom_1700039591655{padding-top: 40px !important;padding-bottom: 40px !important;background-color: #f7f7f7 !important;}\u00a0\u00bb][vc_column][vc_row_inner][vc_column_inner width=\u00a0\u00bb1\/12&Prime;][\/vc_column_inner][vc_column_inner width=\u00a0\u00bb5\/6&Prime;][vc_single_image image=\u00a0\u00bb272&Prime; img_size=\u00a0\u00bbfull\u00a0\u00bb alignment=\u00a0\u00bbcenter\u00a0\u00bb css=\u00a0\u00bb.vc_custom_1594369820174{margin: 0px !important;padding: 0px !important;border: 0px initial !important;}\u00a0\u00bb][vc_column_text css=\u00a0\u00bb.vc_custom_1712571464366{margin-bottom: 0px !important;border-bottom-width: 0px !important;padding-bottom: 0px !important;}\u00a0\u00bb]<\/p>\n<p style=\"text-align: center;\">Membrasin r\u00e9pond totalement \u00e0 mes attentes. Je suis contente de ce produit pour les yeux et la peau, qui ne contient pas de zinc. C\u2019est ce dont j\u2019avais besoin. Il a un effet positif sur mes yeux et ma peau. Ce produit m\u2019a aid\u00e9e. Merci\u00a0!<\/p>\n<p>[\/vc_column_text][vc_custom_heading text=\u00a0\u00bbClaire\u00a0\u00bb font_container=\u00a0\u00bbtag:h4|text_align:center|color:%23f4c3a2&Prime; use_theme_fonts=\u00a0\u00bbyes\u00a0\u00bb][\/vc_column_inner][vc_column_inner width=\u00a0\u00bb1\/12&Prime;][\/vc_column_inner][\/vc_row_inner][\/vc_column][\/vc_row][vc_row full_width=\u00a0\u00bbstretch_row\u00a0\u00bb el_class=\u00a0\u00bbErvaringen\u00a0\u00bb css=\u00a0\u00bb.vc_custom_1594369968849{padding-top: 40px !important;padding-bottom: 40px !important;}\u00a0\u00bb][vc_column][vc_row_inner][vc_column_inner width=\u00a0\u00bb1\/12&Prime;][\/vc_column_inner][vc_column_inner width=\u00a0\u00bb5\/6&Prime;][vc_single_image image=\u00a0\u00bb272&Prime; img_size=\u00a0\u00bbfull\u00a0\u00bb alignment=\u00a0\u00bbcenter\u00a0\u00bb css=\u00a0\u00bb.vc_custom_1594369820174{margin: 0px !important;padding: 0px !important;border: 0px initial !important;}\u00a0\u00bb][vc_column_text css=\u00a0\u00bb.vc_custom_1712571481016{margin-bottom: 0px !important;border-bottom-width: 0px !important;padding-bottom: 0px !important;}\u00a0\u00bb]<\/p>\n<p style=\"text-align: center;\">Apr\u00e8s un mois d\u2019utilisation de <a href=\"https:\/\/membrasin.be\/fr\/product\/membrasin-eye-care\/?lang=fr\">Membrasin Eye Care<\/a>, je n\u2019ai plus besoin d\u2019utiliser de gouttes ophtalmiques contre la s\u00e9cheresse oculaire\u00a0! C\u2019est fantastique\u00a0!<\/p>\n<p>[\/vc_column_text][vc_custom_heading text=\u00a0\u00bbRita\u00a0\u00bb font_container=\u00a0\u00bbtag:h4|text_align:center|color:%23f4c3a2&Prime; use_theme_fonts=\u00a0\u00bbyes\u00a0\u00bb][\/vc_column_inner][vc_column_inner width=\u00a0\u00bb1\/12&Prime;][\/vc_column_inner][\/vc_row_inner][\/vc_column][\/vc_row][vc_row full_width=\u00a0\u00bbstretch_row\u00a0\u00bb el_class=\u00a0\u00bbErvaringen\u00a0\u00bb css=\u00a0\u00bb.vc_custom_1700039598995{padding-top: 40px !important;padding-bottom: 40px !important;background-color: #f7f7f7 !important;}\u00a0\u00bb][vc_column][vc_row_inner][vc_column_inner width=\u00a0\u00bb1\/12&Prime;][\/vc_column_inner][vc_column_inner width=\u00a0\u00bb5\/6&Prime;][vc_single_image image=\u00a0\u00bb272&Prime; img_size=\u00a0\u00bbfull\u00a0\u00bb alignment=\u00a0\u00bbcenter\u00a0\u00bb css=\u00a0\u00bb.vc_custom_1594369820174{margin: 0px !important;padding: 0px !important;border: 0px initial !important;}\u00a0\u00bb][vc_column_text css=\u00a0\u00bb.vc_custom_1712571528641{margin-bottom: 0px !important;border-bottom-width: 0px !important;padding-bottom: 0px !important;}\u00a0\u00bb]<\/p>\n<p style=\"text-align: center;\">J\u2019ai enfin r\u00e9ussi \u00e0 apaiser mes probl\u00e8mes de s\u00e9cheresse extr\u00eame, c\u2019est g\u00e9nial\u00a0!<\/p>\n<p>[\/vc_column_text][vc_custom_heading text=\u00a0\u00bbVirginie\u00a0\u00bb font_container=\u00a0\u00bbtag:h4|text_align:center|color:%23f4c3a2&Prime; use_theme_fonts=\u00a0\u00bbyes\u00a0\u00bb][\/vc_column_inner][vc_column_inner width=\u00a0\u00bb1\/12&Prime;][\/vc_column_inner][\/vc_row_inner][\/vc_column][\/vc_row][vc_row full_width=\u00a0\u00bbstretch_row\u00a0\u00bb el_class=\u00a0\u00bbErvaringen\u00a0\u00bb css=\u00a0\u00bb.vc_custom_1700039653355{padding-top: 40px !important;padding-bottom: 40px !important;}\u00a0\u00bb][vc_column][vc_row_inner][vc_column_inner width=\u00a0\u00bb1\/12&Prime;][\/vc_column_inner][vc_column_inner width=\u00a0\u00bb5\/6&Prime;][vc_single_image image=\u00a0\u00bb272&Prime; img_size=\u00a0\u00bbfull\u00a0\u00bb alignment=\u00a0\u00bbcenter\u00a0\u00bb css=\u00a0\u00bb.vc_custom_1594369820174{margin: 0px !important;padding: 0px !important;border: 0px initial !important;}\u00a0\u00bb][vc_column_text css=\u00a0\u00bb.vc_custom_1712571519268{margin-bottom: 0px !important;border-bottom-width: 0px !important;padding-bottom: 0px !important;}\u00a0\u00bb]<\/p>\n<p style=\"text-align: center;\">Ma peau est beaucoup moins s\u00e8che et plus souple qu\u2019avant.<\/p>\n<p>[\/vc_column_text][vc_custom_heading text=\u00a0\u00bbSusan\u00a0\u00bb font_container=\u00a0\u00bbtag:h4|text_align:center|color:%23f4c3a2&Prime; use_theme_fonts=\u00a0\u00bbyes\u00a0\u00bb][\/vc_column_inner][vc_column_inner width=\u00a0\u00bb1\/12&Prime;][\/vc_column_inner][\/vc_row_inner][\/vc_column][\/vc_row][vc_row full_width=\u00a0\u00bbstretch_row\u00a0\u00bb el_class=\u00a0\u00bbErvaringen\u00a0\u00bb css=\u00a0\u00bb.vc_custom_1700039598995{padding-top: 40px !important;padding-bottom: 40px !important;background-color: #f7f7f7 !important;}\u00a0\u00bb][vc_column][vc_row_inner][vc_column_inner width=\u00a0\u00bb1\/12&Prime;][\/vc_column_inner][vc_column_inner width=\u00a0\u00bb5\/6&Prime;][vc_single_image image=\u00a0\u00bb272&Prime; img_size=\u00a0\u00bbfull\u00a0\u00bb alignment=\u00a0\u00bbcenter\u00a0\u00bb css=\u00a0\u00bb.vc_custom_1594369820174{margin: 0px !important;padding: 0px !important;border: 0px initial !important;}\u00a0\u00bb][vc_column_text css=\u00a0\u00bb.vc_custom_1712571540879{margin-bottom: 0px !important;border-bottom-width: 0px !important;padding-bottom: 0px !important;}\u00a0\u00bb]<\/p>\n<p style=\"text-align: center;\">Les <a href=\"https:\/\/membrasin.be\/fr\/product\/gelules-de-membrasin\/\">g\u00e9lules<\/a> soulagent ma s\u00e9cheresse vaginale. C\u2019est un vrai cadeau\u00a0!<\/p>\n<p>[\/vc_column_text][vc_custom_heading text=\u00a0\u00bbPascale\u00a0\u00bb font_container=\u00a0\u00bbtag:h4|text_align:center|color:%23f4c3a2&Prime; use_theme_fonts=\u00a0\u00bbyes\u00a0\u00bb][\/vc_column_inner][vc_column_inner width=\u00a0\u00bb1\/12&Prime;][\/vc_column_inner][\/vc_row_inner][\/vc_column][\/vc_row][vc_row full_width=\u00a0\u00bbstretch_row\u00a0\u00bb el_class=\u00a0\u00bbErvaringen\u00a0\u00bb css=\u00a0\u00bb.vc_custom_1700039712904{padding-top: 40px !important;padding-bottom: 40px !important;}\u00a0\u00bb][vc_column][vc_row_inner][vc_column_inner width=\u00a0\u00bb1\/12&Prime;][\/vc_column_inner][vc_column_inner width=\u00a0\u00bb5\/6&Prime;][vc_single_image image=\u00a0\u00bb272&Prime; img_size=\u00a0\u00bbfull\u00a0\u00bb alignment=\u00a0\u00bbcenter\u00a0\u00bb css=\u00a0\u00bb.vc_custom_1594369820174{margin: 0px !important;padding: 0px !important;border: 0px initial !important;}\u00a0\u00bb][vc_column_text css=\u00a0\u00bb.vc_custom_1712571549959{margin-bottom: 0px !important;border-bottom-width: 0px !important;padding-bottom: 0px !important;}\u00a0\u00bb]<\/p>\n<p style=\"text-align: center;\">Je recommande les g\u00e9lules \u00e0 tout le monde, l\u2019effet est consid\u00e9rable\u00a0!<\/p>\n<p>[\/vc_column_text][vc_custom_heading text=\u00a0\u00bbSandra\u00a0\u00bb font_container=\u00a0\u00bbtag:h4|text_align:center|color:%23f4c3a2&Prime; use_theme_fonts=\u00a0\u00bbyes\u00a0\u00bb][\/vc_column_inner][vc_column_inner width=\u00a0\u00bb1\/12&Prime;][\/vc_column_inner][\/vc_row_inner][\/vc_column][\/vc_row]<\/p>\n<\/div>","protected":false},"excerpt":{"rendered":"<p>[vc_row css=\u00a0\u00bb.vc_custom_1594360026607{padding-top: 50px !important;padding-bottom: 50px !important;}\u00a0\u00bb el_class=\u00a0\u00bbblog\u00a0\u00bb][vc_column][vc_custom_heading text=\u00a0\u00bbT\u00e9moignages avec Membrasin\u00a0\u00bb font_container=\u00a0\u00bbtag:h1|text_align:left|color:%23f4c3a2&Prime; use_theme_fonts=\u00a0\u00bbyes\u00a0\u00bb el_class=\u00a0\u00bbfont-h2&Prime;][vc_column_text]Vous avez d\u00e9j\u00e0 lu les informations n\u00e9cessaires sur notre compl\u00e9ment alimentaire sp\u00e9cial Membrasin (\u00e0<span class=\"excerpt-hellip\"> [\u2026]<\/span><\/p>\n","protected":false},"author":4,"featured_media":0,"parent":0,"menu_order":0,"comment_status":"closed","ping_status":"closed","template":"","meta":{"inline_featured_image":false,"footnotes":""},"class_list":["post-271","page","type-page","status-publish","hentry"],"yoast_head":"<!-- This site is optimized with the Yoast SEO plugin v26.3 - https:\/\/yoast.com\/wordpress\/plugins\/seo\/ -->\n<title>Exp\u00e9riences avec Membrasin de nos fid\u00e8les utilisatrices - Membrasin<\/title>\n<meta name=\"description\" content=\"Vous h\u00e9sitez encore \u00e0 acheter l\u2019un de ces produits\u00a0? Lisez ici les exp\u00e9riences avec Membrasin de nos fid\u00e8les utilisatrices.\" \/>\n<meta name=\"robots\" content=\"index, follow, max-snippet:-1, max-image-preview:large, max-video-preview:-1\" \/>\n<link rel=\"canonical\" href=\"https:\/\/membrasin.be\/nl\/ervaringen-membrasin\/\" \/>\n<meta property=\"og:locale\" content=\"fr_FR\" \/>\n<meta property=\"og:type\" content=\"article\" \/>\n<meta property=\"og:title\" content=\"Exp\u00e9riences avec Membrasin de nos fid\u00e8les utilisatrices - Membrasin\" \/>\n<meta property=\"og:description\" content=\"Vous h\u00e9sitez encore \u00e0 acheter l\u2019un de ces produits\u00a0? Lisez ici les exp\u00e9riences avec Membrasin de nos fid\u00e8les utilisatrices.\" \/>\n<meta property=\"og:url\" content=\"https:\/\/membrasin.be\/nl\/ervaringen-membrasin\/\" \/>\n<meta property=\"og:site_name\" content=\"Membrasin\" \/>\n<meta property=\"article:publisher\" content=\"https:\/\/www.facebook.com\/MembrasinBE\" \/>\n<meta property=\"article:modified_time\" content=\"2024-04-08T10:19:18+00:00\" \/>\n<meta name=\"twitter:card\" content=\"summary_large_image\" \/>\n<meta name=\"twitter:label1\" content=\"Dur\u00e9e de lecture estim\u00e9e\" \/>\n\t<meta name=\"twitter:data1\" content=\"7 minutes\" \/>\n<script type=\"application\/ld+json\" class=\"yoast-schema-graph\">{\"@context\":\"https:\/\/schema.org\",\"@graph\":[{\"@type\":\"WebPage\",\"@id\":\"https:\/\/membrasin.be\/nl\/ervaringen-membrasin\/\",\"url\":\"https:\/\/membrasin.be\/nl\/ervaringen-membrasin\/\",\"name\":\"Exp\u00e9riences avec Membrasin de nos fid\u00e8les utilisatrices - Membrasin\",\"isPartOf\":{\"@id\":\"https:\/\/membrasin.be\/nl\/#website\"},\"datePublished\":\"2020-07-09T06:04:08+00:00\",\"dateModified\":\"2024-04-08T10:19:18+00:00\",\"description\":\"Vous h\u00e9sitez encore \u00e0 acheter l\u2019un de ces produits\u00a0? Lisez ici les exp\u00e9riences avec Membrasin de nos fid\u00e8les utilisatrices.\",\"breadcrumb\":{\"@id\":\"https:\/\/membrasin.be\/nl\/ervaringen-membrasin\/#breadcrumb\"},\"inLanguage\":\"fr-FR\",\"potentialAction\":[{\"@type\":\"ReadAction\",\"target\":[\"https:\/\/membrasin.be\/nl\/ervaringen-membrasin\/\"]}]},{\"@type\":\"BreadcrumbList\",\"@id\":\"https:\/\/membrasin.be\/nl\/ervaringen-membrasin\/#breadcrumb\",\"itemListElement\":[{\"@type\":\"ListItem\",\"position\":1,\"name\":\"Home\",\"item\":\"https:\/\/membrasin.be\/fr\/\"},{\"@type\":\"ListItem\",\"position\":2,\"name\":\"Exp\u00e9riences\"}]},{\"@type\":\"WebSite\",\"@id\":\"https:\/\/membrasin.be\/nl\/#website\",\"url\":\"https:\/\/membrasin.be\/nl\/\",\"name\":\"Membrasin\",\"description\":\"\",\"publisher\":{\"@id\":\"https:\/\/membrasin.be\/nl\/#organization\"},\"potentialAction\":[{\"@type\":\"SearchAction\",\"target\":{\"@type\":\"EntryPoint\",\"urlTemplate\":\"https:\/\/membrasin.be\/nl\/?s={search_term_string}\"},\"query-input\":{\"@type\":\"PropertyValueSpecification\",\"valueRequired\":true,\"valueName\":\"search_term_string\"}}],\"inLanguage\":\"fr-FR\"},{\"@type\":\"Organization\",\"@id\":\"https:\/\/membrasin.be\/nl\/#organization\",\"name\":\"Membrasin\",\"url\":\"https:\/\/membrasin.be\/nl\/\",\"logo\":{\"@type\":\"ImageObject\",\"inLanguage\":\"fr-FR\",\"@id\":\"https:\/\/membrasin.be\/nl\/#\/schema\/logo\/image\/\",\"url\":\"https:\/\/membrasin.be\/wp-content\/uploads\/2020\/09\/cropped-membrasin-logo-fr.png\",\"contentUrl\":\"https:\/\/membrasin.be\/wp-content\/uploads\/2020\/09\/cropped-membrasin-logo-fr.png\",\"width\":258,\"height\":49,\"caption\":\"Membrasin\"},\"image\":{\"@id\":\"https:\/\/membrasin.be\/nl\/#\/schema\/logo\/image\/\"},\"sameAs\":[\"https:\/\/www.facebook.com\/MembrasinBE\",\"https:\/\/www.instagram.com\/membrasinbe\"]}]}<\/script>\n<!-- \/ Yoast SEO plugin. -->","yoast_head_json":{"title":"Exp\u00e9riences avec Membrasin de nos fid\u00e8les utilisatrices - Membrasin","description":"Vous h\u00e9sitez encore \u00e0 acheter l\u2019un de ces produits\u00a0? Lisez ici les exp\u00e9riences avec Membrasin de nos fid\u00e8les utilisatrices.","robots":{"index":"index","follow":"follow","max-snippet":"max-snippet:-1","max-image-preview":"max-image-preview:large","max-video-preview":"max-video-preview:-1"},"canonical":"https:\/\/membrasin.be\/nl\/ervaringen-membrasin\/","og_locale":"fr_FR","og_type":"article","og_title":"Exp\u00e9riences avec Membrasin de nos fid\u00e8les utilisatrices - Membrasin","og_description":"Vous h\u00e9sitez encore \u00e0 acheter l\u2019un de ces produits\u00a0? Lisez ici les exp\u00e9riences avec Membrasin de nos fid\u00e8les utilisatrices.","og_url":"https:\/\/membrasin.be\/nl\/ervaringen-membrasin\/","og_site_name":"Membrasin","article_publisher":"https:\/\/www.facebook.com\/MembrasinBE","article_modified_time":"2024-04-08T10:19:18+00:00","twitter_card":"summary_large_image","twitter_misc":{"Dur\u00e9e de lecture estim\u00e9e":"7 minutes"},"schema":{"@context":"https:\/\/schema.org","@graph":[{"@type":"WebPage","@id":"https:\/\/membrasin.be\/nl\/ervaringen-membrasin\/","url":"https:\/\/membrasin.be\/nl\/ervaringen-membrasin\/","name":"Exp\u00e9riences avec Membrasin de nos fid\u00e8les utilisatrices - Membrasin","isPartOf":{"@id":"https:\/\/membrasin.be\/nl\/#website"},"datePublished":"2020-07-09T06:04:08+00:00","dateModified":"2024-04-08T10:19:18+00:00","description":"Vous h\u00e9sitez encore \u00e0 acheter l\u2019un de ces produits\u00a0? Lisez ici les exp\u00e9riences avec Membrasin de nos fid\u00e8les utilisatrices.","breadcrumb":{"@id":"https:\/\/membrasin.be\/nl\/ervaringen-membrasin\/#breadcrumb"},"inLanguage":"fr-FR","potentialAction":[{"@type":"ReadAction","target":["https:\/\/membrasin.be\/nl\/ervaringen-membrasin\/"]}]},{"@type":"BreadcrumbList","@id":"https:\/\/membrasin.be\/nl\/ervaringen-membrasin\/#breadcrumb","itemListElement":[{"@type":"ListItem","position":1,"name":"Home","item":"https:\/\/membrasin.be\/fr\/"},{"@type":"ListItem","position":2,"name":"Exp\u00e9riences"}]},{"@type":"WebSite","@id":"https:\/\/membrasin.be\/nl\/#website","url":"https:\/\/membrasin.be\/nl\/","name":"Membrasin","description":"","publisher":{"@id":"https:\/\/membrasin.be\/nl\/#organization"},"potentialAction":[{"@type":"SearchAction","target":{"@type":"EntryPoint","urlTemplate":"https:\/\/membrasin.be\/nl\/?s={search_term_string}"},"query-input":{"@type":"PropertyValueSpecification","valueRequired":true,"valueName":"search_term_string"}}],"inLanguage":"fr-FR"},{"@type":"Organization","@id":"https:\/\/membrasin.be\/nl\/#organization","name":"Membrasin","url":"https:\/\/membrasin.be\/nl\/","logo":{"@type":"ImageObject","inLanguage":"fr-FR","@id":"https:\/\/membrasin.be\/nl\/#\/schema\/logo\/image\/","url":"https:\/\/membrasin.be\/wp-content\/uploads\/2020\/09\/cropped-membrasin-logo-fr.png","contentUrl":"https:\/\/membrasin.be\/wp-content\/uploads\/2020\/09\/cropped-membrasin-logo-fr.png","width":258,"height":49,"caption":"Membrasin"},"image":{"@id":"https:\/\/membrasin.be\/nl\/#\/schema\/logo\/image\/"},"sameAs":["https:\/\/www.facebook.com\/MembrasinBE","https:\/\/www.instagram.com\/membrasinbe"]}]}},"_links":{"self":[{"href":"https:\/\/membrasin.be\/fr\/wp-json\/wp\/v2\/pages\/271","targetHints":{"allow":["GET"]}}],"collection":[{"href":"https:\/\/membrasin.be\/fr\/wp-json\/wp\/v2\/pages"}],"about":[{"href":"https:\/\/membrasin.be\/fr\/wp-json\/wp\/v2\/types\/page"}],"author":[{"embeddable":true,"href":"https:\/\/membrasin.be\/fr\/wp-json\/wp\/v2\/users\/4"}],"replies":[{"embeddable":true,"href":"https:\/\/membrasin.be\/fr\/wp-json\/wp\/v2\/comments?post=271"}],"version-history":[{"count":16,"href":"https:\/\/membrasin.be\/fr\/wp-json\/wp\/v2\/pages\/271\/revisions"}],"predecessor-version":[{"id":4866,"href":"https:\/\/membrasin.be\/fr\/wp-json\/wp\/v2\/pages\/271\/revisions\/4866"}],"wp:attachment":[{"href":"https:\/\/membrasin.be\/fr\/wp-json\/wp\/v2\/media?parent=271"}],"curies":[{"name":"wp","href":"https:\/\/api.w.org\/{rel}","templated":true}]}}