{"id":960,"date":"2020-09-09T14:09:13","date_gmt":"2020-09-09T14:09:13","guid":{"rendered":"https:\/\/membrasin.be\/?page_id=960"},"modified":"2024-09-30T08:35:29","modified_gmt":"2024-09-30T08:35:29","slug":"conseils","status":"publish","type":"page","link":"https:\/\/membrasin.be\/fr\/peau-seche\/conseils\/","title":{"rendered":"Conseils en cas de peau s\u00e8che"},"content":{"rendered":"<div class=\"wpb-content-wrapper\"><p>[vc_row css=\u00a0\u00bb.vc_custom_1594360026607{padding-top: 50px !important;padding-bottom: 50px !important;}\u00a0\u00bb el_class=\u00a0\u00bbblog\u00a0\u00bb][vc_column][vc_custom_heading text=\u00a0\u00bbConseils en cas de peau s\u00e8che\u00a0\u00bb font_container=\u00a0\u00bbtag:h1|text_align:left|color:%23f4c3a2&Prime; use_theme_fonts=\u00a0\u00bbyes\u00a0\u00bb el_class=\u00a0\u00bbfont-h2&Prime;][vc_column_text]<strong>L\u2019huile de baies d\u2019argousier peut contribuer \u00e0 apaiser la peau s\u00e8che.<\/strong> Mais vous pouvez en faire plus pour att\u00e9nuer ou contrecarrer ces sympt\u00f4mes. Comment\u00a0? Lisez les conseils ci-dessous si vous souffrez de peau s\u00e8che.<\/p>\n<p>En r\u00e8gle g\u00e9n\u00e9rale, l\u2019adoption d\u2019un mode de vie sain contribue \u00e0 la bonne sant\u00e9 de l\u2019organisme, ainsi qu\u2019\u00e0 une peau saine et des muqueuses saines. Mangez beaucoup de l\u00e9gumes, de fruits, de c\u00e9r\u00e9ales compl\u00e8tes, de noix, de graines et de poissons gras. En outre, \u00e9vitez le stress, le tabac et l\u2019alcool et faites suffisamment d\u2019exercice. Les conseils suivants sont \u00e9galement utiles en cas de peau s\u00e8che\u00a0:[\/vc_column_text][\/vc_column][\/vc_row][vc_row full_width=\u00a0\u00bbstretch_row\u00a0\u00bb el_class=\u00a0\u00bbbanner_8990&Prime; css=\u00a0\u00bb.vc_custom_1598021342792{background-image: url(https:\/\/membrasin.be\/wp-content\/uploads\/2020\/08\/membrasin-droge-huid-quote.jpg?id=729) !important;}\u00a0\u00bb][vc_column][vc_row_inner][vc_column_inner width=\u00a0\u00bb1\/2&Prime;][\/vc_column_inner][vc_column_inner width=\u00a0\u00bb1\/2&Prime;][vc_custom_heading text=\u00a0\u00bbL\u2019huile de baies d\u2019argousier peut contribuer \u00e0 apaiser la peau s\u00e8che.\u00a0\u00bb font_container=\u00a0\u00bbtag:h2|text_align:left|color:%23ffffff\u00a0\u00bb use_theme_fonts=\u00a0\u00bbyes\u00a0\u00bb][\/vc_column_inner][\/vc_row_inner][\/vc_column][\/vc_row][vc_row css=\u00a0\u00bb.vc_custom_1599561743168{padding-top: 50px !important;padding-bottom: 0px !important;}\u00a0\u00bb el_class=\u00a0\u00bbblog margin0 droge-huidtips\u00a0\u00bb][vc_column el_class=\u00a0\u00bbpt-mobile-0&Prime;][vc_row_inner][vc_column_inner el_class=\u00a0\u00bbpt-mobile-0&Prime; width=\u00a0\u00bb1\/2&Prime;][vc_custom_heading text=\u00a0\u00bbConseils en cas de peau s\u00e8che\u00a0\u00bb font_container=\u00a0\u00bbtag:h3|text_align:left|color:%23458a2d\u00a0\u00bb use_theme_fonts=\u00a0\u00bbyes\u00a0\u00bb el_class=\u00a0\u00bbfont-green\u00a0\u00bb][vc_column_text el_class=\u00a0\u00bbmb-mobile\u00a0\u00bb]Prot\u00e9gez votre peau \u00e0 l\u2019aide d\u2019un bon \u00e9cran solaire lorsque vous vous exposez au soleil. Le soleil fait vieillir la peau plus rapidement. Bronzer peut m\u00eame causer des dommages \u00e0 l\u2019ADN.<\/p>\n<p>\u2022 Utilisez une cr\u00e8me hydratante riche.<br \/>\n\u2022 L\u2019eau chaude ass\u00e8che la peau.<br \/>\n\u2022 Lavez-vous le visage \u00e0 l\u2019eau ti\u00e8de.<br \/>\n\u2022 Utilisez occasionnellement un masque pour les peaux s\u00e8ches et sensibles.<br \/>\n\u2022 Buvez au moins 1,5 litre d\u2019eau par jour pour maintenir l\u2019hydratation de la peau.<br \/>\n\u2022 Un massage du visage ou du cuir chevelu contribue \u00e0 favoriser la circulation sanguine de la peau.<br \/>\n\u2022 Mangez des poissons tr\u00e8s gras, par exemple du saumon.[\/vc_column_text][\/vc_column_inner][vc_column_inner width=\u00a0\u00bb1\/2&Prime;][vc_custom_heading text=\u00a0\u00bbTh\u00e9 \u00e0 base de baies d\u2019argousier\u00a0\u00bb font_container=\u00a0\u00bbtag:h3|text_align:left|color:%23458a2d\u00a0\u00bb use_theme_fonts=\u00a0\u00bbyes\u00a0\u00bb el_class=\u00a0\u00bbfont-green\u00a0\u00bb][vc_column_text]Compte tenu de leur forte concentration en vitamine C, antioxydants et vitamines essentielles, ainsi qu\u2019en min\u00e9raux et en acides gras om\u00e9ga essentiels, <strong>les baies d\u2019argousier<\/strong> font figure de formidable super aliment. Une vraie bombe \u00e0 vitamines. Les baies d\u2019argousier s\u00e9ch\u00e9es sont donc id\u00e9ales pour les salades ou en combinaison avec les c\u00e9r\u00e9ales du petit-d\u00e9jeuner, le muesli ou pour pr\u00e9parer une tasse de th\u00e9 revigorante. Avez-vous d\u00e9j\u00e0 essay\u00e9\u00a0?[\/vc_column_text][\/vc_column_inner][\/vc_row_inner][vc_empty_space height=\u00a0\u00bb65px\u00a0\u00bb][\/vc_column][\/vc_row][vc_row disable_element=\u00a0\u00bbyes\u00a0\u00bb css=\u00a0\u00bb.vc_custom_1712570977770{padding-top: 50px !important;padding-bottom: 50px !important;}\u00a0\u00bb el_class=\u00a0\u00bbblog\u00a0\u00bb][vc_column][vc_custom_heading text=\u00a0\u00bbVous avez besoin de plus d\u2019inspiration ?\u00a0\u00bb font_container=\u00a0\u00bbtag:h3|text_align:left|color:%23458a2d\u00a0\u00bb use_theme_fonts=\u00a0\u00bbyes\u00a0\u00bb el_class=\u00a0\u00bbfont-green\u00a0\u00bb][vc_column_text][recent_post_carousel slides_to_show=\u00a0\u00bb3&Prime; slides_to_scroll=\u00a0\u00bb1&Prime;][\/vc_column_text][\/vc_column][\/vc_row][vc_row full_width=\u00a0\u00bbstretch_row\u00a0\u00bb css=\u00a0\u00bb.vc_custom_1594371807266{padding-top: 50px !important;padding-bottom: 0px !important;background-color: #f8f8f8 !important;}\u00a0\u00bb][vc_column][vc_row_inner][vc_column_inner width=\u00a0\u00bb7\/12&Prime;][vc_custom_heading text=\u00a0\u00bbMembrasin vous int\u00e9resse ?\u00a0\u00bb font_container=\u00a0\u00bbtag:h2|text_align:left|color:%23458a2d\u00a0\u00bb use_theme_fonts=\u00a0\u00bbyes\u00a0\u00bb el_class=\u00a0\u00bbfont-h2&Prime;][\/vc_column_inner][vc_column_inner width=\u00a0\u00bb5\/12&Prime;][vc_btn title=\u00a0\u00bbConsultez nos produits!\u00a0\u00bb link=\u00a0\u00bburl:%2Ffr%2Fshop%2F|title:Shop||\u00a0\u00bb el_class=\u00a0\u00bbgreen_btn\u00a0\u00bb][\/vc_column_inner][\/vc_row_inner][\/vc_column][\/vc_row]<\/p>\n<\/div>","protected":false},"excerpt":{"rendered":"<p>[vc_row css=\u00a0\u00bb.vc_custom_1594360026607{padding-top: 50px !important;padding-bottom: 50px !important;}\u00a0\u00bb el_class=\u00a0\u00bbblog\u00a0\u00bb][vc_column][vc_custom_heading text=\u00a0\u00bbConseils en cas de peau s\u00e8che\u00a0\u00bb font_container=\u00a0\u00bbtag:h1|text_align:left|color:%23f4c3a2&Prime; use_theme_fonts=\u00a0\u00bbyes\u00a0\u00bb el_class=\u00a0\u00bbfont-h2&Prime;][vc_column_text]L\u2019huile de baies d\u2019argousier peut contribuer \u00e0 apaiser la peau s\u00e8che.<span class=\"excerpt-hellip\"> [\u2026]<\/span><\/p>\n","protected":false},"author":5,"featured_media":0,"parent":953,"menu_order":0,"comment_status":"closed","ping_status":"closed","template":"","meta":{"inline_featured_image":false,"footnotes":""},"class_list":["post-960","page","type-page","status-publish","hentry"],"yoast_head":"<!-- This site is optimized with the Yoast SEO plugin v26.3 - https:\/\/yoast.com\/wordpress\/plugins\/seo\/ -->\n<title>Conseils en cas de peau s\u00e8che - Membrasin Huile de baies d\u2019argousier<\/title>\n<meta name=\"description\" content=\"L\u2019huile de baies d\u2019argousier peut contribuer \u00e0 apaiser la peau s\u00e8che. Mais vous pouvez en faire plus ! Lisez ici les conseils en cas de peau s\u00e8che.\" \/>\n<meta name=\"robots\" content=\"index, follow, max-snippet:-1, max-image-preview:large, max-video-preview:-1\" \/>\n<link rel=\"canonical\" href=\"https:\/\/membrasin.be\/fr\/peau-seche\/conseils\/\" \/>\n<meta property=\"og:locale\" content=\"fr_FR\" \/>\n<meta property=\"og:type\" content=\"article\" \/>\n<meta property=\"og:title\" content=\"Conseils en cas de peau s\u00e8che - Membrasin Huile de baies d\u2019argousier\" \/>\n<meta property=\"og:description\" content=\"L\u2019huile de baies d\u2019argousier peut contribuer \u00e0 apaiser la peau s\u00e8che. Mais vous pouvez en faire plus ! Lisez ici les conseils en cas de peau s\u00e8che.\" \/>\n<meta property=\"og:url\" content=\"https:\/\/membrasin.be\/fr\/peau-seche\/conseils\/\" \/>\n<meta property=\"og:site_name\" content=\"Membrasin\" \/>\n<meta property=\"article:publisher\" content=\"https:\/\/www.facebook.com\/MembrasinBE\" \/>\n<meta property=\"article:modified_time\" content=\"2024-09-30T08:35:29+00:00\" \/>\n<meta name=\"twitter:card\" content=\"summary_large_image\" \/>\n<meta name=\"twitter:label1\" content=\"Dur\u00e9e de lecture estim\u00e9e\" \/>\n\t<meta name=\"twitter:data1\" content=\"2 minutes\" \/>\n<script type=\"application\/ld+json\" class=\"yoast-schema-graph\">{\"@context\":\"https:\/\/schema.org\",\"@graph\":[{\"@type\":\"WebPage\",\"@id\":\"https:\/\/membrasin.be\/fr\/peau-seche\/conseils\/\",\"url\":\"https:\/\/membrasin.be\/fr\/peau-seche\/conseils\/\",\"name\":\"Conseils en cas de peau s\u00e8che - Membrasin Huile de baies d\u2019argousier\",\"isPartOf\":{\"@id\":\"https:\/\/membrasin.be\/nl\/#website\"},\"datePublished\":\"2020-09-09T14:09:13+00:00\",\"dateModified\":\"2024-09-30T08:35:29+00:00\",\"description\":\"L\u2019huile de baies d\u2019argousier peut contribuer \u00e0 apaiser la peau s\u00e8che. Mais vous pouvez en faire plus ! Lisez ici les conseils en cas de peau s\u00e8che.\",\"breadcrumb\":{\"@id\":\"https:\/\/membrasin.be\/fr\/peau-seche\/conseils\/#breadcrumb\"},\"inLanguage\":\"fr-FR\",\"potentialAction\":[{\"@type\":\"ReadAction\",\"target\":[\"https:\/\/membrasin.be\/fr\/peau-seche\/conseils\/\"]}]},{\"@type\":\"BreadcrumbList\",\"@id\":\"https:\/\/membrasin.be\/fr\/peau-seche\/conseils\/#breadcrumb\",\"itemListElement\":[{\"@type\":\"ListItem\",\"position\":1,\"name\":\"Home\",\"item\":\"https:\/\/membrasin.be\/fr\/\"},{\"@type\":\"ListItem\",\"position\":2,\"name\":\"Peau s\u00e8che\",\"item\":\"https:\/\/membrasin.be\/fr\/peau-seche\/\"},{\"@type\":\"ListItem\",\"position\":3,\"name\":\"Conseils en cas de peau s\u00e8che\"}]},{\"@type\":\"WebSite\",\"@id\":\"https:\/\/membrasin.be\/nl\/#website\",\"url\":\"https:\/\/membrasin.be\/nl\/\",\"name\":\"Membrasin\",\"description\":\"\",\"publisher\":{\"@id\":\"https:\/\/membrasin.be\/nl\/#organization\"},\"potentialAction\":[{\"@type\":\"SearchAction\",\"target\":{\"@type\":\"EntryPoint\",\"urlTemplate\":\"https:\/\/membrasin.be\/nl\/?s={search_term_string}\"},\"query-input\":{\"@type\":\"PropertyValueSpecification\",\"valueRequired\":true,\"valueName\":\"search_term_string\"}}],\"inLanguage\":\"fr-FR\"},{\"@type\":\"Organization\",\"@id\":\"https:\/\/membrasin.be\/nl\/#organization\",\"name\":\"Membrasin\",\"url\":\"https:\/\/membrasin.be\/nl\/\",\"logo\":{\"@type\":\"ImageObject\",\"inLanguage\":\"fr-FR\",\"@id\":\"https:\/\/membrasin.be\/nl\/#\/schema\/logo\/image\/\",\"url\":\"https:\/\/membrasin.be\/wp-content\/uploads\/2020\/09\/cropped-membrasin-logo-fr.png\",\"contentUrl\":\"https:\/\/membrasin.be\/wp-content\/uploads\/2020\/09\/cropped-membrasin-logo-fr.png\",\"width\":258,\"height\":49,\"caption\":\"Membrasin\"},\"image\":{\"@id\":\"https:\/\/membrasin.be\/nl\/#\/schema\/logo\/image\/\"},\"sameAs\":[\"https:\/\/www.facebook.com\/MembrasinBE\",\"https:\/\/www.instagram.com\/membrasinbe\"]}]}<\/script>\n<!-- \/ Yoast SEO plugin. -->","yoast_head_json":{"title":"Conseils en cas de peau s\u00e8che - Membrasin Huile de baies d\u2019argousier","description":"L\u2019huile de baies d\u2019argousier peut contribuer \u00e0 apaiser la peau s\u00e8che. Mais vous pouvez en faire plus ! Lisez ici les conseils en cas de peau s\u00e8che.","robots":{"index":"index","follow":"follow","max-snippet":"max-snippet:-1","max-image-preview":"max-image-preview:large","max-video-preview":"max-video-preview:-1"},"canonical":"https:\/\/membrasin.be\/fr\/peau-seche\/conseils\/","og_locale":"fr_FR","og_type":"article","og_title":"Conseils en cas de peau s\u00e8che - Membrasin Huile de baies d\u2019argousier","og_description":"L\u2019huile de baies d\u2019argousier peut contribuer \u00e0 apaiser la peau s\u00e8che. Mais vous pouvez en faire plus ! Lisez ici les conseils en cas de peau s\u00e8che.","og_url":"https:\/\/membrasin.be\/fr\/peau-seche\/conseils\/","og_site_name":"Membrasin","article_publisher":"https:\/\/www.facebook.com\/MembrasinBE","article_modified_time":"2024-09-30T08:35:29+00:00","twitter_card":"summary_large_image","twitter_misc":{"Dur\u00e9e de lecture estim\u00e9e":"2 minutes"},"schema":{"@context":"https:\/\/schema.org","@graph":[{"@type":"WebPage","@id":"https:\/\/membrasin.be\/fr\/peau-seche\/conseils\/","url":"https:\/\/membrasin.be\/fr\/peau-seche\/conseils\/","name":"Conseils en cas de peau s\u00e8che - Membrasin Huile de baies d\u2019argousier","isPartOf":{"@id":"https:\/\/membrasin.be\/nl\/#website"},"datePublished":"2020-09-09T14:09:13+00:00","dateModified":"2024-09-30T08:35:29+00:00","description":"L\u2019huile de baies d\u2019argousier peut contribuer \u00e0 apaiser la peau s\u00e8che. Mais vous pouvez en faire plus ! Lisez ici les conseils en cas de peau s\u00e8che.","breadcrumb":{"@id":"https:\/\/membrasin.be\/fr\/peau-seche\/conseils\/#breadcrumb"},"inLanguage":"fr-FR","potentialAction":[{"@type":"ReadAction","target":["https:\/\/membrasin.be\/fr\/peau-seche\/conseils\/"]}]},{"@type":"BreadcrumbList","@id":"https:\/\/membrasin.be\/fr\/peau-seche\/conseils\/#breadcrumb","itemListElement":[{"@type":"ListItem","position":1,"name":"Home","item":"https:\/\/membrasin.be\/fr\/"},{"@type":"ListItem","position":2,"name":"Peau s\u00e8che","item":"https:\/\/membrasin.be\/fr\/peau-seche\/"},{"@type":"ListItem","position":3,"name":"Conseils en cas de peau s\u00e8che"}]},{"@type":"WebSite","@id":"https:\/\/membrasin.be\/nl\/#website","url":"https:\/\/membrasin.be\/nl\/","name":"Membrasin","description":"","publisher":{"@id":"https:\/\/membrasin.be\/nl\/#organization"},"potentialAction":[{"@type":"SearchAction","target":{"@type":"EntryPoint","urlTemplate":"https:\/\/membrasin.be\/nl\/?s={search_term_string}"},"query-input":{"@type":"PropertyValueSpecification","valueRequired":true,"valueName":"search_term_string"}}],"inLanguage":"fr-FR"},{"@type":"Organization","@id":"https:\/\/membrasin.be\/nl\/#organization","name":"Membrasin","url":"https:\/\/membrasin.be\/nl\/","logo":{"@type":"ImageObject","inLanguage":"fr-FR","@id":"https:\/\/membrasin.be\/nl\/#\/schema\/logo\/image\/","url":"https:\/\/membrasin.be\/wp-content\/uploads\/2020\/09\/cropped-membrasin-logo-fr.png","contentUrl":"https:\/\/membrasin.be\/wp-content\/uploads\/2020\/09\/cropped-membrasin-logo-fr.png","width":258,"height":49,"caption":"Membrasin"},"image":{"@id":"https:\/\/membrasin.be\/nl\/#\/schema\/logo\/image\/"},"sameAs":["https:\/\/www.facebook.com\/MembrasinBE","https:\/\/www.instagram.com\/membrasinbe"]}]}},"_links":{"self":[{"href":"https:\/\/membrasin.be\/fr\/wp-json\/wp\/v2\/pages\/960","targetHints":{"allow":["GET"]}}],"collection":[{"href":"https:\/\/membrasin.be\/fr\/wp-json\/wp\/v2\/pages"}],"about":[{"href":"https:\/\/membrasin.be\/fr\/wp-json\/wp\/v2\/types\/page"}],"author":[{"embeddable":true,"href":"https:\/\/membrasin.be\/fr\/wp-json\/wp\/v2\/users\/5"}],"replies":[{"embeddable":true,"href":"https:\/\/membrasin.be\/fr\/wp-json\/wp\/v2\/comments?post=960"}],"version-history":[{"count":15,"href":"https:\/\/membrasin.be\/fr\/wp-json\/wp\/v2\/pages\/960\/revisions"}],"predecessor-version":[{"id":5469,"href":"https:\/\/membrasin.be\/fr\/wp-json\/wp\/v2\/pages\/960\/revisions\/5469"}],"up":[{"embeddable":true,"href":"https:\/\/membrasin.be\/fr\/wp-json\/wp\/v2\/pages\/953"}],"wp:attachment":[{"href":"https:\/\/membrasin.be\/fr\/wp-json\/wp\/v2\/media?parent=960"}],"curies":[{"name":"wp","href":"https:\/\/api.w.org\/{rel}","templated":true}]}}