{"id":969,"date":"2020-09-09T14:30:52","date_gmt":"2020-09-09T14:30:52","guid":{"rendered":"https:\/\/membrasin.be\/?page_id=969"},"modified":"2023-12-22T14:53:09","modified_gmt":"2023-12-22T14:53:09","slug":"symptomes-de-la-secheresse-oculaire","status":"publish","type":"page","link":"https:\/\/membrasin.be\/fr\/secheresse-oculaire\/symptomes-de-la-secheresse-oculaire\/","title":{"rendered":"Sympt\u00f4mes de la s\u00e9cheresse oculaire"},"content":{"rendered":"<div class=\"wpb-content-wrapper\"><p>[vc_row css=\u00a0\u00bb.vc_custom_1594360026607{padding-top: 50px !important;padding-bottom: 50px !important;}\u00a0\u00bb el_class=\u00a0\u00bbblog\u00a0\u00bb][vc_column][vc_custom_heading text=\u00a0\u00bbSympt\u00f4mes de la s\u00e9cheresse oculaire\u00a0\u00bb font_container=\u00a0\u00bbtag:h1|text_align:left|color:%23f4c3a2&Prime; use_theme_fonts=\u00a0\u00bbyes\u00a0\u00bb el_class=\u00a0\u00bbfont-h2&Prime;][vc_column_text]<\/p>\n<div class=\"wpb_text_column wpb_content_element \">\n<div class=\"wpb_wrapper\">\n<p>Une sensation de br\u00fblure ou de picotement et le blanc des yeux rouges\u00a0: des sympt\u00f4mes classiques de s\u00e9cheresse oculaire. En savoir plus sur les effets du liquide lacrymal et les sympt\u00f4mes de la s\u00e9cheresse oculaire.<\/p>\n<p>La s\u00e9cheresse oculaire se manifeste en cas de diminution de la quantit\u00e9 de liquide lacrymal ou de modification de sa composition. L\u2019amincissement des muqueuses chez la femme (d\u00fb \u00e0 la m\u00e9nopause) amplifie ce ph\u00e9nom\u00e8ne. Citons \u00e9galement les personnes atteintes de diab\u00e8te, du syndrome de Sj\u00f6gren ou de la maladie de Parkinson, qui souffrent \u00e9galement de s\u00e9cheresse oculaire.<\/p>\n<p>Portez-vous des lentilles ou des lunettes\u00a0? Vous travaillez face \u00e0 un \u00e9cran d\u2019ordinateur \u00e0 longueur de journ\u00e9e\u00a0? Dans ce cas, la s\u00e9cheresse oculaire vous concerne \u00e9galement. \u00c0 quoi reconna\u00eet-on les yeux secs\u00a0? Pourquoi les yeux pleurent-ils lorsqu&rsquo;ils sont secs\u00a0? Et pourquoi ces larmes ne contribuent-elles pas \u00e0 apaiser la s\u00e9cheresse oculaire\u00a0?<\/p>\n<\/div>\n<\/div>\n<p>[\/vc_column_text][\/vc_column][\/vc_row][vc_row full_width=\u00a0\u00bbstretch_row\u00a0\u00bb el_class=\u00a0\u00bbbanner_8990&Prime; css=\u00a0\u00bb.vc_custom_1598021447521{background-image: url(https:\/\/membrasin.be\/wp-content\/uploads\/2020\/08\/membrasin-droge-ogen-voorkomen-quote.jpg?id=732) !important;}\u00a0\u00bb][vc_column][vc_row_inner][vc_column_inner width=\u00a0\u00bb1\/3&Prime;][vc_custom_heading text=\u00a0\u00bbUne sensation de br\u00fblure ou de picotement et le blanc des yeux rouge ? C\u2019est un sympt\u00f4me caract\u00e9ristique de la s\u00e9cheresse oculaire.\u00a0\u00bb font_container=\u00a0\u00bbtag:h2|text_align:left|color:%23ffffff\u00a0\u00bb use_theme_fonts=\u00a0\u00bbyes\u00a0\u00bb][\/vc_column_inner][vc_column_inner width=\u00a0\u00bb2\/3&Prime;][\/vc_column_inner][\/vc_row_inner][\/vc_column][\/vc_row][vc_row][vc_column][vc_row_inner][vc_column_inner width=\u00a0\u00bb1\/2&Prime;][vc_custom_heading text=\u00a0\u00bbLe fonctionnement du liquide lacrymal\u00a0\u00bb font_container=\u00a0\u00bbtag:h3|text_align:left|color:%23458a2d\u00a0\u00bb use_theme_fonts=\u00a0\u00bbyes\u00a0\u00bb el_class=\u00a0\u00bbfont-green\u00a0\u00bb][vc_column_text]Il faut une quantit\u00e9 suffisante de liquide lacrymal pour prot\u00e9ger l\u2019\u0153il de l\u2019ass\u00e8chement et des agressions ext\u00e9rieures. Mais comment fonctionne le liquide lacrymal\u00a0? Et comment savoir si nous ne produisons pas assez de liquide lacrymal\u00a0?[\/vc_column_text][vc_custom_heading text=\u00a0\u00bbCauses de la s\u00e9cheresse oculaire\u00a0\u00bb font_container=\u00a0\u00bbtag:h3|text_align:left|color:%23458a2d\u00a0\u00bb use_theme_fonts=\u00a0\u00bbyes\u00a0\u00bb el_class=\u00a0\u00bbfont-green\u00a0\u00bb][vc_column_text]Le liquide lacrymal se compose principalement d\u2019eau, mais aussi d\u2019une couche de mucus et d\u2019une enveloppe de graisses. Ces deux derniers composants ralentissent l\u2019\u00e9vaporation du liquide lacrymal de nos yeux. De plus, le liquide lacrymal contient une substance qui prot\u00e8ge l\u2019\u0153il des agressions ext\u00e9rieures. <strong>Nous clignons des yeux une vingtaine de fois par minute.<\/strong> Ce faisant, nous r\u00e9pandons le liquide lacrymal dans l\u2019\u0153il. L\u2019\u0153il reste ainsi propre, exempt de poussi\u00e8res et prot\u00e9g\u00e9.[\/vc_column_text][vc_custom_heading text=\u00a0\u00bbLe liquide lacrymal et les yeux secs\u00a0\u00bb font_container=\u00a0\u00bbtag:h3|text_align:left|color:%23458a2d\u00a0\u00bb use_theme_fonts=\u00a0\u00bbyes\u00a0\u00bb el_class=\u00a0\u00bbfont-green\u00a0\u00bb][vc_column_text]La s\u00e9cheresse oculaire est notamment li\u00e9e \u00e0 <strong>la m\u00e9nopause<\/strong>, au vieillissement, \u00e0 certaines affections et certains m\u00e9dicaments. Elle touche aussi bien les hommes que les femmes. Ce ph\u00e9nom\u00e8ne est induit par une diminution de la production de liquide lacrymal. La modification de la composition du liquide lacrymal peut \u00e9galement provoquer une s\u00e9cheresse des yeux.[\/vc_column_text][vc_custom_heading text=\u00a0\u00bbComment fonctionne le liquide lacrymal ?\u00a0\u00bb font_container=\u00a0\u00bbtag:h3|text_align:left|color:%23458a2d\u00a0\u00bb use_theme_fonts=\u00a0\u00bbyes\u00a0\u00bb el_class=\u00a0\u00bbfont-green\u00a0\u00bb][vc_column_text]Le liquide lacrymal forme une pellicule qui recouvre l\u2019\u0153il et le prot\u00e8ge contre le dess\u00e8chement. Il maintient \u00e9galement l\u2019hydratation de la corn\u00e9e, ce qui est n\u00e9cessaire pour une nettet\u00e9 optimale de la vision. Le liquide lacrymal est produit par la muqueuse des yeux et par les glandes lacrymales. Si les muqueuses (par exemple durant<strong> la pr\u00e9m\u00e9nopause<\/strong>) s\u2019affinent, la production de liquide lacrymal diminue et provoque la s\u00e9cheresse oculaire.[\/vc_column_text][\/vc_column_inner][vc_column_inner width=\u00a0\u00bb1\/2&Prime;][vc_custom_heading text=\u00a0\u00bbSympt\u00f4mes de la s\u00e9cheresse oculaire\u00a0\u00bb font_container=\u00a0\u00bbtag:h3|text_align:left|color:%23458a2d\u00a0\u00bb use_theme_fonts=\u00a0\u00bbyes\u00a0\u00bb el_class=\u00a0\u00bbfont-green\u00a0\u00bb][vc_column_text]Les causes de la s\u00e9cheresse oculaire ne sont pas toujours \u00e9videntes. Les sympt\u00f4mes suivants peuvent indiquer une s\u00e9cheresse oculaire aussi bien chez l\u2019homme que chez la femme :<\/p>\n<p>\u2022 fatigue oculaire<br \/>\n\u2022 sensation de br\u00fblure ou de picotement<br \/>\n\u2022 sensation d\u2019avoir un grain de sable dans l\u2019\u0153il<br \/>\n\u2022 formation de mucus dans les yeux<br \/>\n\u2022 difficult\u00e9 \u00e0 supporter la lumi\u00e8re vive<br \/>\n\u2022 paupi\u00e8res qui collent<br \/>\n\u2022 production excessive de larmes[\/vc_column_text][vc_custom_heading text=\u00a0\u00bbLarmes et s\u00e9cheresse oculaire\u00a0\u00bb font_container=\u00a0\u00bbtag:h3|text_align:left|color:%23458a2d\u00a0\u00bb use_theme_fonts=\u00a0\u00bbyes\u00a0\u00bb el_class=\u00a0\u00bbfont-green\u00a0\u00bb][vc_column_text]Cela peut sembler illogique, mais la s\u00e9cheresse oculaire entra\u00eene une production plus fr\u00e9quente de larmes. Vous pleurez alors des larmes r\u00e9flexes. Ces larmes n\u2019ont pas la m\u00eame composition que le liquide lacrymal. Les larmes r\u00e9flexes ne restent pas sur l\u2019\u0153il, elles coulent directement le long des joues. Elles ne forment donc pas un film lacrymal protecteur et ne sont d\u00e8s lors d\u2019aucune aide en cas de s\u00e9cheresse oculaire.[\/vc_column_text][\/vc_column_inner][\/vc_row_inner][\/vc_column][\/vc_row][vc_row full_width=\u00a0\u00bbstretch_row\u00a0\u00bb css=\u00a0\u00bb.vc_custom_1594371807266{padding-top: 50px !important;padding-bottom: 0px !important;background-color: #f8f8f8 !important;}\u00a0\u00bb][vc_column][vc_row_inner][vc_column_inner width=\u00a0\u00bb7\/12&Prime;][vc_custom_heading text=\u00a0\u00bbMembrasin Eye Care vous int\u00e9resse ?\u00a0\u00bb font_container=\u00a0\u00bbtag:h2|font_size:35px|text_align:left|color:%23458a2d\u00a0\u00bb use_theme_fonts=\u00a0\u00bbyes\u00a0\u00bb el_class=\u00a0\u00bbfont-h2&Prime;][\/vc_column_inner][vc_column_inner width=\u00a0\u00bb5\/12&Prime;][vc_btn title=\u00a0\u00bbConsultez nos produits!\u00a0\u00bb link=\u00a0\u00bburl:%2Ffr%2Fshop%2F|title:Shop||\u00a0\u00bb el_class=\u00a0\u00bbgreen_btn\u00a0\u00bb][\/vc_column_inner][\/vc_row_inner][\/vc_column][\/vc_row]<\/p>\n<\/div>","protected":false},"excerpt":{"rendered":"<p>[vc_row css=\u00a0\u00bb.vc_custom_1594360026607{padding-top: 50px !important;padding-bottom: 50px !important;}\u00a0\u00bb el_class=\u00a0\u00bbblog\u00a0\u00bb][vc_column][vc_custom_heading text=\u00a0\u00bbSympt\u00f4mes de la s\u00e9cheresse oculaire\u00a0\u00bb font_container=\u00a0\u00bbtag:h1|text_align:left|color:%23f4c3a2&Prime; use_theme_fonts=\u00a0\u00bbyes\u00a0\u00bb el_class=\u00a0\u00bbfont-h2&Prime;][vc_column_text] Une sensation de br\u00fblure ou de picotement et le blanc des<span class=\"excerpt-hellip\"> [\u2026]<\/span><\/p>\n","protected":false},"author":5,"featured_media":0,"parent":962,"menu_order":0,"comment_status":"closed","ping_status":"closed","template":"","meta":{"inline_featured_image":false,"footnotes":""},"class_list":["post-969","page","type-page","status-publish","hentry"],"yoast_head":"<!-- This site is optimized with the Yoast SEO plugin v26.3 - https:\/\/yoast.com\/wordpress\/plugins\/seo\/ -->\n<title>Sympt\u00f4mes de la s\u00e9cheresse oculaire - Membrasin Eye Care<\/title>\n<meta name=\"description\" content=\"Une sensation de br\u00fblure, de picotement, le blanc des yeux rouges\u00a0: des sympt\u00f4mes classiques. En savoir plus sur les sympt\u00f4mes de la s\u00e9cheresse oculaire.\" \/>\n<meta name=\"robots\" content=\"index, follow, max-snippet:-1, max-image-preview:large, max-video-preview:-1\" \/>\n<link rel=\"canonical\" href=\"https:\/\/membrasin.be\/fr\/secheresse-oculaire\/symptomes-de-la-secheresse-oculaire\/\" \/>\n<meta property=\"og:locale\" content=\"fr_FR\" \/>\n<meta property=\"og:type\" content=\"article\" \/>\n<meta property=\"og:title\" content=\"Sympt\u00f4mes de la s\u00e9cheresse oculaire - Membrasin Eye Care\" \/>\n<meta property=\"og:description\" content=\"Une sensation de br\u00fblure, de picotement, le blanc des yeux rouges\u00a0: des sympt\u00f4mes classiques. En savoir plus sur les sympt\u00f4mes de la s\u00e9cheresse oculaire.\" \/>\n<meta property=\"og:url\" content=\"https:\/\/membrasin.be\/fr\/secheresse-oculaire\/symptomes-de-la-secheresse-oculaire\/\" \/>\n<meta property=\"og:site_name\" content=\"Membrasin\" \/>\n<meta property=\"article:publisher\" content=\"https:\/\/www.facebook.com\/MembrasinBE\" \/>\n<meta property=\"article:modified_time\" content=\"2023-12-22T14:53:09+00:00\" \/>\n<meta name=\"twitter:card\" content=\"summary_large_image\" \/>\n<meta name=\"twitter:label1\" content=\"Dur\u00e9e de lecture estim\u00e9e\" \/>\n\t<meta name=\"twitter:data1\" content=\"5 minutes\" \/>\n<script type=\"application\/ld+json\" class=\"yoast-schema-graph\">{\"@context\":\"https:\/\/schema.org\",\"@graph\":[{\"@type\":\"WebPage\",\"@id\":\"https:\/\/membrasin.be\/fr\/secheresse-oculaire\/symptomes-de-la-secheresse-oculaire\/\",\"url\":\"https:\/\/membrasin.be\/fr\/secheresse-oculaire\/symptomes-de-la-secheresse-oculaire\/\",\"name\":\"Sympt\u00f4mes de la s\u00e9cheresse oculaire - Membrasin Eye Care\",\"isPartOf\":{\"@id\":\"https:\/\/membrasin.be\/nl\/#website\"},\"datePublished\":\"2020-09-09T14:30:52+00:00\",\"dateModified\":\"2023-12-22T14:53:09+00:00\",\"description\":\"Une sensation de br\u00fblure, de picotement, le blanc des yeux rouges\u00a0: des sympt\u00f4mes classiques. En savoir plus sur les sympt\u00f4mes de la s\u00e9cheresse oculaire.\",\"breadcrumb\":{\"@id\":\"https:\/\/membrasin.be\/fr\/secheresse-oculaire\/symptomes-de-la-secheresse-oculaire\/#breadcrumb\"},\"inLanguage\":\"fr-FR\",\"potentialAction\":[{\"@type\":\"ReadAction\",\"target\":[\"https:\/\/membrasin.be\/fr\/secheresse-oculaire\/symptomes-de-la-secheresse-oculaire\/\"]}]},{\"@type\":\"BreadcrumbList\",\"@id\":\"https:\/\/membrasin.be\/fr\/secheresse-oculaire\/symptomes-de-la-secheresse-oculaire\/#breadcrumb\",\"itemListElement\":[{\"@type\":\"ListItem\",\"position\":1,\"name\":\"Home\",\"item\":\"https:\/\/membrasin.be\/fr\/\"},{\"@type\":\"ListItem\",\"position\":2,\"name\":\"S\u00e9cheresse oculaire\",\"item\":\"https:\/\/membrasin.be\/fr\/secheresse-oculaire\/\"},{\"@type\":\"ListItem\",\"position\":3,\"name\":\"Sympt\u00f4mes de la s\u00e9cheresse oculaire\"}]},{\"@type\":\"WebSite\",\"@id\":\"https:\/\/membrasin.be\/nl\/#website\",\"url\":\"https:\/\/membrasin.be\/nl\/\",\"name\":\"Membrasin\",\"description\":\"\",\"publisher\":{\"@id\":\"https:\/\/membrasin.be\/nl\/#organization\"},\"potentialAction\":[{\"@type\":\"SearchAction\",\"target\":{\"@type\":\"EntryPoint\",\"urlTemplate\":\"https:\/\/membrasin.be\/nl\/?s={search_term_string}\"},\"query-input\":{\"@type\":\"PropertyValueSpecification\",\"valueRequired\":true,\"valueName\":\"search_term_string\"}}],\"inLanguage\":\"fr-FR\"},{\"@type\":\"Organization\",\"@id\":\"https:\/\/membrasin.be\/nl\/#organization\",\"name\":\"Membrasin\",\"url\":\"https:\/\/membrasin.be\/nl\/\",\"logo\":{\"@type\":\"ImageObject\",\"inLanguage\":\"fr-FR\",\"@id\":\"https:\/\/membrasin.be\/nl\/#\/schema\/logo\/image\/\",\"url\":\"https:\/\/membrasin.be\/wp-content\/uploads\/2020\/09\/cropped-membrasin-logo-fr.png\",\"contentUrl\":\"https:\/\/membrasin.be\/wp-content\/uploads\/2020\/09\/cropped-membrasin-logo-fr.png\",\"width\":258,\"height\":49,\"caption\":\"Membrasin\"},\"image\":{\"@id\":\"https:\/\/membrasin.be\/nl\/#\/schema\/logo\/image\/\"},\"sameAs\":[\"https:\/\/www.facebook.com\/MembrasinBE\",\"https:\/\/www.instagram.com\/membrasinbe\"]}]}<\/script>\n<!-- \/ Yoast SEO plugin. -->","yoast_head_json":{"title":"Sympt\u00f4mes de la s\u00e9cheresse oculaire - Membrasin Eye Care","description":"Une sensation de br\u00fblure, de picotement, le blanc des yeux rouges\u00a0: des sympt\u00f4mes classiques. En savoir plus sur les sympt\u00f4mes de la s\u00e9cheresse oculaire.","robots":{"index":"index","follow":"follow","max-snippet":"max-snippet:-1","max-image-preview":"max-image-preview:large","max-video-preview":"max-video-preview:-1"},"canonical":"https:\/\/membrasin.be\/fr\/secheresse-oculaire\/symptomes-de-la-secheresse-oculaire\/","og_locale":"fr_FR","og_type":"article","og_title":"Sympt\u00f4mes de la s\u00e9cheresse oculaire - Membrasin Eye Care","og_description":"Une sensation de br\u00fblure, de picotement, le blanc des yeux rouges\u00a0: des sympt\u00f4mes classiques. En savoir plus sur les sympt\u00f4mes de la s\u00e9cheresse oculaire.","og_url":"https:\/\/membrasin.be\/fr\/secheresse-oculaire\/symptomes-de-la-secheresse-oculaire\/","og_site_name":"Membrasin","article_publisher":"https:\/\/www.facebook.com\/MembrasinBE","article_modified_time":"2023-12-22T14:53:09+00:00","twitter_card":"summary_large_image","twitter_misc":{"Dur\u00e9e de lecture estim\u00e9e":"5 minutes"},"schema":{"@context":"https:\/\/schema.org","@graph":[{"@type":"WebPage","@id":"https:\/\/membrasin.be\/fr\/secheresse-oculaire\/symptomes-de-la-secheresse-oculaire\/","url":"https:\/\/membrasin.be\/fr\/secheresse-oculaire\/symptomes-de-la-secheresse-oculaire\/","name":"Sympt\u00f4mes de la s\u00e9cheresse oculaire - Membrasin Eye Care","isPartOf":{"@id":"https:\/\/membrasin.be\/nl\/#website"},"datePublished":"2020-09-09T14:30:52+00:00","dateModified":"2023-12-22T14:53:09+00:00","description":"Une sensation de br\u00fblure, de picotement, le blanc des yeux rouges\u00a0: des sympt\u00f4mes classiques. En savoir plus sur les sympt\u00f4mes de la s\u00e9cheresse oculaire.","breadcrumb":{"@id":"https:\/\/membrasin.be\/fr\/secheresse-oculaire\/symptomes-de-la-secheresse-oculaire\/#breadcrumb"},"inLanguage":"fr-FR","potentialAction":[{"@type":"ReadAction","target":["https:\/\/membrasin.be\/fr\/secheresse-oculaire\/symptomes-de-la-secheresse-oculaire\/"]}]},{"@type":"BreadcrumbList","@id":"https:\/\/membrasin.be\/fr\/secheresse-oculaire\/symptomes-de-la-secheresse-oculaire\/#breadcrumb","itemListElement":[{"@type":"ListItem","position":1,"name":"Home","item":"https:\/\/membrasin.be\/fr\/"},{"@type":"ListItem","position":2,"name":"S\u00e9cheresse oculaire","item":"https:\/\/membrasin.be\/fr\/secheresse-oculaire\/"},{"@type":"ListItem","position":3,"name":"Sympt\u00f4mes de la s\u00e9cheresse oculaire"}]},{"@type":"WebSite","@id":"https:\/\/membrasin.be\/nl\/#website","url":"https:\/\/membrasin.be\/nl\/","name":"Membrasin","description":"","publisher":{"@id":"https:\/\/membrasin.be\/nl\/#organization"},"potentialAction":[{"@type":"SearchAction","target":{"@type":"EntryPoint","urlTemplate":"https:\/\/membrasin.be\/nl\/?s={search_term_string}"},"query-input":{"@type":"PropertyValueSpecification","valueRequired":true,"valueName":"search_term_string"}}],"inLanguage":"fr-FR"},{"@type":"Organization","@id":"https:\/\/membrasin.be\/nl\/#organization","name":"Membrasin","url":"https:\/\/membrasin.be\/nl\/","logo":{"@type":"ImageObject","inLanguage":"fr-FR","@id":"https:\/\/membrasin.be\/nl\/#\/schema\/logo\/image\/","url":"https:\/\/membrasin.be\/wp-content\/uploads\/2020\/09\/cropped-membrasin-logo-fr.png","contentUrl":"https:\/\/membrasin.be\/wp-content\/uploads\/2020\/09\/cropped-membrasin-logo-fr.png","width":258,"height":49,"caption":"Membrasin"},"image":{"@id":"https:\/\/membrasin.be\/nl\/#\/schema\/logo\/image\/"},"sameAs":["https:\/\/www.facebook.com\/MembrasinBE","https:\/\/www.instagram.com\/membrasinbe"]}]}},"_links":{"self":[{"href":"https:\/\/membrasin.be\/fr\/wp-json\/wp\/v2\/pages\/969","targetHints":{"allow":["GET"]}}],"collection":[{"href":"https:\/\/membrasin.be\/fr\/wp-json\/wp\/v2\/pages"}],"about":[{"href":"https:\/\/membrasin.be\/fr\/wp-json\/wp\/v2\/types\/page"}],"author":[{"embeddable":true,"href":"https:\/\/membrasin.be\/fr\/wp-json\/wp\/v2\/users\/5"}],"replies":[{"embeddable":true,"href":"https:\/\/membrasin.be\/fr\/wp-json\/wp\/v2\/comments?post=969"}],"version-history":[{"count":11,"href":"https:\/\/membrasin.be\/fr\/wp-json\/wp\/v2\/pages\/969\/revisions"}],"predecessor-version":[{"id":2623,"href":"https:\/\/membrasin.be\/fr\/wp-json\/wp\/v2\/pages\/969\/revisions\/2623"}],"up":[{"embeddable":true,"href":"https:\/\/membrasin.be\/fr\/wp-json\/wp\/v2\/pages\/962"}],"wp:attachment":[{"href":"https:\/\/membrasin.be\/fr\/wp-json\/wp\/v2\/media?parent=969"}],"curies":[{"name":"wp","href":"https:\/\/api.w.org\/{rel}","templated":true}]}}