{"id":1044,"date":"2020-07-15T12:52:47","date_gmt":"2020-09-10T08:52:58","guid":{"rendered":"https:\/\/membrasin.be\/?post_type=product&#038;p=1044"},"modified":"2024-10-02T13:27:11","modified_gmt":"2024-10-02T13:27:11","slug":"membrasin-eye-care","status":"publish","type":"product","link":"https:\/\/membrasin.be\/fr\/product\/membrasin-eye-care\/","title":{"rendered":"Membrasin Eye Care 60 pcs"},"content":{"rendered":"<div class=\"wpb-content-wrapper\"><p>[vc_row full_width=\u00a0\u00bbstretch_row\u00a0\u00bb el_class=\u00a0\u00bbbanner_8990&Prime; css=\u00a0\u00bb.vc_custom_1598023616351{background-image: url(https:\/\/membrasin.be\/wp-content\/uploads\/2020\/08\/membrasin-droge-ogen-voorkomen-quote.jpg?id=732) !important;}\u00a0\u00bb][vc_column][vc_row_inner][vc_column_inner width=\u00a0\u00bb1\/2&Prime;][vc_custom_heading text=\u00a0\u00bb\u00ab Membrasin Eye Care me convient tr\u00e8s bien. Mon m\u00e9decin traitant m\u2019a dit que<br \/>\nje pouvais arr\u00eater les gouttes pour les yeux. \u00bb\u00a0\u00bb font_container=\u00a0\u00bbtag:h2|text_align:left|color:%23ffffff\u00a0\u00bb use_theme_fonts=\u00a0\u00bbyes\u00a0\u00bb][vc_column_text el_class=\u00a0\u00bbmb-04&Prime;]Lore[\/vc_column_text][\/vc_column_inner][vc_column_inner width=\u00a0\u00bb1\/2&Prime;][\/vc_column_inner][\/vc_row_inner][\/vc_column][\/vc_row][vc_row][vc_column][vc_custom_heading text=\u00a0\u00bbUtilisation et ingr\u00e9dients\u00a0\u00bb font_container=\u00a0\u00bbtag:h3|font_size:24px|text_align:left|color:%23458a2d\u00a0\u00bb use_theme_fonts=\u00a0\u00bbyes\u00a0\u00bb el_class=\u00a0\u00bbfont-green\u00a0\u00bb][vc_column_text]Prenez deux g\u00e9lules de Membrasin Eye Care deux fois par jour, de pr\u00e9f\u00e9rence pendant les repas. Apr\u00e8s six semaines, vous pouvez passer \u00e0 un dosage d\u2019entretien de deux g\u00e9lules une fois par jour.<\/p>\n<p>Il est recommand\u00e9 d\u2019administrer une demi-dose aux enfants jusqu\u2019\u00e0 douze ans (les g\u00e9lules ne conviennent pas aux enfants de moins de quatre ans).<\/p>\n<p>Membrasin Eye Care contient\u00a0: de <a href=\"https:\/\/membrasin.be\/baie-dargousier\/?lang=fr\">l\u2019huile de baies d\u2019argousier<\/a>, une capsule v\u00e9g\u00e9tale (amidon de ma\u00efs modifi\u00e9, glyc\u00e9rol), un \u00e9mulsifiant (carragh\u00e9nine), un r\u00e9gulateur d\u2019acidit\u00e9 (phosphate disodique), de la lut\u00e9ine, de la z\u00e9axanthine, un antioxydant (alpha-tocoph\u00e9rol, extrait de romarin dans l\u2019huile de tournesol), un liant (dioxyde de silicium) et du b\u00eata-carot\u00e8ne.[\/vc_column_text][vc_empty_space el_class=\u00a0\u00bbmb-0&Prime;][vc_custom_heading text=\u00a0\u00bbInformations compl\u00e9mentaires\u00a0\u00bb font_container=\u00a0\u00bbtag:h3|font_size:24px|text_align:left|color:%23458a2d\u00a0\u00bb use_theme_fonts=\u00a0\u00bbyes\u00a0\u00bb el_class=\u00a0\u00bbfont-green\u00a0\u00bb][vc_column_text]- Membrasin g\u00e9lules ne contient pas de gluten, de sucre, de lactose, d\u2019agents conservateurs, de colorants ou d\u2019aromatisants ;<\/p>\n<p>&#8211; Convient aux v\u00e9g\u00e9tariens et aux v\u00e9g\u00e9taliens ;<\/p>\n<p>&#8211; Peut \u00eatre utilis\u00e9 pendant la grossesse et l\u2019allaitement ;<\/p>\n<p>&#8211; Convient aux enfants (\u00e0 partir de quatre ans) ;<\/p>\n<p>&#8211; Conserver dans un endroit sec et frais, hors de port\u00e9e des enfants. Ne pas d\u00e9passer la dose quotidienne recommand\u00e9e.<\/p>\n<p>Membrasin Eye Care est disponible en pharmacie, dans les drogueries et les magasins en ligne ind\u00e9pendants.[\/vc_column_text][\/vc_column][\/vc_row][vc_row disable_element=\u00a0\u00bbyes\u00a0\u00bb el_class=\u00a0\u00bbwhite_bg\u00a0\u00bb css=\u00a0\u00bb.vc_custom_1727875242790{padding-bottom: 40px !important;}\u00a0\u00bb][vc_column css=\u00a0\u00bb.vc_custom_1594896342852{margin-top: 0px !important;margin-right: 0px !important;margin-bottom: 0px !important;margin-left: 0px !important;padding-top: 0px !important;padding-bottom: 0px !important;}\u00a0\u00bb][vc_empty_space height=\u00a0\u00bb80px\u00a0\u00bb][vc_separator][vc_empty_space height=\u00a0\u00bb80px\u00a0\u00bb][vc_custom_heading text=\u00a0\u00bbN\u2019oubliez pas de consulter nos autres produits Membrasin !\u00a0\u00bb font_container=\u00a0\u00bbtag:h2|text_align:left|color:%23e78800&Prime; use_theme_fonts=\u00a0\u00bbyes\u00a0\u00bb el_class=\u00a0\u00bbfont-h2&Prime;][vc_empty_space height=\u00a0\u00bb50px\u00a0\u00bb][vc_row_inner][vc_column_inner el_class=\u00a0\u00bbsection4_cus\u00a0\u00bb width=\u00a0\u00bb1\/2&Prime;][vc_single_image image=\u00a0\u00bb4879&Prime; img_size=\u00a0\u00bbfull\u00a0\u00bb][vc_custom_heading text=\u00a0\u00bbG\u00e9lules de Membrasin\u00a0\u00bb font_container=\u00a0\u00bbtag:h4|text_align:left\u00a0\u00bb use_theme_fonts=\u00a0\u00bbyes\u00a0\u00bb el_class=\u00a0\u00bbproduct_space\u00a0\u00bb][vc_column_text el_class=\u00a0\u00bbproduct_space\u00a0\u00bb]La baie d\u2019argousier contribue \u00e0 apaiser la s\u00e9cheresse oculaire, buccale et des muqueuses et favorise la bonne sant\u00e9 de la peau en agissant de l\u2019int\u00e9rieur.<\/p>\n<p><strong>24,99 \u20ac &#8211; 60 pcs | 50,99 \u20ac &#8211; 150 pcs (\u00e0 partir de)<\/strong><\/p>\n<ul>\n<li>Contient 60\/150\u00a0g\u00e9lules v\u00e9g\u00e9tales<\/li>\n<li>\u00c0 base d\u2019huile de baies d\u2019argousier<\/li>\n<li>Vitamines A et E<\/li>\n<li>Om\u00e9ga\u00a03, 6, 7 et 9<\/li>\n<li>Sans colorants ni aromatisants artificiels<\/li>\n<\/ul>\n<p>[\/vc_column_text][vc_btn title=\u00a0\u00bbShop\u00a0\u00bb i_align=\u00a0\u00bbright\u00a0\u00bb i_icon_fontawesome=\u00a0\u00bbfa fa-angle-right\u00a0\u00bb add_icon=\u00a0\u00bbtrue\u00a0\u00bb link=\u00a0\u00bburl:https%3A%2F%2Fmembrasin.be%2Fproduct%2Fgelules-de-membrasin%2F%3Flang%3Dfr|title:Droge%20slijmvliezen|\u00a0\u00bb el_class=\u00a0\u00bbproduct_space\u00a0\u00bb][\/vc_column_inner][vc_column_inner el_class=\u00a0\u00bbsection4_cus\u00a0\u00bb width=\u00a0\u00bb1\/2&Prime;][vc_single_image image=\u00a0\u00bb2151&Prime; img_size=\u00a0\u00bbfull\u00a0\u00bb][vc_custom_heading text=\u00a0\u00bbMembrasin liquide\u00a0\u00bb font_container=\u00a0\u00bbtag:h4|text_align:left\u00a0\u00bb use_theme_fonts=\u00a0\u00bbyes\u00a0\u00bb el_class=\u00a0\u00bbproduct_space\u00a0\u00bb][vc_column_text el_class=\u00a0\u00bbproduct_space\u00a0\u00bb]La baie d\u2019argousier contribue \u00e0 apaiser la s\u00e9cheresse oculaire, buccale et des muqueuses et favorise la bonne sant\u00e9 de la peau en agissant de l\u2019int\u00e9rieur.<\/p>\n<p><strong>26,99 \u20ac (\u00e0 partir de)<\/strong><\/p>\n<ul>\n<li>Contenu\u00a0: 150\u00a0ml<\/li>\n<li>\u00c0 base d\u2019huile de baies d\u2019argousier<\/li>\n<li>Vitamines A et E<\/li>\n<li>Om\u00e9ga\u00a03, 6, 7 et 9<\/li>\n<li>Sans colorants ni aromatisants artificiels<\/li>\n<\/ul>\n<p>[\/vc_column_text][vc_btn title=\u00a0\u00bbShop\u00a0\u00bb i_align=\u00a0\u00bbright\u00a0\u00bb i_icon_fontawesome=\u00a0\u00bbfa fa-angle-right\u00a0\u00bb add_icon=\u00a0\u00bbtrue\u00a0\u00bb link=\u00a0\u00bburl:https%3A%2F%2Fmembrasin.be%2Fproduct%2Fmembrasin-liquide%2F%3Flang%3Dfr|title:Membrasin%20Vloeibaar|\u00a0\u00bb el_class=\u00a0\u00bbproduct_space\u00a0\u00bb][\/vc_column_inner][\/vc_row_inner][\/vc_column][\/vc_row]<\/p>\n<\/div>","protected":false},"excerpt":{"rendered":"<h2>Membrasin eye care contre la s\u00e9cheresse oculaire | 60 pcs<\/h2>\n<p><span style=\"color: #000000;\">Membrasin\u00ae Eye Care convient aux personnes qui portent des lentilles de contact, travaillent beaucoup sur ordinateur ou ont subi un traitement au laser, passent beaucoup de temps dans des endroits secs (notamment climatis\u00e9s) ou ont les yeux plus secs en raison de l\u2019\u00e2ge.<\/span><\/p>\n<p><span style=\"color: #000000;\">Membrasin\u00ae Eye Care G\u00e9lules contient de l\u2019huile pure de la chair et du noyau de la baie d\u2019argousier. Par ailleurs, Membrasin Eye Care G\u00e9lules contient de la z\u00e9axanthine et de la lut\u00e9ine FloraGlo. La baie d\u2019argousier, qui contient notamment de la vitamine A, contribue \u00e0 soulager la s\u00e9cheresse oculaire. La vitamine\u00a0A contribue \u00e0 maintenir une acuit\u00e9 visuelle normale. Membrasin contient de l\u2019extrait d\u2019huile de baies d\u2019argousier SBA24\u00ae unique, pur et standardis\u00e9, exclusivement fabriqu\u00e9 \u00e0 partir des baies d\u2019argousier de la plus haute qualit\u00e9.<\/span><\/p>\n<p><span style=\"color: #000000;\">\u2022 Contient des acides gras om\u00e9ga\u00a03, 6 et 9, ainsi que des om\u00e9ga\u00a07<\/span><br \/>\n<span style=\"color: #000000;\">\u2022 Vitamine A<\/span><br \/>\n<span style=\"color: #000000;\">\u2022 Lut\u00e9ine et z\u00e9axanthine<br \/>\n<\/span><span style=\"color: #000000;\">\u2022 Sans sucre<\/span><br \/>\n<span style=\"color: #000000;\">\u2022 100% naturel<\/span><br \/>\n<span style=\"color: #000000;\">\u2022 Contenu: 60 g\u00e9lules<\/span><br \/>\n<span style=\"color: #000000;\">\u2022 Convient aux v\u00e9g\u00e9tariens et aux v\u00e9g\u00e9taliens<\/span><\/p>\n","protected":false},"featured_media":5187,"template":"","meta":{"inline_featured_image":false},"product_brand":[],"product_cat":[31],"product_tag":[],"class_list":{"0":"post-1044","1":"product","2":"type-product","3":"status-publish","4":"has-post-thumbnail","6":"product_cat-shop-fr","8":"first","9":"outofstock","10":"taxable","11":"shipping-taxable","12":"purchasable","13":"product-type-simple"},"yoast_head":"<!-- This site is optimized with the Yoast SEO plugin v26.3 - https:\/\/yoast.com\/wordpress\/plugins\/seo\/ -->\n<title>Membrasin Eye Care 60 pcs - Membrasin avec baie d\u2019argousier<\/title>\n<meta name=\"description\" content=\"Membrasin Eye Care convient aux personnes qui portent des lentilles de contact, travaillent sur ordinateur, ... Shop Membrasin Eye Care!\" \/>\n<meta name=\"robots\" content=\"index, follow, max-snippet:-1, max-image-preview:large, max-video-preview:-1\" \/>\n<link rel=\"canonical\" href=\"https:\/\/membrasin.be\/fr\/product\/membrasin-eye-care\/\" \/>\n<meta property=\"og:locale\" content=\"fr_FR\" \/>\n<meta property=\"og:type\" content=\"article\" \/>\n<meta property=\"og:title\" content=\"Membrasin Eye Care 60 pcs - Membrasin avec baie d\u2019argousier\" \/>\n<meta property=\"og:description\" content=\"Membrasin Eye Care convient aux personnes qui portent des lentilles de contact, travaillent sur ordinateur, ... Shop Membrasin Eye Care!\" \/>\n<meta property=\"og:url\" content=\"https:\/\/membrasin.be\/fr\/product\/membrasin-eye-care\/\" \/>\n<meta property=\"og:site_name\" content=\"Membrasin\" \/>\n<meta property=\"article:publisher\" content=\"https:\/\/www.facebook.com\/MembrasinBE\" \/>\n<meta property=\"article:modified_time\" content=\"2024-10-02T13:27:11+00:00\" \/>\n<meta property=\"og:image\" content=\"https:\/\/membrasin.be\/wp-content\/uploads\/2020\/07\/eye-care-1.png\" \/>\n\t<meta property=\"og:image:width\" content=\"418\" \/>\n\t<meta property=\"og:image:height\" content=\"418\" \/>\n\t<meta property=\"og:image:type\" content=\"image\/png\" \/>\n<meta name=\"twitter:card\" content=\"summary_large_image\" \/>\n<meta name=\"twitter:label1\" content=\"Dur\u00e9e de lecture estim\u00e9e\" \/>\n\t<meta name=\"twitter:data1\" content=\"3 minutes\" \/>\n<script type=\"application\/ld+json\" class=\"yoast-schema-graph\">{\"@context\":\"https:\/\/schema.org\",\"@graph\":[{\"@type\":\"WebPage\",\"@id\":\"https:\/\/membrasin.be\/fr\/product\/membrasin-eye-care\/\",\"url\":\"https:\/\/membrasin.be\/fr\/product\/membrasin-eye-care\/\",\"name\":\"Membrasin Eye Care 60 pcs - Membrasin avec baie d\u2019argousier\",\"isPartOf\":{\"@id\":\"https:\/\/membrasin.be\/nl\/#website\"},\"primaryImageOfPage\":{\"@id\":\"https:\/\/membrasin.be\/fr\/product\/membrasin-eye-care\/#primaryimage\"},\"image\":{\"@id\":\"https:\/\/membrasin.be\/fr\/product\/membrasin-eye-care\/#primaryimage\"},\"thumbnailUrl\":\"https:\/\/membrasin.be\/wp-content\/uploads\/2020\/07\/eye-care-1.png\",\"datePublished\":\"2020-09-10T08:52:58+00:00\",\"dateModified\":\"2024-10-02T13:27:11+00:00\",\"description\":\"Membrasin Eye Care convient aux personnes qui portent des lentilles de contact, travaillent sur ordinateur, ... Shop Membrasin Eye Care!\",\"breadcrumb\":{\"@id\":\"https:\/\/membrasin.be\/fr\/product\/membrasin-eye-care\/#breadcrumb\"},\"inLanguage\":\"fr-FR\",\"potentialAction\":[{\"@type\":\"ReadAction\",\"target\":[\"https:\/\/membrasin.be\/fr\/product\/membrasin-eye-care\/\"]}]},{\"@type\":\"ImageObject\",\"inLanguage\":\"fr-FR\",\"@id\":\"https:\/\/membrasin.be\/fr\/product\/membrasin-eye-care\/#primaryimage\",\"url\":\"https:\/\/membrasin.be\/wp-content\/uploads\/2020\/07\/eye-care-1.png\",\"contentUrl\":\"https:\/\/membrasin.be\/wp-content\/uploads\/2020\/07\/eye-care-1.png\",\"width\":418,\"height\":418,\"caption\":\"Membrasin Eye Care\"},{\"@type\":\"BreadcrumbList\",\"@id\":\"https:\/\/membrasin.be\/fr\/product\/membrasin-eye-care\/#breadcrumb\",\"itemListElement\":[{\"@type\":\"ListItem\",\"position\":1,\"name\":\"Home\",\"item\":\"https:\/\/membrasin.be\/fr\/\"},{\"@type\":\"ListItem\",\"position\":2,\"name\":\"Shop\",\"item\":\"https:\/\/membrasin.be\/nl\/shop\/\"},{\"@type\":\"ListItem\",\"position\":3,\"name\":\"Membrasin Eye Care 60 pcs\"}]},{\"@type\":\"WebSite\",\"@id\":\"https:\/\/membrasin.be\/nl\/#website\",\"url\":\"https:\/\/membrasin.be\/nl\/\",\"name\":\"Membrasin\",\"description\":\"\",\"publisher\":{\"@id\":\"https:\/\/membrasin.be\/nl\/#organization\"},\"potentialAction\":[{\"@type\":\"SearchAction\",\"target\":{\"@type\":\"EntryPoint\",\"urlTemplate\":\"https:\/\/membrasin.be\/nl\/?s={search_term_string}\"},\"query-input\":{\"@type\":\"PropertyValueSpecification\",\"valueRequired\":true,\"valueName\":\"search_term_string\"}}],\"inLanguage\":\"fr-FR\"},{\"@type\":\"Organization\",\"@id\":\"https:\/\/membrasin.be\/nl\/#organization\",\"name\":\"Membrasin\",\"url\":\"https:\/\/membrasin.be\/nl\/\",\"logo\":{\"@type\":\"ImageObject\",\"inLanguage\":\"fr-FR\",\"@id\":\"https:\/\/membrasin.be\/nl\/#\/schema\/logo\/image\/\",\"url\":\"https:\/\/membrasin.be\/wp-content\/uploads\/2020\/09\/cropped-membrasin-logo-fr.png\",\"contentUrl\":\"https:\/\/membrasin.be\/wp-content\/uploads\/2020\/09\/cropped-membrasin-logo-fr.png\",\"width\":258,\"height\":49,\"caption\":\"Membrasin\"},\"image\":{\"@id\":\"https:\/\/membrasin.be\/nl\/#\/schema\/logo\/image\/\"},\"sameAs\":[\"https:\/\/www.facebook.com\/MembrasinBE\",\"https:\/\/www.instagram.com\/membrasinbe\"]}]}<\/script>\n<!-- \/ Yoast SEO plugin. -->","yoast_head_json":{"title":"Membrasin Eye Care 60 pcs - Membrasin avec baie d\u2019argousier","description":"Membrasin Eye Care convient aux personnes qui portent des lentilles de contact, travaillent sur ordinateur, ... Shop Membrasin Eye Care!","robots":{"index":"index","follow":"follow","max-snippet":"max-snippet:-1","max-image-preview":"max-image-preview:large","max-video-preview":"max-video-preview:-1"},"canonical":"https:\/\/membrasin.be\/fr\/product\/membrasin-eye-care\/","og_locale":"fr_FR","og_type":"article","og_title":"Membrasin Eye Care 60 pcs - Membrasin avec baie d\u2019argousier","og_description":"Membrasin Eye Care convient aux personnes qui portent des lentilles de contact, travaillent sur ordinateur, ... Shop Membrasin Eye Care!","og_url":"https:\/\/membrasin.be\/fr\/product\/membrasin-eye-care\/","og_site_name":"Membrasin","article_publisher":"https:\/\/www.facebook.com\/MembrasinBE","article_modified_time":"2024-10-02T13:27:11+00:00","og_image":[{"width":418,"height":418,"url":"https:\/\/membrasin.be\/wp-content\/uploads\/2020\/07\/eye-care-1.png","type":"image\/png"}],"twitter_card":"summary_large_image","twitter_misc":{"Dur\u00e9e de lecture estim\u00e9e":"3 minutes"},"schema":{"@context":"https:\/\/schema.org","@graph":[{"@type":"WebPage","@id":"https:\/\/membrasin.be\/fr\/product\/membrasin-eye-care\/","url":"https:\/\/membrasin.be\/fr\/product\/membrasin-eye-care\/","name":"Membrasin Eye Care 60 pcs - Membrasin avec baie d\u2019argousier","isPartOf":{"@id":"https:\/\/membrasin.be\/nl\/#website"},"primaryImageOfPage":{"@id":"https:\/\/membrasin.be\/fr\/product\/membrasin-eye-care\/#primaryimage"},"image":{"@id":"https:\/\/membrasin.be\/fr\/product\/membrasin-eye-care\/#primaryimage"},"thumbnailUrl":"https:\/\/membrasin.be\/wp-content\/uploads\/2020\/07\/eye-care-1.png","datePublished":"2020-09-10T08:52:58+00:00","dateModified":"2024-10-02T13:27:11+00:00","description":"Membrasin Eye Care convient aux personnes qui portent des lentilles de contact, travaillent sur ordinateur, ... Shop Membrasin Eye Care!","breadcrumb":{"@id":"https:\/\/membrasin.be\/fr\/product\/membrasin-eye-care\/#breadcrumb"},"inLanguage":"fr-FR","potentialAction":[{"@type":"ReadAction","target":["https:\/\/membrasin.be\/fr\/product\/membrasin-eye-care\/"]}]},{"@type":"ImageObject","inLanguage":"fr-FR","@id":"https:\/\/membrasin.be\/fr\/product\/membrasin-eye-care\/#primaryimage","url":"https:\/\/membrasin.be\/wp-content\/uploads\/2020\/07\/eye-care-1.png","contentUrl":"https:\/\/membrasin.be\/wp-content\/uploads\/2020\/07\/eye-care-1.png","width":418,"height":418,"caption":"Membrasin Eye Care"},{"@type":"BreadcrumbList","@id":"https:\/\/membrasin.be\/fr\/product\/membrasin-eye-care\/#breadcrumb","itemListElement":[{"@type":"ListItem","position":1,"name":"Home","item":"https:\/\/membrasin.be\/fr\/"},{"@type":"ListItem","position":2,"name":"Shop","item":"https:\/\/membrasin.be\/nl\/shop\/"},{"@type":"ListItem","position":3,"name":"Membrasin Eye Care 60 pcs"}]},{"@type":"WebSite","@id":"https:\/\/membrasin.be\/nl\/#website","url":"https:\/\/membrasin.be\/nl\/","name":"Membrasin","description":"","publisher":{"@id":"https:\/\/membrasin.be\/nl\/#organization"},"potentialAction":[{"@type":"SearchAction","target":{"@type":"EntryPoint","urlTemplate":"https:\/\/membrasin.be\/nl\/?s={search_term_string}"},"query-input":{"@type":"PropertyValueSpecification","valueRequired":true,"valueName":"search_term_string"}}],"inLanguage":"fr-FR"},{"@type":"Organization","@id":"https:\/\/membrasin.be\/nl\/#organization","name":"Membrasin","url":"https:\/\/membrasin.be\/nl\/","logo":{"@type":"ImageObject","inLanguage":"fr-FR","@id":"https:\/\/membrasin.be\/nl\/#\/schema\/logo\/image\/","url":"https:\/\/membrasin.be\/wp-content\/uploads\/2020\/09\/cropped-membrasin-logo-fr.png","contentUrl":"https:\/\/membrasin.be\/wp-content\/uploads\/2020\/09\/cropped-membrasin-logo-fr.png","width":258,"height":49,"caption":"Membrasin"},"image":{"@id":"https:\/\/membrasin.be\/nl\/#\/schema\/logo\/image\/"},"sameAs":["https:\/\/www.facebook.com\/MembrasinBE","https:\/\/www.instagram.com\/membrasinbe"]}]}},"_links":{"self":[{"href":"https:\/\/membrasin.be\/fr\/wp-json\/wp\/v2\/product\/1044","targetHints":{"allow":["GET"]}}],"collection":[{"href":"https:\/\/membrasin.be\/fr\/wp-json\/wp\/v2\/product"}],"about":[{"href":"https:\/\/membrasin.be\/fr\/wp-json\/wp\/v2\/types\/product"}],"wp:featuredmedia":[{"embeddable":true,"href":"https:\/\/membrasin.be\/fr\/wp-json\/wp\/v2\/media\/5187"}],"wp:attachment":[{"href":"https:\/\/membrasin.be\/fr\/wp-json\/wp\/v2\/media?parent=1044"}],"wp:term":[{"taxonomy":"product_brand","embeddable":true,"href":"https:\/\/membrasin.be\/fr\/wp-json\/wp\/v2\/product_brand?post=1044"},{"taxonomy":"product_cat","embeddable":true,"href":"https:\/\/membrasin.be\/fr\/wp-json\/wp\/v2\/product_cat?post=1044"},{"taxonomy":"product_tag","embeddable":true,"href":"https:\/\/membrasin.be\/fr\/wp-json\/wp\/v2\/product_tag?post=1044"}],"curies":[{"name":"wp","href":"https:\/\/api.w.org\/{rel}","templated":true}]}}