{"id":1047,"date":"2020-07-15T12:51:17","date_gmt":"2020-09-10T09:28:14","guid":{"rendered":"https:\/\/membrasin.be\/?post_type=product&#038;p=1047"},"modified":"2024-08-06T13:32:13","modified_gmt":"2024-08-06T13:32:13","slug":"membrasin-liquide","status":"publish","type":"product","link":"https:\/\/membrasin.be\/fr\/product\/membrasin-liquide\/","title":{"rendered":"Membrasin Liquide"},"content":{"rendered":"<div class=\"wpb-content-wrapper\"><p>[vc_row full_width=\u00a0\u00bbstretch_row\u00a0\u00bb el_class=\u00a0\u00bbbanner_8990&Prime; css=\u00a0\u00bb.vc_custom_1594710565508{background-image: url(https:\/\/membrasin.be\/wp-content\/uploads\/2020\/07\/eye.jpg?id=213) !important;}\u00a0\u00bb][vc_column][vc_row_inner][vc_column_inner width=\u00a0\u00bb1\/5&Prime;][\/vc_column_inner][vc_column_inner width=\u00a0\u00bb4\/5&Prime;][vc_custom_heading text=\u00a0\u00bb\u00ab Je suis tr\u00e8s satisfaite de Membrasin. Mes muqueuses se portent beaucoup mieux et ma peau devient aussi plus belle. Plus de gens devraient savoir \u00e0 quel point ce produit est polyvalent. \u00bb\u00a0\u00bb font_container=\u00a0\u00bbtag:h2|text_align:left|color:%23ffffff\u00a0\u00bb use_theme_fonts=\u00a0\u00bbyes\u00a0\u00bb][vc_column_text el_class=\u00a0\u00bbmb-04&Prime;]Diana[\/vc_column_text][\/vc_column_inner][\/vc_row_inner][\/vc_column][\/vc_row][vc_row][vc_column][vc_custom_heading text=\u00a0\u00bbUtilisation et ingr\u00e9dients\u00a0\u00bb font_container=\u00a0\u00bbtag:h3|font_size:24px|text_align:left|color:%23458a2d\u00a0\u00bb use_theme_fonts=\u00a0\u00bbyes\u00a0\u00bb el_class=\u00a0\u00bbfont-green\u00a0\u00bb][vc_column_text]Deux fois par jour, prenez 5\u00a0ml (= 1 cuill\u00e8re \u00e0 caf\u00e9) de Membrasin Liquide pendant les repas. Apr\u00e8s 1\u00a0mois, une fois par jour 5\u00a0ml. Si vous le souhaitez, vous pouvez le m\u00e9langer \u00e0 du yaourt. Il peut \u00e9galement \u00eatre appliqu\u00e9 directement sur la peau. Vous pouvez ensuite la masser doucement pour faire p\u00e9n\u00e9trer le produit.<\/p>\n<p>La dose journali\u00e8re recommand\u00e9e (10\u00a0ml) de Membrasin Liquide contient\u00a0:<\/p>\n<p>Acide ol\u00e9ique (<a href=\"https:\/\/membrasin.be\/baie-dargousier\/avec-omega-3\/?lang=fr\">om\u00e9ga\u00a09<\/a>) 360\u00a0mg, acide palmitique 420\u00a0mg, acide palmitol\u00e9ique (om\u00e9ga\u00a07) 476\u00a0mg, acide cis-vacc\u00e9nique (om\u00e9ga\u00a07) 120\u00a0mg, acide linol\u00e9ique (om\u00e9ga\u00a06) 340\u00a0mg, acide alpha-linol\u00e9nique (om\u00e9ga\u00a03) 260\u00a0mg, vitamine\u00a0E (d alpha-tocoph\u00e9rol) (12\u00a0UI) 8\u00a0mg, 67\u00a0% vitamine\u00a0A (de b\u00eata-carot\u00e8ne) 800\u00a0\u00b5g 100\u00a0%.[\/vc_column_text][vc_empty_space el_class=\u00a0\u00bbmb-0&Prime;][vc_custom_heading text=\u00a0\u00bbInformations compl\u00e9mentaires\u00a0\u00bb font_container=\u00a0\u00bbtag:h3|font_size:24px|text_align:left|color:%23458a2d\u00a0\u00bb use_theme_fonts=\u00a0\u00bbyes\u00a0\u00bb el_class=\u00a0\u00bbfont-green\u00a0\u00bb][vc_column_text]Membrasin Liquide ne contient pas de sucre, de gluten, de lactose, d\u2019agents conservateurs, de colorants ou d\u2019aromatisants. Afin de renforcer le go\u00fbt du produit et de le rendre plus facile \u00e0 utiliser, cette huile a \u00e9t\u00e9 m\u00e9lang\u00e9e \u00e0 de l\u2019huile d\u2019olive pure.<\/p>\n<p>Convient aux v\u00e9g\u00e9tariens. Ne convient pas aux enfants jusqu\u2019\u00e0 4\u00a0ans. Ne pas d\u00e9passer la dose quotidienne recommand\u00e9e.<\/p>\n<p>Membrasin Liquide 150 ml est disponible en pharmacie, dans les drogueries, les magasins de sant\u00e9 et les boutiques en ligne ind\u00e9pendants.[\/vc_column_text][\/vc_column][\/vc_row][vc_row el_class=\u00a0\u00bbwhite_bg\u00a0\u00bb css=\u00a0\u00bb.vc_custom_1594627448796{padding-bottom: 40px !important;}\u00a0\u00bb][vc_column css=\u00a0\u00bb.vc_custom_1594896342852{margin-top: 0px !important;margin-right: 0px !important;margin-bottom: 0px !important;margin-left: 0px !important;padding-top: 0px !important;padding-bottom: 0px !important;}\u00a0\u00bb][vc_empty_space height=\u00a0\u00bb80px\u00a0\u00bb][vc_separator][vc_empty_space height=\u00a0\u00bb80px\u00a0\u00bb][vc_custom_heading text=\u00a0\u00bbN\u2019oubliez pas de consulter nos autres produits Membrasin !\u00a0\u00bb font_container=\u00a0\u00bbtag:h2|text_align:left|color:%23e78800&Prime; use_theme_fonts=\u00a0\u00bbyes\u00a0\u00bb el_class=\u00a0\u00bbfont-h2&Prime;][vc_empty_space height=\u00a0\u00bb50px\u00a0\u00bb][vc_row_inner][vc_column_inner el_class=\u00a0\u00bbsection4_cus\u00a0\u00bb width=\u00a0\u00bb1\/2&Prime;][vc_single_image image=\u00a0\u00bb4881&Prime; img_size=\u00a0\u00bbfull\u00a0\u00bb][vc_custom_heading text=\u00a0\u00bbMembrasin Eye Care\u00a0\u00bb font_container=\u00a0\u00bbtag:h4|text_align:left\u00a0\u00bb use_theme_fonts=\u00a0\u00bbyes\u00a0\u00bb el_class=\u00a0\u00bbproduct_space\u00a0\u00bb][vc_column_text el_class=\u00a0\u00bbproduct_space\u00a0\u00bb]La baie d\u2019argousier, associ\u00e9e \u00e0 la lut\u00e9ine et \u00e0 la z\u00e9axanthine, contribue \u00e0 soulager la s\u00e9cheresse oculaire et soigne de l\u2019int\u00e9rieur.<\/p>\n<p><strong>25,99 \u20ac (\u00e0 partir de)<\/strong><\/p>\n<ul>\n<li>Contient 60\/150\u00a0g\u00e9lules v\u00e9g\u00e9tales<\/li>\n<li>Huile de baies d\u2019argousier, lut\u00e9ine et z\u00e9axanthine<\/li>\n<li>Vitamines A et E<\/li>\n<li>Om\u00e9ga\u00a03, 6, 7 et 9<\/li>\n<li>Sans colorants ni aromatisants artificiels<\/li>\n<\/ul>\n<p>[\/vc_column_text][vc_btn title=\u00a0\u00bbShop\u00a0\u00bb i_align=\u00a0\u00bbright\u00a0\u00bb i_icon_fontawesome=\u00a0\u00bbfa fa-angle-right\u00a0\u00bb add_icon=\u00a0\u00bbtrue\u00a0\u00bb link=\u00a0\u00bburl:https%3A%2F%2Fmembrasin.be%2Fproduct%2Fmembrasin-eye-care%2F%3Flang%3Dfr|title:Membrasin%20eye%20care%20capsules|\u00a0\u00bb el_class=\u00a0\u00bbproduct_space\u00a0\u00bb][\/vc_column_inner][vc_column_inner el_class=\u00a0\u00bbsection4_cus\u00a0\u00bb width=\u00a0\u00bb1\/2&Prime;][vc_single_image image=\u00a0\u00bb4879&Prime; img_size=\u00a0\u00bbfull\u00a0\u00bb][vc_custom_heading text=\u00a0\u00bbMembrasin G\u00e9lules\u00a0\u00bb font_container=\u00a0\u00bbtag:h4|text_align:left\u00a0\u00bb use_theme_fonts=\u00a0\u00bbyes\u00a0\u00bb el_class=\u00a0\u00bbproduct_space\u00a0\u00bb][vc_column_text el_class=\u00a0\u00bbproduct_space\u00a0\u00bb]La baie d\u2019argousier contribue \u00e0 apaiser la s\u00e9cheresse oculaire, buccale et des muqueuses et favorise la bonne sant\u00e9 de la peau en agissant de l\u2019int\u00e9rieur.<\/p>\n<p><strong>24,99 \u20ac &#8211; 60 pcs | 50,99 \u20ac &#8211; 150 pcs (\u00e0 partir de)<\/strong><\/p>\n<ul>\n<li>Contient 60\/150\u00a0g\u00e9lules v\u00e9g\u00e9tales<\/li>\n<li>\u00c0 base d\u2019huile de baies d\u2019argousier<\/li>\n<li>Vitamines A et E<\/li>\n<li>Om\u00e9ga\u00a03, 6, 7 et 9<\/li>\n<li>Sans colorants ni aromatisants artificiels<\/li>\n<\/ul>\n<p>[\/vc_column_text][vc_btn title=\u00a0\u00bbShop\u00a0\u00bb i_align=\u00a0\u00bbright\u00a0\u00bb i_icon_fontawesome=\u00a0\u00bbfa fa-angle-right\u00a0\u00bb add_icon=\u00a0\u00bbtrue\u00a0\u00bb link=\u00a0\u00bburl:https%3A%2F%2Fmembrasin.be%2Fproduct%2Fgelules-de-membrasin%2F%3Flang%3Dfr|title:Droge%20slijmvliezen|\u00a0\u00bb el_class=\u00a0\u00bbproduct_space\u00a0\u00bb][\/vc_column_inner][\/vc_row_inner][\/vc_column][\/vc_row]<\/p>\n<\/div>","protected":false},"excerpt":{"rendered":"<h2>Membrasin original pour les muqueuses s\u00e8ches et la peau s\u00e8che<\/h2>\n<p><span style=\"color: #000000;\">Membrasin<sup>\u00ae<\/sup> contient l\u2019huile pure de la chair et du noyau de la baie d\u2019argousier. La baie d\u2019argousier est l\u2019un des rares fruits qui contiennent naturellement des acides gras om\u00e9ga 7. Membrasin contient de l\u2019extrait d\u2019huile de baies d\u2019argousier SBA24\u00ae unique, pur et standardis\u00e9, exclusivement fabriqu\u00e9 \u00e0 partir des baies d\u2019argousier de la plus haute qualit\u00e9.<\/span><\/p>\n<p><span style=\"color: #000000;\">\u2022 Acides gras insatur\u00e9s om\u00e9ga 3, 6 et 9<\/span><br \/>\n<span style=\"color: #000000;\">\u2022 Vitamine A<\/span><br \/>\n<span style=\"color: #000000;\">\u2022 Contient des antioxydants naturels<\/span><br \/>\n<span style=\"color: #000000;\">\u2022 Sans colorants ni aromatisants artificiels<\/span><br \/>\n<span style=\"color: #000000;\">\u2022 Sans sucre<\/span><br \/>\n<span style=\"color: #000000;\">\u2022 Contenu 150 ml<\/span><br \/>\n<span style=\"color: #000000;\">\u2022 Convient aux v\u00e9g\u00e9tariens<\/span><\/p>\n","protected":false},"featured_media":2151,"template":"","meta":{"inline_featured_image":false},"product_brand":[],"product_cat":[31],"product_tag":[],"class_list":{"0":"post-1047","1":"product","2":"type-product","3":"status-publish","4":"has-post-thumbnail","6":"product_cat-shop-fr","8":"first","9":"outofstock","10":"taxable","11":"shipping-taxable","12":"purchasable","13":"product-type-simple"},"yoast_head":"<!-- This site is optimized with the Yoast SEO plugin v26.3 - https:\/\/yoast.com\/wordpress\/plugins\/seo\/ -->\n<title>Membrasin Liquide - Membrasin avec baie d\u2019argousier<\/title>\n<meta name=\"description\" content=\"Membrasin\u00ae contient l\u2019huile pure de la chair et du noyau de la baie d\u2019argousier, avec vitamine A. Shop ici Membrasin Liquide.\" \/>\n<meta name=\"robots\" content=\"index, follow, max-snippet:-1, max-image-preview:large, max-video-preview:-1\" \/>\n<link rel=\"canonical\" href=\"https:\/\/membrasin.be\/fr\/product\/membrasin-liquide\/\" \/>\n<meta property=\"og:locale\" content=\"fr_FR\" \/>\n<meta property=\"og:type\" content=\"article\" \/>\n<meta property=\"og:title\" content=\"Membrasin Liquide - Membrasin avec baie d\u2019argousier\" \/>\n<meta property=\"og:description\" content=\"Membrasin\u00ae contient l\u2019huile pure de la chair et du noyau de la baie d\u2019argousier, avec vitamine A. Shop ici Membrasin Liquide.\" \/>\n<meta property=\"og:url\" content=\"https:\/\/membrasin.be\/fr\/product\/membrasin-liquide\/\" \/>\n<meta property=\"og:site_name\" content=\"Membrasin\" \/>\n<meta property=\"article:publisher\" content=\"https:\/\/www.facebook.com\/MembrasinBE\" \/>\n<meta property=\"article:modified_time\" content=\"2024-08-06T13:32:13+00:00\" \/>\n<meta property=\"og:image\" content=\"https:\/\/membrasin.be\/wp-content\/uploads\/2020\/07\/12-11.png\" \/>\n\t<meta property=\"og:image:width\" content=\"820\" \/>\n\t<meta property=\"og:image:height\" content=\"360\" \/>\n\t<meta property=\"og:image:type\" content=\"image\/png\" \/>\n<meta name=\"twitter:card\" content=\"summary_large_image\" \/>\n<meta name=\"twitter:label1\" content=\"Dur\u00e9e de lecture estim\u00e9e\" \/>\n\t<meta name=\"twitter:data1\" content=\"3 minutes\" \/>\n<script type=\"application\/ld+json\" class=\"yoast-schema-graph\">{\"@context\":\"https:\/\/schema.org\",\"@graph\":[{\"@type\":\"WebPage\",\"@id\":\"https:\/\/membrasin.be\/fr\/product\/membrasin-liquide\/\",\"url\":\"https:\/\/membrasin.be\/fr\/product\/membrasin-liquide\/\",\"name\":\"Membrasin Liquide - Membrasin avec baie d\u2019argousier\",\"isPartOf\":{\"@id\":\"https:\/\/membrasin.be\/nl\/#website\"},\"primaryImageOfPage\":{\"@id\":\"https:\/\/membrasin.be\/fr\/product\/membrasin-liquide\/#primaryimage\"},\"image\":{\"@id\":\"https:\/\/membrasin.be\/fr\/product\/membrasin-liquide\/#primaryimage\"},\"thumbnailUrl\":\"https:\/\/membrasin.be\/wp-content\/uploads\/2021\/04\/Membrasin-Vloeibaar-FR.png\",\"datePublished\":\"2020-09-10T09:28:14+00:00\",\"dateModified\":\"2024-08-06T13:32:13+00:00\",\"description\":\"Membrasin\u00ae contient l\u2019huile pure de la chair et du noyau de la baie d\u2019argousier, avec vitamine A. Shop ici Membrasin Liquide.\",\"breadcrumb\":{\"@id\":\"https:\/\/membrasin.be\/fr\/product\/membrasin-liquide\/#breadcrumb\"},\"inLanguage\":\"fr-FR\",\"potentialAction\":[{\"@type\":\"ReadAction\",\"target\":[\"https:\/\/membrasin.be\/fr\/product\/membrasin-liquide\/\"]}]},{\"@type\":\"ImageObject\",\"inLanguage\":\"fr-FR\",\"@id\":\"https:\/\/membrasin.be\/fr\/product\/membrasin-liquide\/#primaryimage\",\"url\":\"https:\/\/membrasin.be\/wp-content\/uploads\/2021\/04\/Membrasin-Vloeibaar-FR.png\",\"contentUrl\":\"https:\/\/membrasin.be\/wp-content\/uploads\/2021\/04\/Membrasin-Vloeibaar-FR.png\",\"width\":513,\"height\":418,\"caption\":\"Membrasin Liquide\"},{\"@type\":\"BreadcrumbList\",\"@id\":\"https:\/\/membrasin.be\/fr\/product\/membrasin-liquide\/#breadcrumb\",\"itemListElement\":[{\"@type\":\"ListItem\",\"position\":1,\"name\":\"Home\",\"item\":\"https:\/\/membrasin.be\/fr\/\"},{\"@type\":\"ListItem\",\"position\":2,\"name\":\"Shop\",\"item\":\"https:\/\/membrasin.be\/nl\/shop\/\"},{\"@type\":\"ListItem\",\"position\":3,\"name\":\"Membrasin Liquide\"}]},{\"@type\":\"WebSite\",\"@id\":\"https:\/\/membrasin.be\/nl\/#website\",\"url\":\"https:\/\/membrasin.be\/nl\/\",\"name\":\"Membrasin\",\"description\":\"\",\"publisher\":{\"@id\":\"https:\/\/membrasin.be\/nl\/#organization\"},\"potentialAction\":[{\"@type\":\"SearchAction\",\"target\":{\"@type\":\"EntryPoint\",\"urlTemplate\":\"https:\/\/membrasin.be\/nl\/?s={search_term_string}\"},\"query-input\":{\"@type\":\"PropertyValueSpecification\",\"valueRequired\":true,\"valueName\":\"search_term_string\"}}],\"inLanguage\":\"fr-FR\"},{\"@type\":\"Organization\",\"@id\":\"https:\/\/membrasin.be\/nl\/#organization\",\"name\":\"Membrasin\",\"url\":\"https:\/\/membrasin.be\/nl\/\",\"logo\":{\"@type\":\"ImageObject\",\"inLanguage\":\"fr-FR\",\"@id\":\"https:\/\/membrasin.be\/nl\/#\/schema\/logo\/image\/\",\"url\":\"https:\/\/membrasin.be\/wp-content\/uploads\/2020\/09\/cropped-membrasin-logo-fr.png\",\"contentUrl\":\"https:\/\/membrasin.be\/wp-content\/uploads\/2020\/09\/cropped-membrasin-logo-fr.png\",\"width\":258,\"height\":49,\"caption\":\"Membrasin\"},\"image\":{\"@id\":\"https:\/\/membrasin.be\/nl\/#\/schema\/logo\/image\/\"},\"sameAs\":[\"https:\/\/www.facebook.com\/MembrasinBE\",\"https:\/\/www.instagram.com\/membrasinbe\"]}]}<\/script>\n<!-- \/ Yoast SEO plugin. -->","yoast_head_json":{"title":"Membrasin Liquide - Membrasin avec baie d\u2019argousier","description":"Membrasin\u00ae contient l\u2019huile pure de la chair et du noyau de la baie d\u2019argousier, avec vitamine A. Shop ici Membrasin Liquide.","robots":{"index":"index","follow":"follow","max-snippet":"max-snippet:-1","max-image-preview":"max-image-preview:large","max-video-preview":"max-video-preview:-1"},"canonical":"https:\/\/membrasin.be\/fr\/product\/membrasin-liquide\/","og_locale":"fr_FR","og_type":"article","og_title":"Membrasin Liquide - Membrasin avec baie d\u2019argousier","og_description":"Membrasin\u00ae contient l\u2019huile pure de la chair et du noyau de la baie d\u2019argousier, avec vitamine A. Shop ici Membrasin Liquide.","og_url":"https:\/\/membrasin.be\/fr\/product\/membrasin-liquide\/","og_site_name":"Membrasin","article_publisher":"https:\/\/www.facebook.com\/MembrasinBE","article_modified_time":"2024-08-06T13:32:13+00:00","og_image":[{"width":820,"height":360,"url":"https:\/\/membrasin.be\/wp-content\/uploads\/2020\/07\/12-11.png","type":"image\/png"}],"twitter_card":"summary_large_image","twitter_misc":{"Dur\u00e9e de lecture estim\u00e9e":"3 minutes"},"schema":{"@context":"https:\/\/schema.org","@graph":[{"@type":"WebPage","@id":"https:\/\/membrasin.be\/fr\/product\/membrasin-liquide\/","url":"https:\/\/membrasin.be\/fr\/product\/membrasin-liquide\/","name":"Membrasin Liquide - Membrasin avec baie d\u2019argousier","isPartOf":{"@id":"https:\/\/membrasin.be\/nl\/#website"},"primaryImageOfPage":{"@id":"https:\/\/membrasin.be\/fr\/product\/membrasin-liquide\/#primaryimage"},"image":{"@id":"https:\/\/membrasin.be\/fr\/product\/membrasin-liquide\/#primaryimage"},"thumbnailUrl":"https:\/\/membrasin.be\/wp-content\/uploads\/2021\/04\/Membrasin-Vloeibaar-FR.png","datePublished":"2020-09-10T09:28:14+00:00","dateModified":"2024-08-06T13:32:13+00:00","description":"Membrasin\u00ae contient l\u2019huile pure de la chair et du noyau de la baie d\u2019argousier, avec vitamine A. Shop ici Membrasin Liquide.","breadcrumb":{"@id":"https:\/\/membrasin.be\/fr\/product\/membrasin-liquide\/#breadcrumb"},"inLanguage":"fr-FR","potentialAction":[{"@type":"ReadAction","target":["https:\/\/membrasin.be\/fr\/product\/membrasin-liquide\/"]}]},{"@type":"ImageObject","inLanguage":"fr-FR","@id":"https:\/\/membrasin.be\/fr\/product\/membrasin-liquide\/#primaryimage","url":"https:\/\/membrasin.be\/wp-content\/uploads\/2021\/04\/Membrasin-Vloeibaar-FR.png","contentUrl":"https:\/\/membrasin.be\/wp-content\/uploads\/2021\/04\/Membrasin-Vloeibaar-FR.png","width":513,"height":418,"caption":"Membrasin Liquide"},{"@type":"BreadcrumbList","@id":"https:\/\/membrasin.be\/fr\/product\/membrasin-liquide\/#breadcrumb","itemListElement":[{"@type":"ListItem","position":1,"name":"Home","item":"https:\/\/membrasin.be\/fr\/"},{"@type":"ListItem","position":2,"name":"Shop","item":"https:\/\/membrasin.be\/nl\/shop\/"},{"@type":"ListItem","position":3,"name":"Membrasin Liquide"}]},{"@type":"WebSite","@id":"https:\/\/membrasin.be\/nl\/#website","url":"https:\/\/membrasin.be\/nl\/","name":"Membrasin","description":"","publisher":{"@id":"https:\/\/membrasin.be\/nl\/#organization"},"potentialAction":[{"@type":"SearchAction","target":{"@type":"EntryPoint","urlTemplate":"https:\/\/membrasin.be\/nl\/?s={search_term_string}"},"query-input":{"@type":"PropertyValueSpecification","valueRequired":true,"valueName":"search_term_string"}}],"inLanguage":"fr-FR"},{"@type":"Organization","@id":"https:\/\/membrasin.be\/nl\/#organization","name":"Membrasin","url":"https:\/\/membrasin.be\/nl\/","logo":{"@type":"ImageObject","inLanguage":"fr-FR","@id":"https:\/\/membrasin.be\/nl\/#\/schema\/logo\/image\/","url":"https:\/\/membrasin.be\/wp-content\/uploads\/2020\/09\/cropped-membrasin-logo-fr.png","contentUrl":"https:\/\/membrasin.be\/wp-content\/uploads\/2020\/09\/cropped-membrasin-logo-fr.png","width":258,"height":49,"caption":"Membrasin"},"image":{"@id":"https:\/\/membrasin.be\/nl\/#\/schema\/logo\/image\/"},"sameAs":["https:\/\/www.facebook.com\/MembrasinBE","https:\/\/www.instagram.com\/membrasinbe"]}]}},"_links":{"self":[{"href":"https:\/\/membrasin.be\/fr\/wp-json\/wp\/v2\/product\/1047","targetHints":{"allow":["GET"]}}],"collection":[{"href":"https:\/\/membrasin.be\/fr\/wp-json\/wp\/v2\/product"}],"about":[{"href":"https:\/\/membrasin.be\/fr\/wp-json\/wp\/v2\/types\/product"}],"wp:featuredmedia":[{"embeddable":true,"href":"https:\/\/membrasin.be\/fr\/wp-json\/wp\/v2\/media\/2151"}],"wp:attachment":[{"href":"https:\/\/membrasin.be\/fr\/wp-json\/wp\/v2\/media?parent=1047"}],"wp:term":[{"taxonomy":"product_brand","embeddable":true,"href":"https:\/\/membrasin.be\/fr\/wp-json\/wp\/v2\/product_brand?post=1047"},{"taxonomy":"product_cat","embeddable":true,"href":"https:\/\/membrasin.be\/fr\/wp-json\/wp\/v2\/product_cat?post=1047"},{"taxonomy":"product_tag","embeddable":true,"href":"https:\/\/membrasin.be\/fr\/wp-json\/wp\/v2\/product_tag?post=1047"}],"curies":[{"name":"wp","href":"https:\/\/api.w.org\/{rel}","templated":true}]}}