{"id":1514,"date":"2021-04-26T10:27:48","date_gmt":"2021-04-26T10:27:48","guid":{"rendered":"https:\/\/membrasin.be\/?post_type=product&#038;p=1514"},"modified":"2025-04-10T11:56:42","modified_gmt":"2025-04-10T11:56:42","slug":"membrasin-vaginal-vitality-cream-2-2","status":"publish","type":"product","link":"https:\/\/membrasin.be\/fr\/product\/membrasin-vaginal-vitality-cream-2-2\/","title":{"rendered":"Membrasin Vaginal Vitality Cream"},"content":{"rendered":"<div class=\"wpb-content-wrapper\"><p>[vc_row el_class=\u00a0\u00bbwhite_bg\u00a0\u00bb css=\u00a0\u00bb.vc_custom_1594627448796{padding-bottom: 40px !important;}\u00a0\u00bb][vc_column css=\u00a0\u00bb.vc_custom_1594896342852{margin-top: 0px !important;margin-right: 0px !important;margin-bottom: 0px !important;margin-left: 0px !important;padding-top: 0px !important;padding-bottom: 0px !important;}\u00a0\u00bb][vc_column_text]<\/p>\n<div style=\"width: 1220px;\" class=\"wp-video\"><!--[if lt IE 9]><script>document.createElement('video');<\/script><![endif]-->\n<video class=\"wp-video-shortcode\" id=\"video-1514-1\" width=\"1220\" height=\"686\" preload=\"metadata\" controls=\"controls\"><source type=\"video\/mp4\" src=\"https:\/\/membrasin.be\/wp-content\/uploads\/2021\/04\/TS210628.Membrasin.Animatie.Vaginal-Vitality-Cream_FR_SUBS_zonder-geluid.mp4?_=1\" \/><a href=\"https:\/\/membrasin.be\/wp-content\/uploads\/2021\/04\/TS210628.Membrasin.Animatie.Vaginal-Vitality-Cream_FR_SUBS_zonder-geluid.mp4\">https:\/\/membrasin.be\/wp-content\/uploads\/2021\/04\/TS210628.Membrasin.Animatie.Vaginal-Vitality-Cream_FR_SUBS_zonder-geluid.mp4<\/a><\/video><\/div>\n<p>[\/vc_column_text][vc_empty_space][\/vc_column][\/vc_row]<\/p>\n<\/div>","protected":false},"excerpt":{"rendered":"<h2>Membrasin Vaginal Vitality Cream**<\/h2>\n<p><strong>Triple action\u00a0:<\/strong><\/p>\n<p>1. L\u2019huile de baies d\u2019argousier renforce et pr\u00e9serve la muqueuse et la peau de la zone intime.\u200b<br \/>\n2. L\u2019hyaluronate assure une hydratation optimale.\u200b<br \/>\n3. L\u2019acide lactique maintient un \u00e9quilibre optimal du pH.\u200b<\/p>\n<p>Membrasin\u00ae Vaginal Vitality Cream est une cr\u00e8me sans hormones qui soulage les sympt\u00f4mes dus \u00e0 la s\u00e9cheresse intime. Elle contient de l\u2019huile de baies d\u2019argousier, de l\u2019hyaluronate pour l\u2019hydratation ainsi que de l\u2019acide lactique pour maintenir un pH normal. Il a \u00e9t\u00e9 cliniquement prouv\u00e9 que la cr\u00e8me \u00e0 base de baies d\u2019argousier appliqu\u00e9e localement et les g\u00e9lules d\u2019huile de baies d\u2019argousier nourrissent et entretiennent la muqueuse et la peau de la zone intime. Convient aux femmes de tous \u00e2ges. \u200b<\/p>\n<p><strong>Conseil 1\u00a0:<\/strong> \u00e0 combiner avec les g\u00e9lules ou le liquide Membrasin\u00ae Original. Utilisez cette cr\u00e8me une fois tous les 3 jours. Les g\u00e9lules contiennent des acides gras vitaux om\u00e9ga 3, 6, 7 et 9 et la vitamine A. La vitamine A pr\u00e9serve la sant\u00e9 des muqueuses. \u200b<\/p>\n<p><strong>Conseil 2\u00a0:<\/strong> commencez le dosage comme indiqu\u00e9 sur l\u2019emballage. D\u00e8s que l\u2019am\u00e9lioration est perceptible, passez \u00e0 la moiti\u00e9 de la dose (moiti\u00e9 de l\u2019applicateur).\u200b<\/p>\n<p><strong>Conseil 3\u00a0:<\/strong> le d\u00e9s\u00e9quilibre hormonal peut causer des probl\u00e8mes de s\u00e9cheresse. Cette cr\u00e8me est d\u00e8s lors adapt\u00e9e \u00e0 une utilisation temporaire ou suppl\u00e9mentaire (ex. : 3 \u00e0 5 jours par mois cons\u00e9cutifs par mois).\u200b<\/p>\n<p>**Dispositif m\u00e9dical CE. Cliniquement prouv\u00e9 pour soulager la s\u00e9cheresse vaginale.<\/p>\n","protected":false},"featured_media":2147,"template":"","meta":{"inline_featured_image":false},"product_brand":[],"product_cat":[31],"product_tag":[],"class_list":{"0":"post-1514","1":"product","2":"type-product","3":"status-publish","4":"has-post-thumbnail","6":"product_cat-shop-fr","8":"first","9":"outofstock","10":"taxable","11":"shipping-taxable","12":"purchasable","13":"product-type-simple"},"yoast_head":"<!-- This site is optimized with the Yoast SEO plugin v26.3 - https:\/\/yoast.com\/wordpress\/plugins\/seo\/ -->\n<title>Membrasin Vaginal Vitality Cream - Membrasin avec baie d\u2019argousier<\/title>\n<meta name=\"description\" content=\"Membrasin Vaginal Vitality Cream est une cr\u00e8me sans hormones qui soulage les sympt\u00f4mes dus \u00e0 la s\u00e9cheresse intime. Shop ici !\" \/>\n<meta name=\"robots\" content=\"index, follow, max-snippet:-1, max-image-preview:large, max-video-preview:-1\" \/>\n<link rel=\"canonical\" href=\"https:\/\/membrasin.be\/fr\/product\/membrasin-vaginal-vitality-cream-2-2\/\" \/>\n<meta property=\"og:locale\" content=\"fr_FR\" \/>\n<meta property=\"og:type\" content=\"article\" \/>\n<meta property=\"og:title\" content=\"Membrasin Vaginal Vitality Cream - Membrasin avec baie d\u2019argousier\" \/>\n<meta property=\"og:description\" content=\"Membrasin Vaginal Vitality Cream est une cr\u00e8me sans hormones qui soulage les sympt\u00f4mes dus \u00e0 la s\u00e9cheresse intime. Shop ici !\" \/>\n<meta property=\"og:url\" content=\"https:\/\/membrasin.be\/fr\/product\/membrasin-vaginal-vitality-cream-2-2\/\" \/>\n<meta property=\"og:site_name\" content=\"Membrasin\" \/>\n<meta property=\"article:publisher\" content=\"https:\/\/www.facebook.com\/MembrasinBE\" \/>\n<meta property=\"article:modified_time\" content=\"2025-04-10T11:56:42+00:00\" \/>\n<meta property=\"og:image\" content=\"https:\/\/membrasin.be\/wp-content\/uploads\/2021\/04\/Membrasin-Vaginal-vitality-cream-FR.png\" \/>\n\t<meta property=\"og:image:width\" content=\"513\" \/>\n\t<meta property=\"og:image:height\" content=\"418\" \/>\n\t<meta property=\"og:image:type\" content=\"image\/png\" \/>\n<meta name=\"twitter:card\" content=\"summary_large_image\" \/>\n<meta name=\"twitter:label1\" content=\"Dur\u00e9e de lecture estim\u00e9e\" \/>\n\t<meta name=\"twitter:data1\" content=\"1 minute\" \/>\n<script type=\"application\/ld+json\" class=\"yoast-schema-graph\">{\"@context\":\"https:\/\/schema.org\",\"@graph\":[{\"@type\":\"WebPage\",\"@id\":\"https:\/\/membrasin.be\/fr\/product\/membrasin-vaginal-vitality-cream-2-2\/\",\"url\":\"https:\/\/membrasin.be\/fr\/product\/membrasin-vaginal-vitality-cream-2-2\/\",\"name\":\"Membrasin Vaginal Vitality Cream - Membrasin avec baie d\u2019argousier\",\"isPartOf\":{\"@id\":\"https:\/\/membrasin.be\/nl\/#website\"},\"primaryImageOfPage\":{\"@id\":\"https:\/\/membrasin.be\/fr\/product\/membrasin-vaginal-vitality-cream-2-2\/#primaryimage\"},\"image\":{\"@id\":\"https:\/\/membrasin.be\/fr\/product\/membrasin-vaginal-vitality-cream-2-2\/#primaryimage\"},\"thumbnailUrl\":\"https:\/\/membrasin.be\/wp-content\/uploads\/2021\/04\/Membrasin-Vaginal-vitality-cream-FR.png\",\"datePublished\":\"2021-04-26T10:27:48+00:00\",\"dateModified\":\"2025-04-10T11:56:42+00:00\",\"description\":\"Membrasin Vaginal Vitality Cream est une cr\u00e8me sans hormones qui soulage les sympt\u00f4mes dus \u00e0 la s\u00e9cheresse intime. Shop ici !\",\"breadcrumb\":{\"@id\":\"https:\/\/membrasin.be\/fr\/product\/membrasin-vaginal-vitality-cream-2-2\/#breadcrumb\"},\"inLanguage\":\"fr-FR\",\"potentialAction\":[{\"@type\":\"ReadAction\",\"target\":[\"https:\/\/membrasin.be\/fr\/product\/membrasin-vaginal-vitality-cream-2-2\/\"]}]},{\"@type\":\"ImageObject\",\"inLanguage\":\"fr-FR\",\"@id\":\"https:\/\/membrasin.be\/fr\/product\/membrasin-vaginal-vitality-cream-2-2\/#primaryimage\",\"url\":\"https:\/\/membrasin.be\/wp-content\/uploads\/2021\/04\/Membrasin-Vaginal-vitality-cream-FR.png\",\"contentUrl\":\"https:\/\/membrasin.be\/wp-content\/uploads\/2021\/04\/Membrasin-Vaginal-vitality-cream-FR.png\",\"width\":513,\"height\":418,\"caption\":\"Membrasin Vaginal vitality cream\"},{\"@type\":\"BreadcrumbList\",\"@id\":\"https:\/\/membrasin.be\/fr\/product\/membrasin-vaginal-vitality-cream-2-2\/#breadcrumb\",\"itemListElement\":[{\"@type\":\"ListItem\",\"position\":1,\"name\":\"Home\",\"item\":\"https:\/\/membrasin.be\/fr\/\"},{\"@type\":\"ListItem\",\"position\":2,\"name\":\"Shop\",\"item\":\"https:\/\/membrasin.be\/nl\/shop\/\"},{\"@type\":\"ListItem\",\"position\":3,\"name\":\"Membrasin Vaginal Vitality Cream\"}]},{\"@type\":\"WebSite\",\"@id\":\"https:\/\/membrasin.be\/nl\/#website\",\"url\":\"https:\/\/membrasin.be\/nl\/\",\"name\":\"Membrasin\",\"description\":\"\",\"publisher\":{\"@id\":\"https:\/\/membrasin.be\/nl\/#organization\"},\"potentialAction\":[{\"@type\":\"SearchAction\",\"target\":{\"@type\":\"EntryPoint\",\"urlTemplate\":\"https:\/\/membrasin.be\/nl\/?s={search_term_string}\"},\"query-input\":{\"@type\":\"PropertyValueSpecification\",\"valueRequired\":true,\"valueName\":\"search_term_string\"}}],\"inLanguage\":\"fr-FR\"},{\"@type\":\"Organization\",\"@id\":\"https:\/\/membrasin.be\/nl\/#organization\",\"name\":\"Membrasin\",\"url\":\"https:\/\/membrasin.be\/nl\/\",\"logo\":{\"@type\":\"ImageObject\",\"inLanguage\":\"fr-FR\",\"@id\":\"https:\/\/membrasin.be\/nl\/#\/schema\/logo\/image\/\",\"url\":\"https:\/\/membrasin.be\/wp-content\/uploads\/2020\/09\/cropped-membrasin-logo-fr.png\",\"contentUrl\":\"https:\/\/membrasin.be\/wp-content\/uploads\/2020\/09\/cropped-membrasin-logo-fr.png\",\"width\":258,\"height\":49,\"caption\":\"Membrasin\"},\"image\":{\"@id\":\"https:\/\/membrasin.be\/nl\/#\/schema\/logo\/image\/\"},\"sameAs\":[\"https:\/\/www.facebook.com\/MembrasinBE\",\"https:\/\/www.instagram.com\/membrasinbe\"]}]}<\/script>\n<!-- \/ Yoast SEO plugin. -->","yoast_head_json":{"title":"Membrasin Vaginal Vitality Cream - Membrasin avec baie d\u2019argousier","description":"Membrasin Vaginal Vitality Cream est une cr\u00e8me sans hormones qui soulage les sympt\u00f4mes dus \u00e0 la s\u00e9cheresse intime. Shop ici !","robots":{"index":"index","follow":"follow","max-snippet":"max-snippet:-1","max-image-preview":"max-image-preview:large","max-video-preview":"max-video-preview:-1"},"canonical":"https:\/\/membrasin.be\/fr\/product\/membrasin-vaginal-vitality-cream-2-2\/","og_locale":"fr_FR","og_type":"article","og_title":"Membrasin Vaginal Vitality Cream - Membrasin avec baie d\u2019argousier","og_description":"Membrasin Vaginal Vitality Cream est une cr\u00e8me sans hormones qui soulage les sympt\u00f4mes dus \u00e0 la s\u00e9cheresse intime. Shop ici !","og_url":"https:\/\/membrasin.be\/fr\/product\/membrasin-vaginal-vitality-cream-2-2\/","og_site_name":"Membrasin","article_publisher":"https:\/\/www.facebook.com\/MembrasinBE","article_modified_time":"2025-04-10T11:56:42+00:00","og_image":[{"width":513,"height":418,"url":"https:\/\/membrasin.be\/wp-content\/uploads\/2021\/04\/Membrasin-Vaginal-vitality-cream-FR.png","type":"image\/png"}],"twitter_card":"summary_large_image","twitter_misc":{"Dur\u00e9e de lecture estim\u00e9e":"1 minute"},"schema":{"@context":"https:\/\/schema.org","@graph":[{"@type":"WebPage","@id":"https:\/\/membrasin.be\/fr\/product\/membrasin-vaginal-vitality-cream-2-2\/","url":"https:\/\/membrasin.be\/fr\/product\/membrasin-vaginal-vitality-cream-2-2\/","name":"Membrasin Vaginal Vitality Cream - Membrasin avec baie d\u2019argousier","isPartOf":{"@id":"https:\/\/membrasin.be\/nl\/#website"},"primaryImageOfPage":{"@id":"https:\/\/membrasin.be\/fr\/product\/membrasin-vaginal-vitality-cream-2-2\/#primaryimage"},"image":{"@id":"https:\/\/membrasin.be\/fr\/product\/membrasin-vaginal-vitality-cream-2-2\/#primaryimage"},"thumbnailUrl":"https:\/\/membrasin.be\/wp-content\/uploads\/2021\/04\/Membrasin-Vaginal-vitality-cream-FR.png","datePublished":"2021-04-26T10:27:48+00:00","dateModified":"2025-04-10T11:56:42+00:00","description":"Membrasin Vaginal Vitality Cream est une cr\u00e8me sans hormones qui soulage les sympt\u00f4mes dus \u00e0 la s\u00e9cheresse intime. Shop ici !","breadcrumb":{"@id":"https:\/\/membrasin.be\/fr\/product\/membrasin-vaginal-vitality-cream-2-2\/#breadcrumb"},"inLanguage":"fr-FR","potentialAction":[{"@type":"ReadAction","target":["https:\/\/membrasin.be\/fr\/product\/membrasin-vaginal-vitality-cream-2-2\/"]}]},{"@type":"ImageObject","inLanguage":"fr-FR","@id":"https:\/\/membrasin.be\/fr\/product\/membrasin-vaginal-vitality-cream-2-2\/#primaryimage","url":"https:\/\/membrasin.be\/wp-content\/uploads\/2021\/04\/Membrasin-Vaginal-vitality-cream-FR.png","contentUrl":"https:\/\/membrasin.be\/wp-content\/uploads\/2021\/04\/Membrasin-Vaginal-vitality-cream-FR.png","width":513,"height":418,"caption":"Membrasin Vaginal vitality cream"},{"@type":"BreadcrumbList","@id":"https:\/\/membrasin.be\/fr\/product\/membrasin-vaginal-vitality-cream-2-2\/#breadcrumb","itemListElement":[{"@type":"ListItem","position":1,"name":"Home","item":"https:\/\/membrasin.be\/fr\/"},{"@type":"ListItem","position":2,"name":"Shop","item":"https:\/\/membrasin.be\/nl\/shop\/"},{"@type":"ListItem","position":3,"name":"Membrasin Vaginal Vitality Cream"}]},{"@type":"WebSite","@id":"https:\/\/membrasin.be\/nl\/#website","url":"https:\/\/membrasin.be\/nl\/","name":"Membrasin","description":"","publisher":{"@id":"https:\/\/membrasin.be\/nl\/#organization"},"potentialAction":[{"@type":"SearchAction","target":{"@type":"EntryPoint","urlTemplate":"https:\/\/membrasin.be\/nl\/?s={search_term_string}"},"query-input":{"@type":"PropertyValueSpecification","valueRequired":true,"valueName":"search_term_string"}}],"inLanguage":"fr-FR"},{"@type":"Organization","@id":"https:\/\/membrasin.be\/nl\/#organization","name":"Membrasin","url":"https:\/\/membrasin.be\/nl\/","logo":{"@type":"ImageObject","inLanguage":"fr-FR","@id":"https:\/\/membrasin.be\/nl\/#\/schema\/logo\/image\/","url":"https:\/\/membrasin.be\/wp-content\/uploads\/2020\/09\/cropped-membrasin-logo-fr.png","contentUrl":"https:\/\/membrasin.be\/wp-content\/uploads\/2020\/09\/cropped-membrasin-logo-fr.png","width":258,"height":49,"caption":"Membrasin"},"image":{"@id":"https:\/\/membrasin.be\/nl\/#\/schema\/logo\/image\/"},"sameAs":["https:\/\/www.facebook.com\/MembrasinBE","https:\/\/www.instagram.com\/membrasinbe"]}]}},"_links":{"self":[{"href":"https:\/\/membrasin.be\/fr\/wp-json\/wp\/v2\/product\/1514","targetHints":{"allow":["GET"]}}],"collection":[{"href":"https:\/\/membrasin.be\/fr\/wp-json\/wp\/v2\/product"}],"about":[{"href":"https:\/\/membrasin.be\/fr\/wp-json\/wp\/v2\/types\/product"}],"wp:featuredmedia":[{"embeddable":true,"href":"https:\/\/membrasin.be\/fr\/wp-json\/wp\/v2\/media\/2147"}],"wp:attachment":[{"href":"https:\/\/membrasin.be\/fr\/wp-json\/wp\/v2\/media?parent=1514"}],"wp:term":[{"taxonomy":"product_brand","embeddable":true,"href":"https:\/\/membrasin.be\/fr\/wp-json\/wp\/v2\/product_brand?post=1514"},{"taxonomy":"product_cat","embeddable":true,"href":"https:\/\/membrasin.be\/fr\/wp-json\/wp\/v2\/product_cat?post=1514"},{"taxonomy":"product_tag","embeddable":true,"href":"https:\/\/membrasin.be\/fr\/wp-json\/wp\/v2\/product_tag?post=1514"}],"curies":[{"name":"wp","href":"https:\/\/api.w.org\/{rel}","templated":true}]}}