{"id":1421,"date":"2021-02-18T09:08:42","date_gmt":"2021-02-18T09:08:42","guid":{"rendered":"https:\/\/membrasin.be\/?page_id=1421"},"modified":"2024-04-22T10:43:36","modified_gmt":"2024-04-22T10:43:36","slug":"inschrijven-introductie-nieuw-membrasin-product","status":"publish","type":"page","link":"https:\/\/membrasin.be\/nl\/inschrijven-introductie-nieuw-membrasin-product\/","title":{"rendered":"Introductie nieuwe Membrasin-producten"},"content":{"rendered":"<div class=\"wpb-content-wrapper\"><p>[vc_row][vc_column][vc_empty_space][vc_custom_heading text=&#8221;Introduction aux nouveaux produits Membrasin&#8221; font_container=&#8221;tag:h1|text_align:left|color:%23e78800&#8243; use_theme_fonts=&#8221;yes&#8221; el_class=&#8221;font-h2&#8243;][vc_column_text css=&#8221;.vc_custom_1617177608141{padding-top: 20px !important;}&#8221;]Les yeux secs, la peau s\u00e8che et les muqueuses s\u00e8ches peuvent \u00eatre dus \u00e0 la m\u00e9nopause. Mais saviez-vous que la s\u00e9cheresse peut avoir d\u2019autres causes ? Rien n\u2019est aussi ennuyeux que des <a href=\"https:\/\/membrasin.be\/secheresse-oculaire\/?lang=fr\" target=\"_blank\" rel=\"noopener noreferrer\">yeux secs<\/a>, une <a href=\"https:\/\/membrasin.be\/peau-seche\/?lang=fr\" target=\"_blank\" rel=\"noopener noreferrer\">peau s\u00e8che<\/a> ou des <a href=\"https:\/\/membrasin.be\/muqueuses-seches\/?lang=fr\" target=\"_blank\" rel=\"noopener noreferrer\">muqueuses s\u00e8ches<\/a>. Fort heureusement, il existe une solution naturelle qui nourrit la peau et les muqueuses de l\u2019int\u00e9rieur.\u200b<\/p>\n<p>Membrasin\u00ae contient de l\u2019extrait d\u2019huile de baies d\u2019argousier SBA24\u00ae unique, pure et standardis\u00e9e. Depuis plus de 20 ans, Membrasin vient en aide aux femmes qui ont les yeux secs, les muqueuses s\u00e8ches ou la peau s\u00e8che. La gamme Membrasin s\u2019est r\u00e9cemment enrichie des dispositifs m\u00e9dicaux Vision Vitality Spray et Vaginal Vitality Cream.<\/p>\n<p>D\u00e9couvrez les nouveaux produits Membrasin ci-dessous\u00a0![\/vc_column_text][\/vc_column][\/vc_row][vc_row full_width=&#8221;stretch_row&#8221; css=&#8221;.vc_custom_1616671024056{background-color: #ffe2c4 !important;}&#8221;][vc_column][vc_row_inner][vc_column_inner width=&#8221;1\/4&#8243;][vc_single_image image=&#8221;1565&#8243; img_size=&#8221;medium&#8221;][\/vc_column_inner][vc_column_inner width=&#8221;1\/4&#8243;][vc_custom_heading text=&#8221;<b>Nouveau : Membrasin Vision Vitality Spray<\/b>&#8221; font_container=&#8221;tag:h2|font_size:25px|text_align:left|color:%23e78800&#8243; use_theme_fonts=&#8221;yes&#8221;][vc_column_text]Un spray dont il a \u00e9t\u00e9 cliniquement prouv\u00e9 qu\u2019il r\u00e9duit la s\u00e9cheresse oculaire. Il soulage les sympt\u00f4mes<br \/>\nde la s\u00e9cheresse oculaire et<br \/>\nhydrate et apaise la peau<br \/>\ndu contour des yeux.<br \/>\nFacile \u00e0 utiliser.[\/vc_column_text][vc_btn title=&#8221;Plus d\u2019infos sur le spray&#8221; color=&#8221;sandy-brown&#8221; link=&#8221;url:https%3A%2F%2Fmembrasin.be%2Fnl%2Fproduct%2Fvision-vitality-spray%2F|title:Membrasin%20Vision%20Vitality%20Spray|&#8221;][\/vc_column_inner][vc_column_inner width=&#8221;1\/4&#8243;][vc_single_image image=&#8221;1567&#8243; img_size=&#8221;medium&#8221;][\/vc_column_inner][vc_column_inner width=&#8221;1\/4&#8243; css=&#8221;.vc_custom_1616670845658{padding-left: -20px !important;}&#8221;][vc_custom_heading text=&#8221;<b>Nouveau : Membrasin Vaginal Vitality Cream<\/b>&#8221; font_container=&#8221;tag:h2|font_size:25px|text_align:left|color:%23e78800&#8243; use_theme_fonts=&#8221;yes&#8221;][vc_column_text]Une cr\u00e8me sans hormones qui soulage les sympt\u00f4mes dus \u00e0 la s\u00e9cheresse intime. Elle contient de l\u2019huile de baies d\u2019argousier et de l\u2019hyaluronate pour l\u2019hydratation ainsi que de l\u2019acide lactique pour maintenir un pH normal.[\/vc_column_text][vc_btn title=&#8221;Plus d\u2019infos sur la cr\u00e8me&#8221; color=&#8221;sandy-brown&#8221; link=&#8221;url:https%3A%2F%2Fmembrasin.be%2Fnl%2Fproduct%2Fvaginal-vitality-cream%2F|title:Membrasin%20Vaginal%20Vitality%20Cream|&#8221;][\/vc_column_inner][\/vc_row_inner][\/vc_column][\/vc_row]<\/p>\n<\/div>","protected":false},"excerpt":{"rendered":"<p>[vc_row][vc_column][vc_empty_space][vc_custom_heading text=&#8221;Introduction aux nouveaux produits Membrasin&#8221; font_container=&#8221;tag:h1|text_align:left|color:%23e78800&#8243; use_theme_fonts=&#8221;yes&#8221; el_class=&#8221;font-h2&#8243;][vc_column_text css=&#8221;.vc_custom_1617177608141{padding-top: 20px !important;}&#8221;]Les yeux secs, la peau s\u00e8che et les muqueuses s\u00e8ches peuvent \u00eatre dus \u00e0 la<span class=\"excerpt-hellip\"> [\u2026]<\/span><\/p>\n","protected":false},"author":5,"featured_media":0,"parent":0,"menu_order":0,"comment_status":"closed","ping_status":"closed","template":"","meta":{"inline_featured_image":false,"footnotes":""},"class_list":["post-1421","page","type-page","status-publish","hentry"],"yoast_head":"<!-- This site is optimized with the Yoast SEO plugin v26.3 - https:\/\/yoast.com\/wordpress\/plugins\/seo\/ -->\n<title>Nieuwe Membrasin-producten - Membrasin Spray &amp; Cream<\/title>\n<meta name=\"description\" content=\"Nieuwe Membrasin-producten: de medische hulpmiddelen Vision Vitality Spray en Vaginal Vitality Cream. Ontdek beide producten hier!\" \/>\n<meta name=\"robots\" content=\"index, follow, max-snippet:-1, max-image-preview:large, max-video-preview:-1\" \/>\n<link rel=\"canonical\" href=\"https:\/\/membrasin.be\/nl\/inschrijven-introductie-nieuw-membrasin-product\/\" \/>\n<meta property=\"og:locale\" content=\"nl_NL\" \/>\n<meta property=\"og:type\" content=\"article\" \/>\n<meta property=\"og:title\" content=\"Nieuwe Membrasin-producten - Membrasin Spray &amp; Cream\" \/>\n<meta property=\"og:description\" content=\"Nieuwe Membrasin-producten: de medische hulpmiddelen Vision Vitality Spray en Vaginal Vitality Cream. Ontdek beide producten hier!\" \/>\n<meta property=\"og:url\" content=\"https:\/\/membrasin.be\/nl\/inschrijven-introductie-nieuw-membrasin-product\/\" \/>\n<meta property=\"og:site_name\" content=\"Membrasin\" \/>\n<meta property=\"article:publisher\" content=\"https:\/\/www.facebook.com\/MembrasinBE\" \/>\n<meta property=\"article:modified_time\" content=\"2024-04-22T10:43:36+00:00\" \/>\n<meta name=\"twitter:card\" content=\"summary_large_image\" \/>\n<meta name=\"twitter:label1\" content=\"Geschatte leestijd\" \/>\n\t<meta name=\"twitter:data1\" content=\"2 minuten\" \/>\n<script type=\"application\/ld+json\" class=\"yoast-schema-graph\">{\"@context\":\"https:\/\/schema.org\",\"@graph\":[{\"@type\":\"WebPage\",\"@id\":\"https:\/\/membrasin.be\/nl\/inschrijven-introductie-nieuw-membrasin-product\/\",\"url\":\"https:\/\/membrasin.be\/nl\/inschrijven-introductie-nieuw-membrasin-product\/\",\"name\":\"Nieuwe Membrasin-producten - Membrasin Spray & Cream\",\"isPartOf\":{\"@id\":\"https:\/\/membrasin.be\/nl\/#website\"},\"datePublished\":\"2021-02-18T09:08:42+00:00\",\"dateModified\":\"2024-04-22T10:43:36+00:00\",\"description\":\"Nieuwe Membrasin-producten: de medische hulpmiddelen Vision Vitality Spray en Vaginal Vitality Cream. Ontdek beide producten hier!\",\"breadcrumb\":{\"@id\":\"https:\/\/membrasin.be\/nl\/inschrijven-introductie-nieuw-membrasin-product\/#breadcrumb\"},\"inLanguage\":\"nl-NL\",\"potentialAction\":[{\"@type\":\"ReadAction\",\"target\":[\"https:\/\/membrasin.be\/nl\/inschrijven-introductie-nieuw-membrasin-product\/\"]}]},{\"@type\":\"BreadcrumbList\",\"@id\":\"https:\/\/membrasin.be\/nl\/inschrijven-introductie-nieuw-membrasin-product\/#breadcrumb\",\"itemListElement\":[{\"@type\":\"ListItem\",\"position\":1,\"name\":\"Home\",\"item\":\"https:\/\/membrasin.be\/nl\/\"},{\"@type\":\"ListItem\",\"position\":2,\"name\":\"Introductie nieuwe Membrasin-producten\"}]},{\"@type\":\"WebSite\",\"@id\":\"https:\/\/membrasin.be\/nl\/#website\",\"url\":\"https:\/\/membrasin.be\/nl\/\",\"name\":\"Membrasin\",\"description\":\"\",\"publisher\":{\"@id\":\"https:\/\/membrasin.be\/nl\/#organization\"},\"potentialAction\":[{\"@type\":\"SearchAction\",\"target\":{\"@type\":\"EntryPoint\",\"urlTemplate\":\"https:\/\/membrasin.be\/nl\/?s={search_term_string}\"},\"query-input\":{\"@type\":\"PropertyValueSpecification\",\"valueRequired\":true,\"valueName\":\"search_term_string\"}}],\"inLanguage\":\"nl-NL\"},{\"@type\":\"Organization\",\"@id\":\"https:\/\/membrasin.be\/nl\/#organization\",\"name\":\"Membrasin\",\"url\":\"https:\/\/membrasin.be\/nl\/\",\"logo\":{\"@type\":\"ImageObject\",\"inLanguage\":\"nl-NL\",\"@id\":\"https:\/\/membrasin.be\/nl\/#\/schema\/logo\/image\/\",\"url\":\"https:\/\/membrasin.be\/wp-content\/uploads\/2020\/09\/cropped-membrasin-logo-fr.png\",\"contentUrl\":\"https:\/\/membrasin.be\/wp-content\/uploads\/2020\/09\/cropped-membrasin-logo-fr.png\",\"width\":258,\"height\":49,\"caption\":\"Membrasin\"},\"image\":{\"@id\":\"https:\/\/membrasin.be\/nl\/#\/schema\/logo\/image\/\"},\"sameAs\":[\"https:\/\/www.facebook.com\/MembrasinBE\",\"https:\/\/www.instagram.com\/membrasinbe\"]}]}<\/script>\n<!-- \/ Yoast SEO plugin. -->","yoast_head_json":{"title":"Nieuwe Membrasin-producten - Membrasin Spray & Cream","description":"Nieuwe Membrasin-producten: de medische hulpmiddelen Vision Vitality Spray en Vaginal Vitality Cream. Ontdek beide producten hier!","robots":{"index":"index","follow":"follow","max-snippet":"max-snippet:-1","max-image-preview":"max-image-preview:large","max-video-preview":"max-video-preview:-1"},"canonical":"https:\/\/membrasin.be\/nl\/inschrijven-introductie-nieuw-membrasin-product\/","og_locale":"nl_NL","og_type":"article","og_title":"Nieuwe Membrasin-producten - Membrasin Spray & Cream","og_description":"Nieuwe Membrasin-producten: de medische hulpmiddelen Vision Vitality Spray en Vaginal Vitality Cream. Ontdek beide producten hier!","og_url":"https:\/\/membrasin.be\/nl\/inschrijven-introductie-nieuw-membrasin-product\/","og_site_name":"Membrasin","article_publisher":"https:\/\/www.facebook.com\/MembrasinBE","article_modified_time":"2024-04-22T10:43:36+00:00","twitter_card":"summary_large_image","twitter_misc":{"Geschatte leestijd":"2 minuten"},"schema":{"@context":"https:\/\/schema.org","@graph":[{"@type":"WebPage","@id":"https:\/\/membrasin.be\/nl\/inschrijven-introductie-nieuw-membrasin-product\/","url":"https:\/\/membrasin.be\/nl\/inschrijven-introductie-nieuw-membrasin-product\/","name":"Nieuwe Membrasin-producten - Membrasin Spray & Cream","isPartOf":{"@id":"https:\/\/membrasin.be\/nl\/#website"},"datePublished":"2021-02-18T09:08:42+00:00","dateModified":"2024-04-22T10:43:36+00:00","description":"Nieuwe Membrasin-producten: de medische hulpmiddelen Vision Vitality Spray en Vaginal Vitality Cream. Ontdek beide producten hier!","breadcrumb":{"@id":"https:\/\/membrasin.be\/nl\/inschrijven-introductie-nieuw-membrasin-product\/#breadcrumb"},"inLanguage":"nl-NL","potentialAction":[{"@type":"ReadAction","target":["https:\/\/membrasin.be\/nl\/inschrijven-introductie-nieuw-membrasin-product\/"]}]},{"@type":"BreadcrumbList","@id":"https:\/\/membrasin.be\/nl\/inschrijven-introductie-nieuw-membrasin-product\/#breadcrumb","itemListElement":[{"@type":"ListItem","position":1,"name":"Home","item":"https:\/\/membrasin.be\/nl\/"},{"@type":"ListItem","position":2,"name":"Introductie nieuwe Membrasin-producten"}]},{"@type":"WebSite","@id":"https:\/\/membrasin.be\/nl\/#website","url":"https:\/\/membrasin.be\/nl\/","name":"Membrasin","description":"","publisher":{"@id":"https:\/\/membrasin.be\/nl\/#organization"},"potentialAction":[{"@type":"SearchAction","target":{"@type":"EntryPoint","urlTemplate":"https:\/\/membrasin.be\/nl\/?s={search_term_string}"},"query-input":{"@type":"PropertyValueSpecification","valueRequired":true,"valueName":"search_term_string"}}],"inLanguage":"nl-NL"},{"@type":"Organization","@id":"https:\/\/membrasin.be\/nl\/#organization","name":"Membrasin","url":"https:\/\/membrasin.be\/nl\/","logo":{"@type":"ImageObject","inLanguage":"nl-NL","@id":"https:\/\/membrasin.be\/nl\/#\/schema\/logo\/image\/","url":"https:\/\/membrasin.be\/wp-content\/uploads\/2020\/09\/cropped-membrasin-logo-fr.png","contentUrl":"https:\/\/membrasin.be\/wp-content\/uploads\/2020\/09\/cropped-membrasin-logo-fr.png","width":258,"height":49,"caption":"Membrasin"},"image":{"@id":"https:\/\/membrasin.be\/nl\/#\/schema\/logo\/image\/"},"sameAs":["https:\/\/www.facebook.com\/MembrasinBE","https:\/\/www.instagram.com\/membrasinbe"]}]}},"_links":{"self":[{"href":"https:\/\/membrasin.be\/nl\/wp-json\/wp\/v2\/pages\/1421","targetHints":{"allow":["GET"]}}],"collection":[{"href":"https:\/\/membrasin.be\/nl\/wp-json\/wp\/v2\/pages"}],"about":[{"href":"https:\/\/membrasin.be\/nl\/wp-json\/wp\/v2\/types\/page"}],"author":[{"embeddable":true,"href":"https:\/\/membrasin.be\/nl\/wp-json\/wp\/v2\/users\/5"}],"replies":[{"embeddable":true,"href":"https:\/\/membrasin.be\/nl\/wp-json\/wp\/v2\/comments?post=1421"}],"version-history":[{"count":13,"href":"https:\/\/membrasin.be\/nl\/wp-json\/wp\/v2\/pages\/1421\/revisions"}],"predecessor-version":[{"id":4894,"href":"https:\/\/membrasin.be\/nl\/wp-json\/wp\/v2\/pages\/1421\/revisions\/4894"}],"wp:attachment":[{"href":"https:\/\/membrasin.be\/nl\/wp-json\/wp\/v2\/media?parent=1421"}],"curies":[{"name":"wp","href":"https:\/\/api.w.org\/{rel}","templated":true}]}}